{"id":6192,"date":"2024-02-07T15:11:42","date_gmt":"2024-02-07T14:11:42","guid":{"rendered":"https:\/\/www.tamarindos.net\/engage-pour-lenvironnement\/"},"modified":"2025-03-20T17:07:35","modified_gmt":"2025-03-20T16:07:35","slug":"engage-pour-lenvironnement","status":"publish","type":"page","link":"https:\/\/www.tamarindos.net\/fr\/engage-pour-lenvironnement\/","title":{"rendered":"Engag\u00e9 pour l&rsquo;environnement !"},"content":{"rendered":"\n<h2 class=\"wp-block-heading\"><strong>Les Apartamentos Tamarindos s&rsquo;engagent \u00e0 <span>respecter l&rsquo;environnement<\/span> pour l&rsquo;avenir de notre plan\u00e8te.<\/strong><\/h2>\n\n<p><span style=\"font-weight: 400;\">Nous sommes une <strong>destination touristique<\/strong> engag\u00e9e en faveur de <strong>l&rsquo;environnement<\/strong>, des <strong>\u00e9conomies d&rsquo;\u00e9nergi<\/strong>e et de la <strong>durabilit\u00e9<\/strong>. Pour nous, il est essentiel que nos installations et nos services aient le plus faible impact possible sur l&rsquo;environnement et un haut niveau d&rsquo;efficacit\u00e9 \u00e9nerg\u00e9tique.<\/span><\/p>\n\n<p><span style=\"font-weight: 400;\">Chez Tamarindos, nous travaillons depuis des ann\u00e9es \u00e0 la protection de l&rsquo;environnement et \u00e0 la mise en \u0153uvre de mesures visant \u00e0 r\u00e9duire progressivement notre impact. Nous encourageons \u00e9galement nos clients \u00e0 utiliser nos installations et nos services de <strong>mani\u00e8re responsable<\/strong>, car nous avons besoin de leur coop\u00e9ration et de leur engagement.<\/span><\/p>\n\n<p><span style=\"font-weight: 400;\">Au fil du temps, nous avons \u00e9labor\u00e9 une s\u00e9rie d&rsquo;actions que nous menons en permanence et que nous mettons \u00e0 jour et d\u00e9veloppons ann\u00e9e apr\u00e8s ann\u00e9e.<\/span><\/p>\n","protected":false},"excerpt":{"rendered":"<p>Les Apartamentos Tamarindos s&rsquo;engagent \u00e0 respecter l&rsquo;environnement pour l&rsquo;avenir de notre plan\u00e8te. Nous sommes une destination touristique engag\u00e9e en faveur de l&rsquo;environnement, des \u00e9conomies d&rsquo;\u00e9nergie et de la durabilit\u00e9. Pour nous, il est essentiel que nos installations et nos services aient le plus faible impact possible sur l&rsquo;environnement et un haut niveau d&rsquo;efficacit\u00e9 \u00e9nerg\u00e9tique. Chez [&hellip;]<\/p>\n","protected":false},"author":3,"featured_media":0,"parent":0,"menu_order":0,"comment_status":"closed","ping_status":"closed","template":"page-comprometidos.php","meta":{"_acf_changed":false,"inline_featured_image":false,"_joinchat":[],"footnotes":""},"class_list":["post-6192","page","type-page","status-publish","hentry"],"acf":[],"yoast_head":"<!-- This site is optimized with the Yoast SEO plugin v27.2 - https:\/\/yoast.com\/product\/yoast-seo-wordpress\/ -->\n<title>Engag\u00e9 pour l&#039;environnement ! - Tamarindos<\/title>\n<meta name=\"description\" content=\"Nous sommes une destination touristique engag\u00e9e en faveur de l&#039;environnement, des \u00e9conomies d&#039;\u00e9nergie et de la durabilit\u00e9.\" \/>\n<meta name=\"robots\" content=\"index, follow, max-snippet:-1, max-image-preview:large, max-video-preview:-1\" \/>\n<link rel=\"canonical\" href=\"https:\/\/www.tamarindos.net\/fr\/engage-pour-lenvironnement\/\" \/>\n<meta property=\"og:locale\" content=\"fr_FR\" \/>\n<meta property=\"og:type\" content=\"article\" \/>\n<meta property=\"og:title\" content=\"Engag\u00e9 pour l&#039;environnement ! - Tamarindos\" \/>\n<meta property=\"og:description\" content=\"Nous sommes une destination touristique engag\u00e9e en faveur de l&#039;environnement, des \u00e9conomies d&#039;\u00e9nergie et de la durabilit\u00e9.\" \/>\n<meta property=\"og:url\" content=\"https:\/\/www.tamarindos.net\/fr\/engage-pour-lenvironnement\/\" \/>\n<meta property=\"og:site_name\" content=\"Tamarindos\" \/>\n<meta property=\"article:publisher\" content=\"https:\/\/www.facebook.com\/tamarindos.net\/\" \/>\n<meta property=\"article:modified_time\" content=\"2025-03-20T16:07:35+00:00\" \/>\n<meta name=\"twitter:card\" content=\"summary_large_image\" \/>\n<meta name=\"twitter:site\" content=\"@tamarindospe\" \/>\n<meta name=\"twitter:label1\" content=\"Dur\u00e9e de lecture estim\u00e9e\" \/>\n\t<meta name=\"twitter:data1\" content=\"1 minute\" \/>\n<script type=\"application\/ld+json\" class=\"yoast-schema-graph\">{\"@context\":\"https:\/\/schema.org\",\"@graph\":[{\"@type\":\"WebPage\",\"@id\":\"https:\/\/www.tamarindos.net\/fr\/engage-pour-lenvironnement\/\",\"url\":\"https:\/\/www.tamarindos.net\/fr\/engage-pour-lenvironnement\/\",\"name\":\"Engag\u00e9 pour l'environnement ! - Tamarindos\",\"isPartOf\":{\"@id\":\"https:\/\/www.tamarindos.net\/fr\/#website\"},\"datePublished\":\"2024-02-07T14:11:42+00:00\",\"dateModified\":\"2025-03-20T16:07:35+00:00\",\"description\":\"Nous sommes une destination touristique engag\u00e9e en faveur de l'environnement, des \u00e9conomies d'\u00e9nergie et de la durabilit\u00e9.\",\"breadcrumb\":{\"@id\":\"https:\/\/www.tamarindos.net\/fr\/engage-pour-lenvironnement\/#breadcrumb\"},\"inLanguage\":\"fr-FR\",\"potentialAction\":[{\"@type\":\"ReadAction\",\"target\":[\"https:\/\/www.tamarindos.net\/fr\/engage-pour-lenvironnement\/\"]}]},{\"@type\":\"BreadcrumbList\",\"@id\":\"https:\/\/www.tamarindos.net\/fr\/engage-pour-lenvironnement\/#breadcrumb\",\"itemListElement\":[{\"@type\":\"ListItem\",\"position\":1,\"name\":\"Inicio\",\"item\":\"https:\/\/www.tamarindos.net\/fr\/accueil\/\"},{\"@type\":\"ListItem\",\"position\":2,\"name\":\"Engag\u00e9 pour l&rsquo;environnement !\"}]},{\"@type\":\"WebSite\",\"@id\":\"https:\/\/www.tamarindos.net\/fr\/#website\",\"url\":\"https:\/\/www.tamarindos.net\/fr\/\",\"name\":\"Tamarindos\",\"description\":\"Apartamentos en Pe\u00f1\u00edscola\",\"publisher\":{\"@id\":\"https:\/\/www.tamarindos.net\/fr\/#organization\"},\"potentialAction\":[{\"@type\":\"SearchAction\",\"target\":{\"@type\":\"EntryPoint\",\"urlTemplate\":\"https:\/\/www.tamarindos.net\/fr\/?s={search_term_string}\"},\"query-input\":{\"@type\":\"PropertyValueSpecification\",\"valueRequired\":true,\"valueName\":\"search_term_string\"}}],\"inLanguage\":\"fr-FR\"},{\"@type\":\"Organization\",\"@id\":\"https:\/\/www.tamarindos.net\/fr\/#organization\",\"name\":\"TAMARINDOS PE\u00d1\u00cdSCOLA\",\"url\":\"https:\/\/www.tamarindos.net\/fr\/\",\"logo\":{\"@type\":\"ImageObject\",\"inLanguage\":\"fr-FR\",\"@id\":\"https:\/\/www.tamarindos.net\/fr\/#\/schema\/logo\/image\/\",\"url\":\"https:\/\/www.tamarindos.net\/wp-content\/uploads\/2019\/10\/A7B9714-compressor-e1571911709586.jpg\",\"contentUrl\":\"https:\/\/www.tamarindos.net\/wp-content\/uploads\/2019\/10\/A7B9714-compressor-e1571911709586.jpg\",\"width\":1024,\"height\":705,\"caption\":\"TAMARINDOS PE\u00d1\u00cdSCOLA\"},\"image\":{\"@id\":\"https:\/\/www.tamarindos.net\/fr\/#\/schema\/logo\/image\/\"},\"sameAs\":[\"https:\/\/www.facebook.com\/tamarindos.net\/\",\"https:\/\/x.com\/tamarindospe\",\"https:\/\/www.instagram.com\/apartamentos_tamarindos\/?hl=es\",\"https:\/\/www.youtube.com\/channel\/UCdzAK3I0CHxOUOFg4IIl76g\"]}]}<\/script>\n<!-- \/ Yoast SEO plugin. -->","yoast_head_json":{"title":"Engag\u00e9 pour l'environnement ! - Tamarindos","description":"Nous sommes une destination touristique engag\u00e9e en faveur de l'environnement, des \u00e9conomies d'\u00e9nergie et de la durabilit\u00e9.","robots":{"index":"index","follow":"follow","max-snippet":"max-snippet:-1","max-image-preview":"max-image-preview:large","max-video-preview":"max-video-preview:-1"},"canonical":"https:\/\/www.tamarindos.net\/fr\/engage-pour-lenvironnement\/","og_locale":"fr_FR","og_type":"article","og_title":"Engag\u00e9 pour l'environnement ! - Tamarindos","og_description":"Nous sommes une destination touristique engag\u00e9e en faveur de l'environnement, des \u00e9conomies d'\u00e9nergie et de la durabilit\u00e9.","og_url":"https:\/\/www.tamarindos.net\/fr\/engage-pour-lenvironnement\/","og_site_name":"Tamarindos","article_publisher":"https:\/\/www.facebook.com\/tamarindos.net\/","article_modified_time":"2025-03-20T16:07:35+00:00","twitter_card":"summary_large_image","twitter_site":"@tamarindospe","twitter_misc":{"Dur\u00e9e de lecture estim\u00e9e":"1 minute"},"schema":{"@context":"https:\/\/schema.org","@graph":[{"@type":"WebPage","@id":"https:\/\/www.tamarindos.net\/fr\/engage-pour-lenvironnement\/","url":"https:\/\/www.tamarindos.net\/fr\/engage-pour-lenvironnement\/","name":"Engag\u00e9 pour l'environnement ! - Tamarindos","isPartOf":{"@id":"https:\/\/www.tamarindos.net\/fr\/#website"},"datePublished":"2024-02-07T14:11:42+00:00","dateModified":"2025-03-20T16:07:35+00:00","description":"Nous sommes une destination touristique engag\u00e9e en faveur de l'environnement, des \u00e9conomies d'\u00e9nergie et de la durabilit\u00e9.","breadcrumb":{"@id":"https:\/\/www.tamarindos.net\/fr\/engage-pour-lenvironnement\/#breadcrumb"},"inLanguage":"fr-FR","potentialAction":[{"@type":"ReadAction","target":["https:\/\/www.tamarindos.net\/fr\/engage-pour-lenvironnement\/"]}]},{"@type":"BreadcrumbList","@id":"https:\/\/www.tamarindos.net\/fr\/engage-pour-lenvironnement\/#breadcrumb","itemListElement":[{"@type":"ListItem","position":1,"name":"Inicio","item":"https:\/\/www.tamarindos.net\/fr\/accueil\/"},{"@type":"ListItem","position":2,"name":"Engag\u00e9 pour l&rsquo;environnement !"}]},{"@type":"WebSite","@id":"https:\/\/www.tamarindos.net\/fr\/#website","url":"https:\/\/www.tamarindos.net\/fr\/","name":"Tamarindos","description":"Apartamentos en Pe\u00f1\u00edscola","publisher":{"@id":"https:\/\/www.tamarindos.net\/fr\/#organization"},"potentialAction":[{"@type":"SearchAction","target":{"@type":"EntryPoint","urlTemplate":"https:\/\/www.tamarindos.net\/fr\/?s={search_term_string}"},"query-input":{"@type":"PropertyValueSpecification","valueRequired":true,"valueName":"search_term_string"}}],"inLanguage":"fr-FR"},{"@type":"Organization","@id":"https:\/\/www.tamarindos.net\/fr\/#organization","name":"TAMARINDOS PE\u00d1\u00cdSCOLA","url":"https:\/\/www.tamarindos.net\/fr\/","logo":{"@type":"ImageObject","inLanguage":"fr-FR","@id":"https:\/\/www.tamarindos.net\/fr\/#\/schema\/logo\/image\/","url":"https:\/\/www.tamarindos.net\/wp-content\/uploads\/2019\/10\/A7B9714-compressor-e1571911709586.jpg","contentUrl":"https:\/\/www.tamarindos.net\/wp-content\/uploads\/2019\/10\/A7B9714-compressor-e1571911709586.jpg","width":1024,"height":705,"caption":"TAMARINDOS PE\u00d1\u00cdSCOLA"},"image":{"@id":"https:\/\/www.tamarindos.net\/fr\/#\/schema\/logo\/image\/"},"sameAs":["https:\/\/www.facebook.com\/tamarindos.net\/","https:\/\/x.com\/tamarindospe","https:\/\/www.instagram.com\/apartamentos_tamarindos\/?hl=es","https:\/\/www.youtube.com\/channel\/UCdzAK3I0CHxOUOFg4IIl76g"]}]}},"_links":{"self":[{"href":"https:\/\/www.tamarindos.net\/fr\/wp-json\/wp\/v2\/pages\/6192","targetHints":{"allow":["GET"]}}],"collection":[{"href":"https:\/\/www.tamarindos.net\/fr\/wp-json\/wp\/v2\/pages"}],"about":[{"href":"https:\/\/www.tamarindos.net\/fr\/wp-json\/wp\/v2\/types\/page"}],"author":[{"embeddable":true,"href":"https:\/\/www.tamarindos.net\/fr\/wp-json\/wp\/v2\/users\/3"}],"replies":[{"embeddable":true,"href":"https:\/\/www.tamarindos.net\/fr\/wp-json\/wp\/v2\/comments?post=6192"}],"version-history":[{"count":5,"href":"https:\/\/www.tamarindos.net\/fr\/wp-json\/wp\/v2\/pages\/6192\/revisions"}],"predecessor-version":[{"id":6637,"href":"https:\/\/www.tamarindos.net\/fr\/wp-json\/wp\/v2\/pages\/6192\/revisions\/6637"}],"wp:attachment":[{"href":"https:\/\/www.tamarindos.net\/fr\/wp-json\/wp\/v2\/media?parent=6192"}],"curies":[{"name":"wp","href":"https:\/\/api.w.org\/{rel}","templated":true}]}}