{"id":1181,"date":"2019-02-08T18:26:06","date_gmt":"2019-02-08T17:26:06","guid":{"rendered":"https:\/\/www.tamarindos.net\/tourisme-familial\/animaux-de-compagnie\/"},"modified":"2024-07-14T12:04:37","modified_gmt":"2024-07-14T10:04:37","slug":"animaux-de-compagnie","status":"publish","type":"page","link":"https:\/\/www.tamarindos.net\/fr\/tourisme-familial\/animaux-de-compagnie\/","title":{"rendered":"Animaux de compagnie"},"content":{"rendered":"<h2>Les animaux de compagnie sont les bienvenus !<\/h2>\n<p>De plus en plus de voyageurs aiment partager leurs vacances avec leurs animaux de compagnie et savent combien il est important de trouver un logement o\u00f9 leurs amis \u00e0 fourrure sont les bienvenus.<\/p>\n<p>Aux Apartamentos Tamarindos Pe\u00f1iscola, nous sommes ravis d&rsquo;accueillir vos animaux de compagnie !<\/p>\n<p>Nous voulons que vous puissiez partager vos vacances avec votre animal de compagnie, c&rsquo;est pourquoi nous sommes un \u00e9tablissement qui accepte les animaux de compagnie.<\/p>\n<p>\u00c0 850 m\u00e8tres de notre complexe, vous trouverez la plage du Barranquet, un endroit o\u00f9 vous pouvez vous rendre avec votre animal toute l&rsquo;ann\u00e9e. Il s&rsquo;agit d&rsquo;un espace clos d&rsquo;environ 300 m\u00e8tres de sable fin situ\u00e9 \u00e0 c\u00f4t\u00e9 de l&#8217;embouchure du Barranquet.<\/p>\n<p>De plus, si vous r\u00e9servez directement sur notre site, votre premier animal s\u00e9journe gratuitement.<\/p>\n<h3>Vous n&rsquo;avez plus d&rsquo;excuse pour ne pas venir avec votre animal !<\/h3>\n<p>Bien s\u00fbr, vous devez respecter la loi de l&rsquo;\u00c9tat, la loi de la communaut\u00e9, l&rsquo;ordonnance municipale de Pe\u00f1\u00edscola <a href=\"https:\/\/drive.google.com\/file\/d\/1BoNEgfOsyHCTmUNAMG7iH6pktRT-34Wf\/view?usp=sharing\">et nos propres r\u00e8gles.<\/a><\/p>\n<p>Aux Apartamentos Tamarindos, nous serons ravis de vous accueillir, vous et votre animal, afin que vous puissiez profiter pleinement de vos vacances.<\/p>\n<p>*Les chiens potentiellement dangereux ne sont pas autoris\u00e9s.<\/p>\n","protected":false},"excerpt":{"rendered":"<p>Les animaux de compagnie sont les bienvenus ! De plus en plus de voyageurs aiment partager leurs vacances avec leurs animaux de compagnie et savent combien il est important de trouver un logement o\u00f9 leurs amis \u00e0 fourrure sont les bienvenus. Aux Apartamentos Tamarindos Pe\u00f1iscola, nous sommes ravis d&rsquo;accueillir vos animaux de compagnie ! Nous [&hellip;]<\/p>\n","protected":false},"author":2,"featured_media":3584,"parent":1166,"menu_order":0,"comment_status":"closed","ping_status":"closed","template":"page-mascotas.php","meta":{"_acf_changed":false,"inline_featured_image":false,"_joinchat":[],"footnotes":""},"class_list":["post-1181","page","type-page","status-publish","has-post-thumbnail","hentry"],"acf":[],"yoast_head":"<!-- This site is optimized with the Yoast SEO plugin v27.2 - https:\/\/yoast.com\/product\/yoast-seo-wordpress\/ -->\n<title>Animaux de compagnie - Tamarindos<\/title>\n<meta name=\"robots\" content=\"index, follow, max-snippet:-1, max-image-preview:large, max-video-preview:-1\" \/>\n<link rel=\"canonical\" href=\"https:\/\/www.tamarindos.net\/fr\/tourisme-familial\/animaux-de-compagnie\/\" \/>\n<meta property=\"og:locale\" content=\"fr_FR\" \/>\n<meta property=\"og:type\" content=\"article\" \/>\n<meta property=\"og:title\" content=\"Animaux de compagnie - Tamarindos\" \/>\n<meta property=\"og:description\" content=\"Les animaux de compagnie sont les bienvenus ! De plus en plus de voyageurs aiment partager leurs vacances avec leurs animaux de compagnie et savent combien il est important de trouver un logement o\u00f9 leurs amis \u00e0 fourrure sont les bienvenus. Aux Apartamentos Tamarindos Pe\u00f1iscola, nous sommes ravis d&rsquo;accueillir vos animaux de compagnie ! Nous [&hellip;]\" \/>\n<meta property=\"og:url\" content=\"https:\/\/www.tamarindos.net\/fr\/tourisme-familial\/animaux-de-compagnie\/\" \/>\n<meta property=\"og:site_name\" content=\"Tamarindos\" \/>\n<meta property=\"article:publisher\" content=\"https:\/\/www.facebook.com\/tamarindos.net\/\" \/>\n<meta property=\"article:modified_time\" content=\"2024-07-14T10:04:37+00:00\" \/>\n<meta property=\"og:image\" content=\"https:\/\/www.tamarindos.net\/wp-content\/uploads\/2019\/11\/IMAGEN.jpg\" \/>\n\t<meta property=\"og:image:width\" content=\"1200\" \/>\n\t<meta property=\"og:image:height\" content=\"628\" \/>\n\t<meta property=\"og:image:type\" content=\"image\/jpeg\" \/>\n<meta name=\"twitter:card\" content=\"summary_large_image\" \/>\n<meta name=\"twitter:site\" content=\"@tamarindospe\" \/>\n<meta name=\"twitter:label1\" content=\"Dur\u00e9e de lecture estim\u00e9e\" \/>\n\t<meta name=\"twitter:data1\" content=\"1 minute\" \/>\n<script type=\"application\/ld+json\" class=\"yoast-schema-graph\">{\"@context\":\"https:\/\/schema.org\",\"@graph\":[{\"@type\":\"WebPage\",\"@id\":\"https:\/\/www.tamarindos.net\/fr\/tourisme-familial\/animaux-de-compagnie\/\",\"url\":\"https:\/\/www.tamarindos.net\/fr\/tourisme-familial\/animaux-de-compagnie\/\",\"name\":\"Animaux de compagnie - Tamarindos\",\"isPartOf\":{\"@id\":\"https:\/\/www.tamarindos.net\/fr\/#website\"},\"primaryImageOfPage\":{\"@id\":\"https:\/\/www.tamarindos.net\/fr\/tourisme-familial\/animaux-de-compagnie\/#primaryimage\"},\"image\":{\"@id\":\"https:\/\/www.tamarindos.net\/fr\/tourisme-familial\/animaux-de-compagnie\/#primaryimage\"},\"thumbnailUrl\":\"https:\/\/www.tamarindos.net\/wp-content\/uploads\/2019\/11\/IMAGEN.jpg\",\"datePublished\":\"2019-02-08T17:26:06+00:00\",\"dateModified\":\"2024-07-14T10:04:37+00:00\",\"breadcrumb\":{\"@id\":\"https:\/\/www.tamarindos.net\/fr\/tourisme-familial\/animaux-de-compagnie\/#breadcrumb\"},\"inLanguage\":\"fr-FR\",\"potentialAction\":[{\"@type\":\"ReadAction\",\"target\":[\"https:\/\/www.tamarindos.net\/fr\/tourisme-familial\/animaux-de-compagnie\/\"]}]},{\"@type\":\"ImageObject\",\"inLanguage\":\"fr-FR\",\"@id\":\"https:\/\/www.tamarindos.net\/fr\/tourisme-familial\/animaux-de-compagnie\/#primaryimage\",\"url\":\"https:\/\/www.tamarindos.net\/wp-content\/uploads\/2019\/11\/IMAGEN.jpg\",\"contentUrl\":\"https:\/\/www.tamarindos.net\/wp-content\/uploads\/2019\/11\/IMAGEN.jpg\",\"width\":1200,\"height\":628,\"caption\":\"Mascotas\"},{\"@type\":\"BreadcrumbList\",\"@id\":\"https:\/\/www.tamarindos.net\/fr\/tourisme-familial\/animaux-de-compagnie\/#breadcrumb\",\"itemListElement\":[{\"@type\":\"ListItem\",\"position\":1,\"name\":\"Inicio\",\"item\":\"https:\/\/www.tamarindos.net\/fr\/accueil\/\"},{\"@type\":\"ListItem\",\"position\":2,\"name\":\"Tourisme familial\",\"item\":\"https:\/\/www.tamarindos.net\/fr\/tourisme-familial\/\"},{\"@type\":\"ListItem\",\"position\":3,\"name\":\"Animaux de compagnie\"}]},{\"@type\":\"WebSite\",\"@id\":\"https:\/\/www.tamarindos.net\/fr\/#website\",\"url\":\"https:\/\/www.tamarindos.net\/fr\/\",\"name\":\"Tamarindos\",\"description\":\"Apartamentos en Pe\u00f1\u00edscola\",\"publisher\":{\"@id\":\"https:\/\/www.tamarindos.net\/fr\/#organization\"},\"potentialAction\":[{\"@type\":\"SearchAction\",\"target\":{\"@type\":\"EntryPoint\",\"urlTemplate\":\"https:\/\/www.tamarindos.net\/fr\/?s={search_term_string}\"},\"query-input\":{\"@type\":\"PropertyValueSpecification\",\"valueRequired\":true,\"valueName\":\"search_term_string\"}}],\"inLanguage\":\"fr-FR\"},{\"@type\":\"Organization\",\"@id\":\"https:\/\/www.tamarindos.net\/fr\/#organization\",\"name\":\"TAMARINDOS PE\u00d1\u00cdSCOLA\",\"url\":\"https:\/\/www.tamarindos.net\/fr\/\",\"logo\":{\"@type\":\"ImageObject\",\"inLanguage\":\"fr-FR\",\"@id\":\"https:\/\/www.tamarindos.net\/fr\/#\/schema\/logo\/image\/\",\"url\":\"https:\/\/www.tamarindos.net\/wp-content\/uploads\/2019\/10\/A7B9714-compressor-e1571911709586.jpg\",\"contentUrl\":\"https:\/\/www.tamarindos.net\/wp-content\/uploads\/2019\/10\/A7B9714-compressor-e1571911709586.jpg\",\"width\":1024,\"height\":705,\"caption\":\"TAMARINDOS PE\u00d1\u00cdSCOLA\"},\"image\":{\"@id\":\"https:\/\/www.tamarindos.net\/fr\/#\/schema\/logo\/image\/\"},\"sameAs\":[\"https:\/\/www.facebook.com\/tamarindos.net\/\",\"https:\/\/x.com\/tamarindospe\",\"https:\/\/www.instagram.com\/apartamentos_tamarindos\/?hl=es\",\"https:\/\/www.youtube.com\/channel\/UCdzAK3I0CHxOUOFg4IIl76g\"]}]}<\/script>\n<!-- \/ Yoast SEO plugin. -->","yoast_head_json":{"title":"Animaux de compagnie - Tamarindos","robots":{"index":"index","follow":"follow","max-snippet":"max-snippet:-1","max-image-preview":"max-image-preview:large","max-video-preview":"max-video-preview:-1"},"canonical":"https:\/\/www.tamarindos.net\/fr\/tourisme-familial\/animaux-de-compagnie\/","og_locale":"fr_FR","og_type":"article","og_title":"Animaux de compagnie - Tamarindos","og_description":"Les animaux de compagnie sont les bienvenus ! De plus en plus de voyageurs aiment partager leurs vacances avec leurs animaux de compagnie et savent combien il est important de trouver un logement o\u00f9 leurs amis \u00e0 fourrure sont les bienvenus. Aux Apartamentos Tamarindos Pe\u00f1iscola, nous sommes ravis d&rsquo;accueillir vos animaux de compagnie ! Nous [&hellip;]","og_url":"https:\/\/www.tamarindos.net\/fr\/tourisme-familial\/animaux-de-compagnie\/","og_site_name":"Tamarindos","article_publisher":"https:\/\/www.facebook.com\/tamarindos.net\/","article_modified_time":"2024-07-14T10:04:37+00:00","og_image":[{"width":1200,"height":628,"url":"https:\/\/www.tamarindos.net\/wp-content\/uploads\/2019\/11\/IMAGEN.jpg","type":"image\/jpeg"}],"twitter_card":"summary_large_image","twitter_site":"@tamarindospe","twitter_misc":{"Dur\u00e9e de lecture estim\u00e9e":"1 minute"},"schema":{"@context":"https:\/\/schema.org","@graph":[{"@type":"WebPage","@id":"https:\/\/www.tamarindos.net\/fr\/tourisme-familial\/animaux-de-compagnie\/","url":"https:\/\/www.tamarindos.net\/fr\/tourisme-familial\/animaux-de-compagnie\/","name":"Animaux de compagnie - Tamarindos","isPartOf":{"@id":"https:\/\/www.tamarindos.net\/fr\/#website"},"primaryImageOfPage":{"@id":"https:\/\/www.tamarindos.net\/fr\/tourisme-familial\/animaux-de-compagnie\/#primaryimage"},"image":{"@id":"https:\/\/www.tamarindos.net\/fr\/tourisme-familial\/animaux-de-compagnie\/#primaryimage"},"thumbnailUrl":"https:\/\/www.tamarindos.net\/wp-content\/uploads\/2019\/11\/IMAGEN.jpg","datePublished":"2019-02-08T17:26:06+00:00","dateModified":"2024-07-14T10:04:37+00:00","breadcrumb":{"@id":"https:\/\/www.tamarindos.net\/fr\/tourisme-familial\/animaux-de-compagnie\/#breadcrumb"},"inLanguage":"fr-FR","potentialAction":[{"@type":"ReadAction","target":["https:\/\/www.tamarindos.net\/fr\/tourisme-familial\/animaux-de-compagnie\/"]}]},{"@type":"ImageObject","inLanguage":"fr-FR","@id":"https:\/\/www.tamarindos.net\/fr\/tourisme-familial\/animaux-de-compagnie\/#primaryimage","url":"https:\/\/www.tamarindos.net\/wp-content\/uploads\/2019\/11\/IMAGEN.jpg","contentUrl":"https:\/\/www.tamarindos.net\/wp-content\/uploads\/2019\/11\/IMAGEN.jpg","width":1200,"height":628,"caption":"Mascotas"},{"@type":"BreadcrumbList","@id":"https:\/\/www.tamarindos.net\/fr\/tourisme-familial\/animaux-de-compagnie\/#breadcrumb","itemListElement":[{"@type":"ListItem","position":1,"name":"Inicio","item":"https:\/\/www.tamarindos.net\/fr\/accueil\/"},{"@type":"ListItem","position":2,"name":"Tourisme familial","item":"https:\/\/www.tamarindos.net\/fr\/tourisme-familial\/"},{"@type":"ListItem","position":3,"name":"Animaux de compagnie"}]},{"@type":"WebSite","@id":"https:\/\/www.tamarindos.net\/fr\/#website","url":"https:\/\/www.tamarindos.net\/fr\/","name":"Tamarindos","description":"Apartamentos en Pe\u00f1\u00edscola","publisher":{"@id":"https:\/\/www.tamarindos.net\/fr\/#organization"},"potentialAction":[{"@type":"SearchAction","target":{"@type":"EntryPoint","urlTemplate":"https:\/\/www.tamarindos.net\/fr\/?s={search_term_string}"},"query-input":{"@type":"PropertyValueSpecification","valueRequired":true,"valueName":"search_term_string"}}],"inLanguage":"fr-FR"},{"@type":"Organization","@id":"https:\/\/www.tamarindos.net\/fr\/#organization","name":"TAMARINDOS PE\u00d1\u00cdSCOLA","url":"https:\/\/www.tamarindos.net\/fr\/","logo":{"@type":"ImageObject","inLanguage":"fr-FR","@id":"https:\/\/www.tamarindos.net\/fr\/#\/schema\/logo\/image\/","url":"https:\/\/www.tamarindos.net\/wp-content\/uploads\/2019\/10\/A7B9714-compressor-e1571911709586.jpg","contentUrl":"https:\/\/www.tamarindos.net\/wp-content\/uploads\/2019\/10\/A7B9714-compressor-e1571911709586.jpg","width":1024,"height":705,"caption":"TAMARINDOS PE\u00d1\u00cdSCOLA"},"image":{"@id":"https:\/\/www.tamarindos.net\/fr\/#\/schema\/logo\/image\/"},"sameAs":["https:\/\/www.facebook.com\/tamarindos.net\/","https:\/\/x.com\/tamarindospe","https:\/\/www.instagram.com\/apartamentos_tamarindos\/?hl=es","https:\/\/www.youtube.com\/channel\/UCdzAK3I0CHxOUOFg4IIl76g"]}]}},"_links":{"self":[{"href":"https:\/\/www.tamarindos.net\/fr\/wp-json\/wp\/v2\/pages\/1181","targetHints":{"allow":["GET"]}}],"collection":[{"href":"https:\/\/www.tamarindos.net\/fr\/wp-json\/wp\/v2\/pages"}],"about":[{"href":"https:\/\/www.tamarindos.net\/fr\/wp-json\/wp\/v2\/types\/page"}],"author":[{"embeddable":true,"href":"https:\/\/www.tamarindos.net\/fr\/wp-json\/wp\/v2\/users\/2"}],"replies":[{"embeddable":true,"href":"https:\/\/www.tamarindos.net\/fr\/wp-json\/wp\/v2\/comments?post=1181"}],"version-history":[{"count":6,"href":"https:\/\/www.tamarindos.net\/fr\/wp-json\/wp\/v2\/pages\/1181\/revisions"}],"predecessor-version":[{"id":5925,"href":"https:\/\/www.tamarindos.net\/fr\/wp-json\/wp\/v2\/pages\/1181\/revisions\/5925"}],"up":[{"embeddable":true,"href":"https:\/\/www.tamarindos.net\/fr\/wp-json\/wp\/v2\/pages\/1166"}],"wp:featuredmedia":[{"embeddable":true,"href":"https:\/\/www.tamarindos.net\/fr\/wp-json\/wp\/v2\/media\/3584"}],"wp:attachment":[{"href":"https:\/\/www.tamarindos.net\/fr\/wp-json\/wp\/v2\/media?parent=1181"}],"curies":[{"name":"wp","href":"https:\/\/api.w.org\/{rel}","templated":true}]}}