{"id":1172,"date":"2019-02-08T18:13:39","date_gmt":"2019-02-08T17:13:39","guid":{"rendered":"https:\/\/www.tamarindos.net\/tourisme-familial\/animation\/"},"modified":"2026-02-19T18:23:00","modified_gmt":"2026-02-19T17:23:00","slug":"animation","status":"publish","type":"page","link":"https:\/\/www.tamarindos.net\/fr\/tourisme-familial\/animation\/","title":{"rendered":"Animation in Tamarindos"},"content":{"rendered":"<h2 style=\"text-align: center;\">Une attention particuli\u00e8re pour les enfants<\/h2>\n<p style=\"text-align: center;\">L&rsquo;attention particuli\u00e8re port\u00e9e aux enfants dans une zone ferm\u00e9e de pr\u00e8s de 10 000 m2 avec seulement 55 appartements fait des Apartamentos Tamarindos la meilleure option pour le tourisme familial \u00e0 Pe\u00f1\u00edscola.<\/p>\n<p style=\"text-align: center;\">Vous pouvez en voir plus dans cette <a href=\"https:\/\/www.youtube.com\/watch?v=Pqw6oy3Q-KI\">vid\u00e9o<\/a> !<\/p>\n<p style=\"text-align: center;\">Nos divertissements sont innovants et inclusifs car nous proposons des activit\u00e9s soigneusement pr\u00e9par\u00e9es pour r\u00e9pondre aux besoins d&rsquo;un large \u00e9ventail d&rsquo;\u00e2ges.<\/p>\n<h3 style=\"text-align: center;\">Des activit\u00e9s pour tous les \u00e2ges<\/h3>\n<p style=\"text-align: center;\">Les activit\u00e9s sont con\u00e7ues pour les enfants de 3 \u00e0 16 ans. Cependant, de nombreux adultes participent avec enthousiasme \u00e0 notre ludoth\u00e8que en d\u00e9couvrant nos \u00e9tonnants jeux de soci\u00e9t\u00e9.<\/p>\n","protected":false},"excerpt":{"rendered":"<p>Une attention particuli\u00e8re pour les enfants L&rsquo;attention particuli\u00e8re port\u00e9e aux enfants dans une zone ferm\u00e9e de pr\u00e8s de 10 000 m2 avec seulement 55 appartements fait des Apartamentos Tamarindos la meilleure option pour le tourisme familial \u00e0 Pe\u00f1\u00edscola. Vous pouvez en voir plus dans cette vid\u00e9o ! Nos divertissements sont innovants et inclusifs car nous [&hellip;]<\/p>\n","protected":false},"author":2,"featured_media":4168,"parent":1166,"menu_order":0,"comment_status":"closed","ping_status":"closed","template":"page-animacion.php","meta":{"_acf_changed":false,"inline_featured_image":false,"_joinchat":[],"footnotes":""},"class_list":["post-1172","page","type-page","status-publish","has-post-thumbnail","hentry"],"acf":[],"yoast_head":"<!-- This site is optimized with the Yoast SEO plugin v27.2 - https:\/\/yoast.com\/product\/yoast-seo-wordpress\/ -->\n<title>Animation in Tamarindos - Tamarindos<\/title>\n<meta name=\"description\" content=\"Notre animation est innovatrice et inclusive puisque nous offrons des activit\u00e9s pr\u00e9par\u00e9es pour r\u00e9pondre aux besoins d&#039;un large \u00e9ventail d&#039;\u00e2ges.\" \/>\n<meta name=\"robots\" content=\"index, follow, max-snippet:-1, max-image-preview:large, max-video-preview:-1\" \/>\n<link rel=\"canonical\" href=\"https:\/\/www.tamarindos.net\/fr\/tourisme-familial\/animation\/\" \/>\n<meta property=\"og:locale\" content=\"fr_FR\" \/>\n<meta property=\"og:type\" content=\"article\" \/>\n<meta property=\"og:title\" content=\"Animation in Tamarindos - Tamarindos\" \/>\n<meta property=\"og:description\" content=\"Notre animation est innovatrice et inclusive puisque nous offrons des activit\u00e9s pr\u00e9par\u00e9es pour r\u00e9pondre aux besoins d&#039;un large \u00e9ventail d&#039;\u00e2ges.\" \/>\n<meta property=\"og:url\" content=\"https:\/\/www.tamarindos.net\/fr\/tourisme-familial\/animation\/\" \/>\n<meta property=\"og:site_name\" content=\"Tamarindos\" \/>\n<meta property=\"article:publisher\" content=\"https:\/\/www.facebook.com\/tamarindos.net\/\" \/>\n<meta property=\"article:modified_time\" content=\"2026-02-19T17:23:00+00:00\" \/>\n<meta property=\"og:image\" content=\"https:\/\/www.tamarindos.net\/wp-content\/uploads\/2020\/02\/IMG_3114.jpg\" \/>\n\t<meta property=\"og:image:width\" content=\"2560\" \/>\n\t<meta property=\"og:image:height\" content=\"1862\" \/>\n\t<meta property=\"og:image:type\" content=\"image\/jpeg\" \/>\n<meta name=\"twitter:card\" content=\"summary_large_image\" \/>\n<meta name=\"twitter:site\" content=\"@tamarindospe\" \/>\n<meta name=\"twitter:label1\" content=\"Dur\u00e9e de lecture estim\u00e9e\" \/>\n\t<meta name=\"twitter:data1\" content=\"4 minutes\" \/>\n<script type=\"application\/ld+json\" class=\"yoast-schema-graph\">{\"@context\":\"https:\/\/schema.org\",\"@graph\":[{\"@type\":\"WebPage\",\"@id\":\"https:\/\/www.tamarindos.net\/fr\/tourisme-familial\/animation\/\",\"url\":\"https:\/\/www.tamarindos.net\/fr\/tourisme-familial\/animation\/\",\"name\":\"Animation in Tamarindos - Tamarindos\",\"isPartOf\":{\"@id\":\"https:\/\/www.tamarindos.net\/fr\/#website\"},\"primaryImageOfPage\":{\"@id\":\"https:\/\/www.tamarindos.net\/fr\/tourisme-familial\/animation\/#primaryimage\"},\"image\":{\"@id\":\"https:\/\/www.tamarindos.net\/fr\/tourisme-familial\/animation\/#primaryimage\"},\"thumbnailUrl\":\"https:\/\/www.tamarindos.net\/wp-content\/uploads\/2020\/02\/IMG_3114.jpg\",\"datePublished\":\"2019-02-08T17:13:39+00:00\",\"dateModified\":\"2026-02-19T17:23:00+00:00\",\"description\":\"Notre animation est innovatrice et inclusive puisque nous offrons des activit\u00e9s pr\u00e9par\u00e9es pour r\u00e9pondre aux besoins d'un large \u00e9ventail d'\u00e2ges.\",\"breadcrumb\":{\"@id\":\"https:\/\/www.tamarindos.net\/fr\/tourisme-familial\/animation\/#breadcrumb\"},\"inLanguage\":\"fr-FR\",\"potentialAction\":[{\"@type\":\"ReadAction\",\"target\":[\"https:\/\/www.tamarindos.net\/fr\/tourisme-familial\/animation\/\"]}]},{\"@type\":\"ImageObject\",\"inLanguage\":\"fr-FR\",\"@id\":\"https:\/\/www.tamarindos.net\/fr\/tourisme-familial\/animation\/#primaryimage\",\"url\":\"https:\/\/www.tamarindos.net\/wp-content\/uploads\/2020\/02\/IMG_3114.jpg\",\"contentUrl\":\"https:\/\/www.tamarindos.net\/wp-content\/uploads\/2020\/02\/IMG_3114.jpg\",\"width\":2560,\"height\":1862},{\"@type\":\"BreadcrumbList\",\"@id\":\"https:\/\/www.tamarindos.net\/fr\/tourisme-familial\/animation\/#breadcrumb\",\"itemListElement\":[{\"@type\":\"ListItem\",\"position\":1,\"name\":\"Inicio\",\"item\":\"https:\/\/www.tamarindos.net\/fr\/accueil\/\"},{\"@type\":\"ListItem\",\"position\":2,\"name\":\"Tourisme familial\",\"item\":\"https:\/\/www.tamarindos.net\/fr\/tourisme-familial\/\"},{\"@type\":\"ListItem\",\"position\":3,\"name\":\"Animation in Tamarindos\"}]},{\"@type\":\"WebSite\",\"@id\":\"https:\/\/www.tamarindos.net\/fr\/#website\",\"url\":\"https:\/\/www.tamarindos.net\/fr\/\",\"name\":\"Tamarindos\",\"description\":\"Apartamentos en Pe\u00f1\u00edscola\",\"publisher\":{\"@id\":\"https:\/\/www.tamarindos.net\/fr\/#organization\"},\"potentialAction\":[{\"@type\":\"SearchAction\",\"target\":{\"@type\":\"EntryPoint\",\"urlTemplate\":\"https:\/\/www.tamarindos.net\/fr\/?s={search_term_string}\"},\"query-input\":{\"@type\":\"PropertyValueSpecification\",\"valueRequired\":true,\"valueName\":\"search_term_string\"}}],\"inLanguage\":\"fr-FR\"},{\"@type\":\"Organization\",\"@id\":\"https:\/\/www.tamarindos.net\/fr\/#organization\",\"name\":\"TAMARINDOS PE\u00d1\u00cdSCOLA\",\"url\":\"https:\/\/www.tamarindos.net\/fr\/\",\"logo\":{\"@type\":\"ImageObject\",\"inLanguage\":\"fr-FR\",\"@id\":\"https:\/\/www.tamarindos.net\/fr\/#\/schema\/logo\/image\/\",\"url\":\"https:\/\/www.tamarindos.net\/wp-content\/uploads\/2019\/10\/A7B9714-compressor-e1571911709586.jpg\",\"contentUrl\":\"https:\/\/www.tamarindos.net\/wp-content\/uploads\/2019\/10\/A7B9714-compressor-e1571911709586.jpg\",\"width\":1024,\"height\":705,\"caption\":\"TAMARINDOS PE\u00d1\u00cdSCOLA\"},\"image\":{\"@id\":\"https:\/\/www.tamarindos.net\/fr\/#\/schema\/logo\/image\/\"},\"sameAs\":[\"https:\/\/www.facebook.com\/tamarindos.net\/\",\"https:\/\/x.com\/tamarindospe\",\"https:\/\/www.instagram.com\/apartamentos_tamarindos\/?hl=es\",\"https:\/\/www.youtube.com\/channel\/UCdzAK3I0CHxOUOFg4IIl76g\"]}]}<\/script>\n<!-- \/ Yoast SEO plugin. -->","yoast_head_json":{"title":"Animation in Tamarindos - Tamarindos","description":"Notre animation est innovatrice et inclusive puisque nous offrons des activit\u00e9s pr\u00e9par\u00e9es pour r\u00e9pondre aux besoins d'un large \u00e9ventail d'\u00e2ges.","robots":{"index":"index","follow":"follow","max-snippet":"max-snippet:-1","max-image-preview":"max-image-preview:large","max-video-preview":"max-video-preview:-1"},"canonical":"https:\/\/www.tamarindos.net\/fr\/tourisme-familial\/animation\/","og_locale":"fr_FR","og_type":"article","og_title":"Animation in Tamarindos - Tamarindos","og_description":"Notre animation est innovatrice et inclusive puisque nous offrons des activit\u00e9s pr\u00e9par\u00e9es pour r\u00e9pondre aux besoins d'un large \u00e9ventail d'\u00e2ges.","og_url":"https:\/\/www.tamarindos.net\/fr\/tourisme-familial\/animation\/","og_site_name":"Tamarindos","article_publisher":"https:\/\/www.facebook.com\/tamarindos.net\/","article_modified_time":"2026-02-19T17:23:00+00:00","og_image":[{"width":2560,"height":1862,"url":"https:\/\/www.tamarindos.net\/wp-content\/uploads\/2020\/02\/IMG_3114.jpg","type":"image\/jpeg"}],"twitter_card":"summary_large_image","twitter_site":"@tamarindospe","twitter_misc":{"Dur\u00e9e de lecture estim\u00e9e":"4 minutes"},"schema":{"@context":"https:\/\/schema.org","@graph":[{"@type":"WebPage","@id":"https:\/\/www.tamarindos.net\/fr\/tourisme-familial\/animation\/","url":"https:\/\/www.tamarindos.net\/fr\/tourisme-familial\/animation\/","name":"Animation in Tamarindos - Tamarindos","isPartOf":{"@id":"https:\/\/www.tamarindos.net\/fr\/#website"},"primaryImageOfPage":{"@id":"https:\/\/www.tamarindos.net\/fr\/tourisme-familial\/animation\/#primaryimage"},"image":{"@id":"https:\/\/www.tamarindos.net\/fr\/tourisme-familial\/animation\/#primaryimage"},"thumbnailUrl":"https:\/\/www.tamarindos.net\/wp-content\/uploads\/2020\/02\/IMG_3114.jpg","datePublished":"2019-02-08T17:13:39+00:00","dateModified":"2026-02-19T17:23:00+00:00","description":"Notre animation est innovatrice et inclusive puisque nous offrons des activit\u00e9s pr\u00e9par\u00e9es pour r\u00e9pondre aux besoins d'un large \u00e9ventail d'\u00e2ges.","breadcrumb":{"@id":"https:\/\/www.tamarindos.net\/fr\/tourisme-familial\/animation\/#breadcrumb"},"inLanguage":"fr-FR","potentialAction":[{"@type":"ReadAction","target":["https:\/\/www.tamarindos.net\/fr\/tourisme-familial\/animation\/"]}]},{"@type":"ImageObject","inLanguage":"fr-FR","@id":"https:\/\/www.tamarindos.net\/fr\/tourisme-familial\/animation\/#primaryimage","url":"https:\/\/www.tamarindos.net\/wp-content\/uploads\/2020\/02\/IMG_3114.jpg","contentUrl":"https:\/\/www.tamarindos.net\/wp-content\/uploads\/2020\/02\/IMG_3114.jpg","width":2560,"height":1862},{"@type":"BreadcrumbList","@id":"https:\/\/www.tamarindos.net\/fr\/tourisme-familial\/animation\/#breadcrumb","itemListElement":[{"@type":"ListItem","position":1,"name":"Inicio","item":"https:\/\/www.tamarindos.net\/fr\/accueil\/"},{"@type":"ListItem","position":2,"name":"Tourisme familial","item":"https:\/\/www.tamarindos.net\/fr\/tourisme-familial\/"},{"@type":"ListItem","position":3,"name":"Animation in Tamarindos"}]},{"@type":"WebSite","@id":"https:\/\/www.tamarindos.net\/fr\/#website","url":"https:\/\/www.tamarindos.net\/fr\/","name":"Tamarindos","description":"Apartamentos en Pe\u00f1\u00edscola","publisher":{"@id":"https:\/\/www.tamarindos.net\/fr\/#organization"},"potentialAction":[{"@type":"SearchAction","target":{"@type":"EntryPoint","urlTemplate":"https:\/\/www.tamarindos.net\/fr\/?s={search_term_string}"},"query-input":{"@type":"PropertyValueSpecification","valueRequired":true,"valueName":"search_term_string"}}],"inLanguage":"fr-FR"},{"@type":"Organization","@id":"https:\/\/www.tamarindos.net\/fr\/#organization","name":"TAMARINDOS PE\u00d1\u00cdSCOLA","url":"https:\/\/www.tamarindos.net\/fr\/","logo":{"@type":"ImageObject","inLanguage":"fr-FR","@id":"https:\/\/www.tamarindos.net\/fr\/#\/schema\/logo\/image\/","url":"https:\/\/www.tamarindos.net\/wp-content\/uploads\/2019\/10\/A7B9714-compressor-e1571911709586.jpg","contentUrl":"https:\/\/www.tamarindos.net\/wp-content\/uploads\/2019\/10\/A7B9714-compressor-e1571911709586.jpg","width":1024,"height":705,"caption":"TAMARINDOS PE\u00d1\u00cdSCOLA"},"image":{"@id":"https:\/\/www.tamarindos.net\/fr\/#\/schema\/logo\/image\/"},"sameAs":["https:\/\/www.facebook.com\/tamarindos.net\/","https:\/\/x.com\/tamarindospe","https:\/\/www.instagram.com\/apartamentos_tamarindos\/?hl=es","https:\/\/www.youtube.com\/channel\/UCdzAK3I0CHxOUOFg4IIl76g"]}]}},"_links":{"self":[{"href":"https:\/\/www.tamarindos.net\/fr\/wp-json\/wp\/v2\/pages\/1172","targetHints":{"allow":["GET"]}}],"collection":[{"href":"https:\/\/www.tamarindos.net\/fr\/wp-json\/wp\/v2\/pages"}],"about":[{"href":"https:\/\/www.tamarindos.net\/fr\/wp-json\/wp\/v2\/types\/page"}],"author":[{"embeddable":true,"href":"https:\/\/www.tamarindos.net\/fr\/wp-json\/wp\/v2\/users\/2"}],"replies":[{"embeddable":true,"href":"https:\/\/www.tamarindos.net\/fr\/wp-json\/wp\/v2\/comments?post=1172"}],"version-history":[{"count":13,"href":"https:\/\/www.tamarindos.net\/fr\/wp-json\/wp\/v2\/pages\/1172\/revisions"}],"predecessor-version":[{"id":8654,"href":"https:\/\/www.tamarindos.net\/fr\/wp-json\/wp\/v2\/pages\/1172\/revisions\/8654"}],"up":[{"embeddable":true,"href":"https:\/\/www.tamarindos.net\/fr\/wp-json\/wp\/v2\/pages\/1166"}],"wp:featuredmedia":[{"embeddable":true,"href":"https:\/\/www.tamarindos.net\/fr\/wp-json\/wp\/v2\/media\/4168"}],"wp:attachment":[{"href":"https:\/\/www.tamarindos.net\/fr\/wp-json\/wp\/v2\/media?parent=1172"}],"curies":[{"name":"wp","href":"https:\/\/api.w.org\/{rel}","templated":true}]}}