{"id":1167,"date":"2019-02-08T17:25:32","date_gmt":"2019-02-08T16:25:32","guid":{"rendered":"https:\/\/www.tamarindos.net\/tourisme-familial\/activites-a-proximite\/"},"modified":"2025-03-20T17:24:45","modified_gmt":"2025-03-20T16:24:45","slug":"activites-a-proximite","status":"publish","type":"page","link":"https:\/\/www.tamarindos.net\/fr\/tourisme-familial\/activites-a-proximite\/","title":{"rendered":"Activit\u00e9s dans le domaine de l&rsquo;environnement"},"content":{"rendered":"<h2>Que voir pr\u00e8s des appartements Tamarindos ?<\/h2>\n<p>Bien que la plupart du temps, il est difficile pour les enfants de vouloir quitter Tamarindos, nous avons de nombreuses propositions d&rsquo;activit\u00e9s autour. Pr\u00e8s de Pe\u00f1\u00edscola, vous pouvez faire de nombreuses activit\u00e9s en famille et visiter de charmants villages. Excursions, paddle surf, cours de voile, bapt\u00eame de plong\u00e9e et bien plus encore !<\/p>\n<p>Nous avons pr\u00e9par\u00e9 une <a href=\"https:\/\/www.youtube.com\/watch?v=ahQENMO4YoM\">vid\u00e9o<\/a> pour vous permettre de mieux conna\u00eetre notre environnement !<\/p>\n","protected":false},"excerpt":{"rendered":"<p>Que voir pr\u00e8s des appartements Tamarindos ? Bien que la plupart du temps, il est difficile pour les enfants de vouloir quitter Tamarindos, nous avons de nombreuses propositions d&rsquo;activit\u00e9s autour. Pr\u00e8s de Pe\u00f1\u00edscola, vous pouvez faire de nombreuses activit\u00e9s en famille et visiter de charmants villages. Excursions, paddle surf, cours de voile, bapt\u00eame de plong\u00e9e [&hellip;]<\/p>\n","protected":false},"author":2,"featured_media":4211,"parent":1166,"menu_order":0,"comment_status":"closed","ping_status":"closed","template":"page-entorno.php","meta":{"_acf_changed":false,"inline_featured_image":false,"_joinchat":[],"footnotes":""},"class_list":["post-1167","page","type-page","status-publish","has-post-thumbnail","hentry"],"acf":[],"yoast_head":"<!-- This site is optimized with the Yoast SEO plugin v27.2 - https:\/\/yoast.com\/product\/yoast-seo-wordpress\/ -->\n<title>Activit\u00e9s dans le domaine de l&#039;environnement - Tamarindos<\/title>\n<meta name=\"description\" content=\"Nous avons de nombreuses propositions d&#039;activit\u00e9s pour l&#039;environnement qui peuvent \u00eatre r\u00e9alis\u00e9es en famille dans les environs ! Excursions, cours de voile...\" \/>\n<meta name=\"robots\" content=\"index, follow, max-snippet:-1, max-image-preview:large, max-video-preview:-1\" \/>\n<link rel=\"canonical\" href=\"https:\/\/www.tamarindos.net\/fr\/tourisme-familial\/activites-a-proximite\/\" \/>\n<meta property=\"og:locale\" content=\"fr_FR\" \/>\n<meta property=\"og:type\" content=\"article\" \/>\n<meta property=\"og:title\" content=\"Activit\u00e9s dans le domaine de l&#039;environnement - Tamarindos\" \/>\n<meta property=\"og:description\" content=\"Nous avons de nombreuses propositions d&#039;activit\u00e9s pour l&#039;environnement qui peuvent \u00eatre r\u00e9alis\u00e9es en famille dans les environs ! Excursions, cours de voile...\" \/>\n<meta property=\"og:url\" content=\"https:\/\/www.tamarindos.net\/fr\/tourisme-familial\/activites-a-proximite\/\" \/>\n<meta property=\"og:site_name\" content=\"Tamarindos\" \/>\n<meta property=\"article:publisher\" content=\"https:\/\/www.facebook.com\/tamarindos.net\/\" \/>\n<meta property=\"article:modified_time\" content=\"2025-03-20T16:24:45+00:00\" \/>\n<meta property=\"og:image\" content=\"https:\/\/www.tamarindos.net\/wp-content\/uploads\/2020\/02\/Pe\u00f1\u00edscola.jpg\" \/>\n\t<meta property=\"og:image:width\" content=\"2560\" \/>\n\t<meta property=\"og:image:height\" content=\"1777\" \/>\n\t<meta property=\"og:image:type\" content=\"image\/jpeg\" \/>\n<meta name=\"twitter:card\" content=\"summary_large_image\" \/>\n<meta name=\"twitter:site\" content=\"@tamarindospe\" \/>\n<script type=\"application\/ld+json\" class=\"yoast-schema-graph\">{\"@context\":\"https:\/\/schema.org\",\"@graph\":[{\"@type\":\"WebPage\",\"@id\":\"https:\/\/www.tamarindos.net\/fr\/tourisme-familial\/activites-a-proximite\/\",\"url\":\"https:\/\/www.tamarindos.net\/fr\/tourisme-familial\/activites-a-proximite\/\",\"name\":\"Activit\u00e9s dans le domaine de l'environnement - Tamarindos\",\"isPartOf\":{\"@id\":\"https:\/\/www.tamarindos.net\/fr\/#website\"},\"primaryImageOfPage\":{\"@id\":\"https:\/\/www.tamarindos.net\/fr\/tourisme-familial\/activites-a-proximite\/#primaryimage\"},\"image\":{\"@id\":\"https:\/\/www.tamarindos.net\/fr\/tourisme-familial\/activites-a-proximite\/#primaryimage\"},\"thumbnailUrl\":\"https:\/\/www.tamarindos.net\/wp-content\/uploads\/2020\/02\/Pe\u00f1\u00edscola.jpg\",\"datePublished\":\"2019-02-08T16:25:32+00:00\",\"dateModified\":\"2025-03-20T16:24:45+00:00\",\"description\":\"Nous avons de nombreuses propositions d'activit\u00e9s pour l'environnement qui peuvent \u00eatre r\u00e9alis\u00e9es en famille dans les environs ! Excursions, cours de voile...\",\"breadcrumb\":{\"@id\":\"https:\/\/www.tamarindos.net\/fr\/tourisme-familial\/activites-a-proximite\/#breadcrumb\"},\"inLanguage\":\"fr-FR\",\"potentialAction\":[{\"@type\":\"ReadAction\",\"target\":[\"https:\/\/www.tamarindos.net\/fr\/tourisme-familial\/activites-a-proximite\/\"]}]},{\"@type\":\"ImageObject\",\"inLanguage\":\"fr-FR\",\"@id\":\"https:\/\/www.tamarindos.net\/fr\/tourisme-familial\/activites-a-proximite\/#primaryimage\",\"url\":\"https:\/\/www.tamarindos.net\/wp-content\/uploads\/2020\/02\/Pe\u00f1\u00edscola.jpg\",\"contentUrl\":\"https:\/\/www.tamarindos.net\/wp-content\/uploads\/2020\/02\/Pe\u00f1\u00edscola.jpg\",\"width\":2560,\"height\":1777,\"caption\":\"Playa\"},{\"@type\":\"BreadcrumbList\",\"@id\":\"https:\/\/www.tamarindos.net\/fr\/tourisme-familial\/activites-a-proximite\/#breadcrumb\",\"itemListElement\":[{\"@type\":\"ListItem\",\"position\":1,\"name\":\"Inicio\",\"item\":\"https:\/\/www.tamarindos.net\/fr\/accueil\/\"},{\"@type\":\"ListItem\",\"position\":2,\"name\":\"Tourisme familial\",\"item\":\"https:\/\/www.tamarindos.net\/fr\/tourisme-familial\/\"},{\"@type\":\"ListItem\",\"position\":3,\"name\":\"Activit\u00e9s dans le domaine de l&#8217;environnement\"}]},{\"@type\":\"WebSite\",\"@id\":\"https:\/\/www.tamarindos.net\/fr\/#website\",\"url\":\"https:\/\/www.tamarindos.net\/fr\/\",\"name\":\"Tamarindos\",\"description\":\"Apartamentos en Pe\u00f1\u00edscola\",\"publisher\":{\"@id\":\"https:\/\/www.tamarindos.net\/fr\/#organization\"},\"potentialAction\":[{\"@type\":\"SearchAction\",\"target\":{\"@type\":\"EntryPoint\",\"urlTemplate\":\"https:\/\/www.tamarindos.net\/fr\/?s={search_term_string}\"},\"query-input\":{\"@type\":\"PropertyValueSpecification\",\"valueRequired\":true,\"valueName\":\"search_term_string\"}}],\"inLanguage\":\"fr-FR\"},{\"@type\":\"Organization\",\"@id\":\"https:\/\/www.tamarindos.net\/fr\/#organization\",\"name\":\"TAMARINDOS PE\u00d1\u00cdSCOLA\",\"url\":\"https:\/\/www.tamarindos.net\/fr\/\",\"logo\":{\"@type\":\"ImageObject\",\"inLanguage\":\"fr-FR\",\"@id\":\"https:\/\/www.tamarindos.net\/fr\/#\/schema\/logo\/image\/\",\"url\":\"https:\/\/www.tamarindos.net\/wp-content\/uploads\/2019\/10\/A7B9714-compressor-e1571911709586.jpg\",\"contentUrl\":\"https:\/\/www.tamarindos.net\/wp-content\/uploads\/2019\/10\/A7B9714-compressor-e1571911709586.jpg\",\"width\":1024,\"height\":705,\"caption\":\"TAMARINDOS PE\u00d1\u00cdSCOLA\"},\"image\":{\"@id\":\"https:\/\/www.tamarindos.net\/fr\/#\/schema\/logo\/image\/\"},\"sameAs\":[\"https:\/\/www.facebook.com\/tamarindos.net\/\",\"https:\/\/x.com\/tamarindospe\",\"https:\/\/www.instagram.com\/apartamentos_tamarindos\/?hl=es\",\"https:\/\/www.youtube.com\/channel\/UCdzAK3I0CHxOUOFg4IIl76g\"]}]}<\/script>\n<!-- \/ Yoast SEO plugin. -->","yoast_head_json":{"title":"Activit\u00e9s dans le domaine de l'environnement - Tamarindos","description":"Nous avons de nombreuses propositions d'activit\u00e9s pour l'environnement qui peuvent \u00eatre r\u00e9alis\u00e9es en famille dans les environs ! Excursions, cours de voile...","robots":{"index":"index","follow":"follow","max-snippet":"max-snippet:-1","max-image-preview":"max-image-preview:large","max-video-preview":"max-video-preview:-1"},"canonical":"https:\/\/www.tamarindos.net\/fr\/tourisme-familial\/activites-a-proximite\/","og_locale":"fr_FR","og_type":"article","og_title":"Activit\u00e9s dans le domaine de l'environnement - Tamarindos","og_description":"Nous avons de nombreuses propositions d'activit\u00e9s pour l'environnement qui peuvent \u00eatre r\u00e9alis\u00e9es en famille dans les environs ! Excursions, cours de voile...","og_url":"https:\/\/www.tamarindos.net\/fr\/tourisme-familial\/activites-a-proximite\/","og_site_name":"Tamarindos","article_publisher":"https:\/\/www.facebook.com\/tamarindos.net\/","article_modified_time":"2025-03-20T16:24:45+00:00","og_image":[{"width":2560,"height":1777,"url":"https:\/\/www.tamarindos.net\/wp-content\/uploads\/2020\/02\/Pe\u00f1\u00edscola.jpg","type":"image\/jpeg"}],"twitter_card":"summary_large_image","twitter_site":"@tamarindospe","schema":{"@context":"https:\/\/schema.org","@graph":[{"@type":"WebPage","@id":"https:\/\/www.tamarindos.net\/fr\/tourisme-familial\/activites-a-proximite\/","url":"https:\/\/www.tamarindos.net\/fr\/tourisme-familial\/activites-a-proximite\/","name":"Activit\u00e9s dans le domaine de l'environnement - Tamarindos","isPartOf":{"@id":"https:\/\/www.tamarindos.net\/fr\/#website"},"primaryImageOfPage":{"@id":"https:\/\/www.tamarindos.net\/fr\/tourisme-familial\/activites-a-proximite\/#primaryimage"},"image":{"@id":"https:\/\/www.tamarindos.net\/fr\/tourisme-familial\/activites-a-proximite\/#primaryimage"},"thumbnailUrl":"https:\/\/www.tamarindos.net\/wp-content\/uploads\/2020\/02\/Pe\u00f1\u00edscola.jpg","datePublished":"2019-02-08T16:25:32+00:00","dateModified":"2025-03-20T16:24:45+00:00","description":"Nous avons de nombreuses propositions d'activit\u00e9s pour l'environnement qui peuvent \u00eatre r\u00e9alis\u00e9es en famille dans les environs ! Excursions, cours de voile...","breadcrumb":{"@id":"https:\/\/www.tamarindos.net\/fr\/tourisme-familial\/activites-a-proximite\/#breadcrumb"},"inLanguage":"fr-FR","potentialAction":[{"@type":"ReadAction","target":["https:\/\/www.tamarindos.net\/fr\/tourisme-familial\/activites-a-proximite\/"]}]},{"@type":"ImageObject","inLanguage":"fr-FR","@id":"https:\/\/www.tamarindos.net\/fr\/tourisme-familial\/activites-a-proximite\/#primaryimage","url":"https:\/\/www.tamarindos.net\/wp-content\/uploads\/2020\/02\/Pe\u00f1\u00edscola.jpg","contentUrl":"https:\/\/www.tamarindos.net\/wp-content\/uploads\/2020\/02\/Pe\u00f1\u00edscola.jpg","width":2560,"height":1777,"caption":"Playa"},{"@type":"BreadcrumbList","@id":"https:\/\/www.tamarindos.net\/fr\/tourisme-familial\/activites-a-proximite\/#breadcrumb","itemListElement":[{"@type":"ListItem","position":1,"name":"Inicio","item":"https:\/\/www.tamarindos.net\/fr\/accueil\/"},{"@type":"ListItem","position":2,"name":"Tourisme familial","item":"https:\/\/www.tamarindos.net\/fr\/tourisme-familial\/"},{"@type":"ListItem","position":3,"name":"Activit\u00e9s dans le domaine de l&#8217;environnement"}]},{"@type":"WebSite","@id":"https:\/\/www.tamarindos.net\/fr\/#website","url":"https:\/\/www.tamarindos.net\/fr\/","name":"Tamarindos","description":"Apartamentos en Pe\u00f1\u00edscola","publisher":{"@id":"https:\/\/www.tamarindos.net\/fr\/#organization"},"potentialAction":[{"@type":"SearchAction","target":{"@type":"EntryPoint","urlTemplate":"https:\/\/www.tamarindos.net\/fr\/?s={search_term_string}"},"query-input":{"@type":"PropertyValueSpecification","valueRequired":true,"valueName":"search_term_string"}}],"inLanguage":"fr-FR"},{"@type":"Organization","@id":"https:\/\/www.tamarindos.net\/fr\/#organization","name":"TAMARINDOS PE\u00d1\u00cdSCOLA","url":"https:\/\/www.tamarindos.net\/fr\/","logo":{"@type":"ImageObject","inLanguage":"fr-FR","@id":"https:\/\/www.tamarindos.net\/fr\/#\/schema\/logo\/image\/","url":"https:\/\/www.tamarindos.net\/wp-content\/uploads\/2019\/10\/A7B9714-compressor-e1571911709586.jpg","contentUrl":"https:\/\/www.tamarindos.net\/wp-content\/uploads\/2019\/10\/A7B9714-compressor-e1571911709586.jpg","width":1024,"height":705,"caption":"TAMARINDOS PE\u00d1\u00cdSCOLA"},"image":{"@id":"https:\/\/www.tamarindos.net\/fr\/#\/schema\/logo\/image\/"},"sameAs":["https:\/\/www.facebook.com\/tamarindos.net\/","https:\/\/x.com\/tamarindospe","https:\/\/www.instagram.com\/apartamentos_tamarindos\/?hl=es","https:\/\/www.youtube.com\/channel\/UCdzAK3I0CHxOUOFg4IIl76g"]}]}},"_links":{"self":[{"href":"https:\/\/www.tamarindos.net\/fr\/wp-json\/wp\/v2\/pages\/1167","targetHints":{"allow":["GET"]}}],"collection":[{"href":"https:\/\/www.tamarindos.net\/fr\/wp-json\/wp\/v2\/pages"}],"about":[{"href":"https:\/\/www.tamarindos.net\/fr\/wp-json\/wp\/v2\/types\/page"}],"author":[{"embeddable":true,"href":"https:\/\/www.tamarindos.net\/fr\/wp-json\/wp\/v2\/users\/2"}],"replies":[{"embeddable":true,"href":"https:\/\/www.tamarindos.net\/fr\/wp-json\/wp\/v2\/comments?post=1167"}],"version-history":[{"count":5,"href":"https:\/\/www.tamarindos.net\/fr\/wp-json\/wp\/v2\/pages\/1167\/revisions"}],"predecessor-version":[{"id":4945,"href":"https:\/\/www.tamarindos.net\/fr\/wp-json\/wp\/v2\/pages\/1167\/revisions\/4945"}],"up":[{"embeddable":true,"href":"https:\/\/www.tamarindos.net\/fr\/wp-json\/wp\/v2\/pages\/1166"}],"wp:featuredmedia":[{"embeddable":true,"href":"https:\/\/www.tamarindos.net\/fr\/wp-json\/wp\/v2\/media\/4211"}],"wp:attachment":[{"href":"https:\/\/www.tamarindos.net\/fr\/wp-json\/wp\/v2\/media?parent=1167"}],"curies":[{"name":"wp","href":"https:\/\/api.w.org\/{rel}","templated":true}]}}