{"id":1161,"date":"2019-02-08T17:19:02","date_gmt":"2019-02-08T16:19:02","guid":{"rendered":"https:\/\/www.tamarindos.net\/services\/aire-de-loisirs\/"},"modified":"2025-09-25T16:01:16","modified_gmt":"2025-09-25T14:01:16","slug":"aire-de-loisirs","status":"publish","type":"page","link":"https:\/\/www.tamarindos.net\/fr\/services\/aire-de-loisirs\/","title":{"rendered":"Aire de loisirs"},"content":{"rendered":"\n<p>NOUS AIMONS JOUER !<\/p>\n\n<p>Tamarindos a r\u00e9serv\u00e9 quelques places pour les plus curieux !<\/p>\n\n<p><strong>2 Tables de ping-pong :<\/strong><\/p>\n\n<p>N&rsquo;oubliez pas d&rsquo;apporter vos raquettes ou demandez-les au bar ou \u00e0 la r\u00e9ception. Les tournois de ping-pong les plus c\u00e9l\u00e8bres de Pe\u00f1\u00edscola ont lieu chaque semaine en \u00e9t\u00e9 \u00e0 l&rsquo;Apartamentos Tamarindos.<\/p>\n\n<p>Inscrivez-vous \u00e0 l&rsquo;animation et montrez vos talents !<\/p>\n\n<p><strong>Billard :<\/strong><\/p>\n\n<p>De la derni\u00e8re semaine de juin \u00e0 la premi\u00e8re semaine de septiembre.<\/p>\n\n<p><strong>Et pour les plus petits&#8230; Aire de jeux :<\/strong><\/p>\n\n<p>Une aire de jeux strat\u00e9giquement situ\u00e9e pour pouvoir surveiller les enfants. Un espace \u00e9galement destin\u00e9 \u00e0 certaines activit\u00e9s d&rsquo;animation.<\/p>\n","protected":false},"excerpt":{"rendered":"<p>NOUS AIMONS JOUER ! Tamarindos a r\u00e9serv\u00e9 quelques places pour les plus curieux ! 2 Tables de ping-pong : N&rsquo;oubliez pas d&rsquo;apporter vos raquettes ou demandez-les au bar ou \u00e0 la r\u00e9ception. Les tournois de ping-pong les plus c\u00e9l\u00e8bres de Pe\u00f1\u00edscola ont lieu chaque semaine en \u00e9t\u00e9 \u00e0 l&rsquo;Apartamentos Tamarindos. Inscrivez-vous \u00e0 l&rsquo;animation et montrez [&hellip;]<\/p>\n","protected":false},"author":2,"featured_media":1165,"parent":1072,"menu_order":0,"comment_status":"closed","ping_status":"closed","template":"page-servicios.php","meta":{"_acf_changed":false,"inline_featured_image":false,"_joinchat":[],"footnotes":""},"class_list":["post-1161","page","type-page","status-publish","has-post-thumbnail","hentry"],"acf":[],"yoast_head":"<!-- This site is optimized with the Yoast SEO plugin v27.2 - https:\/\/yoast.com\/product\/yoast-seo-wordpress\/ -->\n<title>Aire de loisirs - Tamarindos<\/title>\n<meta name=\"description\" content=\"Bien que nous sachions d\u00e9j\u00e0 que le meilleur sport en vacances est le repos, Tamarindos a r\u00e9serv\u00e9 une zone ludique pour les plus agit\u00e9s !\" \/>\n<meta name=\"robots\" content=\"index, follow, max-snippet:-1, max-image-preview:large, max-video-preview:-1\" \/>\n<link rel=\"canonical\" href=\"https:\/\/www.tamarindos.net\/fr\/services\/aire-de-loisirs\/\" \/>\n<meta property=\"og:locale\" content=\"fr_FR\" \/>\n<meta property=\"og:type\" content=\"article\" \/>\n<meta property=\"og:title\" content=\"Aire de loisirs - Tamarindos\" \/>\n<meta property=\"og:description\" content=\"Bien que nous sachions d\u00e9j\u00e0 que le meilleur sport en vacances est le repos, Tamarindos a r\u00e9serv\u00e9 une zone ludique pour les plus agit\u00e9s !\" \/>\n<meta property=\"og:url\" content=\"https:\/\/www.tamarindos.net\/fr\/services\/aire-de-loisirs\/\" \/>\n<meta property=\"og:site_name\" content=\"Tamarindos\" \/>\n<meta property=\"article:publisher\" content=\"https:\/\/www.facebook.com\/tamarindos.net\/\" \/>\n<meta property=\"article:modified_time\" content=\"2025-09-25T14:01:16+00:00\" \/>\n<meta property=\"og:image\" content=\"https:\/\/www.tamarindos.net\/wp-content\/uploads\/2019\/01\/IMG_3262-1024x683.jpg\" \/>\n\t<meta property=\"og:image:width\" content=\"1024\" \/>\n\t<meta property=\"og:image:height\" content=\"683\" \/>\n\t<meta property=\"og:image:type\" content=\"image\/jpeg\" \/>\n<meta name=\"twitter:card\" content=\"summary_large_image\" \/>\n<meta name=\"twitter:site\" content=\"@tamarindospe\" \/>\n<script type=\"application\/ld+json\" class=\"yoast-schema-graph\">{\"@context\":\"https:\/\/schema.org\",\"@graph\":[{\"@type\":\"WebPage\",\"@id\":\"https:\/\/www.tamarindos.net\/fr\/services\/aire-de-loisirs\/\",\"url\":\"https:\/\/www.tamarindos.net\/fr\/services\/aire-de-loisirs\/\",\"name\":\"Aire de loisirs - Tamarindos\",\"isPartOf\":{\"@id\":\"https:\/\/www.tamarindos.net\/fr\/#website\"},\"primaryImageOfPage\":{\"@id\":\"https:\/\/www.tamarindos.net\/fr\/services\/aire-de-loisirs\/#primaryimage\"},\"image\":{\"@id\":\"https:\/\/www.tamarindos.net\/fr\/services\/aire-de-loisirs\/#primaryimage\"},\"thumbnailUrl\":\"https:\/\/www.tamarindos.net\/wp-content\/uploads\/2019\/01\/IMG_3262.jpg\",\"datePublished\":\"2019-02-08T16:19:02+00:00\",\"dateModified\":\"2025-09-25T14:01:16+00:00\",\"description\":\"Bien que nous sachions d\u00e9j\u00e0 que le meilleur sport en vacances est le repos, Tamarindos a r\u00e9serv\u00e9 une zone ludique pour les plus agit\u00e9s !\",\"breadcrumb\":{\"@id\":\"https:\/\/www.tamarindos.net\/fr\/services\/aire-de-loisirs\/#breadcrumb\"},\"inLanguage\":\"fr-FR\",\"potentialAction\":[{\"@type\":\"ReadAction\",\"target\":[\"https:\/\/www.tamarindos.net\/fr\/services\/aire-de-loisirs\/\"]}]},{\"@type\":\"ImageObject\",\"inLanguage\":\"fr-FR\",\"@id\":\"https:\/\/www.tamarindos.net\/fr\/services\/aire-de-loisirs\/#primaryimage\",\"url\":\"https:\/\/www.tamarindos.net\/wp-content\/uploads\/2019\/01\/IMG_3262.jpg\",\"contentUrl\":\"https:\/\/www.tamarindos.net\/wp-content\/uploads\/2019\/01\/IMG_3262.jpg\",\"width\":4272,\"height\":2848,\"caption\":\"Parque infantil\"},{\"@type\":\"BreadcrumbList\",\"@id\":\"https:\/\/www.tamarindos.net\/fr\/services\/aire-de-loisirs\/#breadcrumb\",\"itemListElement\":[{\"@type\":\"ListItem\",\"position\":1,\"name\":\"Inicio\",\"item\":\"https:\/\/www.tamarindos.net\/fr\/accueil\/\"},{\"@type\":\"ListItem\",\"position\":2,\"name\":\"Services\",\"item\":\"https:\/\/www.tamarindos.net\/fr\/services\/\"},{\"@type\":\"ListItem\",\"position\":3,\"name\":\"Aire de loisirs\"}]},{\"@type\":\"WebSite\",\"@id\":\"https:\/\/www.tamarindos.net\/fr\/#website\",\"url\":\"https:\/\/www.tamarindos.net\/fr\/\",\"name\":\"Tamarindos\",\"description\":\"Apartamentos en Pe\u00f1\u00edscola\",\"publisher\":{\"@id\":\"https:\/\/www.tamarindos.net\/fr\/#organization\"},\"potentialAction\":[{\"@type\":\"SearchAction\",\"target\":{\"@type\":\"EntryPoint\",\"urlTemplate\":\"https:\/\/www.tamarindos.net\/fr\/?s={search_term_string}\"},\"query-input\":{\"@type\":\"PropertyValueSpecification\",\"valueRequired\":true,\"valueName\":\"search_term_string\"}}],\"inLanguage\":\"fr-FR\"},{\"@type\":\"Organization\",\"@id\":\"https:\/\/www.tamarindos.net\/fr\/#organization\",\"name\":\"TAMARINDOS PE\u00d1\u00cdSCOLA\",\"url\":\"https:\/\/www.tamarindos.net\/fr\/\",\"logo\":{\"@type\":\"ImageObject\",\"inLanguage\":\"fr-FR\",\"@id\":\"https:\/\/www.tamarindos.net\/fr\/#\/schema\/logo\/image\/\",\"url\":\"https:\/\/www.tamarindos.net\/wp-content\/uploads\/2019\/10\/A7B9714-compressor-e1571911709586.jpg\",\"contentUrl\":\"https:\/\/www.tamarindos.net\/wp-content\/uploads\/2019\/10\/A7B9714-compressor-e1571911709586.jpg\",\"width\":1024,\"height\":705,\"caption\":\"TAMARINDOS PE\u00d1\u00cdSCOLA\"},\"image\":{\"@id\":\"https:\/\/www.tamarindos.net\/fr\/#\/schema\/logo\/image\/\"},\"sameAs\":[\"https:\/\/www.facebook.com\/tamarindos.net\/\",\"https:\/\/x.com\/tamarindospe\",\"https:\/\/www.instagram.com\/apartamentos_tamarindos\/?hl=es\",\"https:\/\/www.youtube.com\/channel\/UCdzAK3I0CHxOUOFg4IIl76g\"]}]}<\/script>\n<!-- \/ Yoast SEO plugin. -->","yoast_head_json":{"title":"Aire de loisirs - Tamarindos","description":"Bien que nous sachions d\u00e9j\u00e0 que le meilleur sport en vacances est le repos, Tamarindos a r\u00e9serv\u00e9 une zone ludique pour les plus agit\u00e9s !","robots":{"index":"index","follow":"follow","max-snippet":"max-snippet:-1","max-image-preview":"max-image-preview:large","max-video-preview":"max-video-preview:-1"},"canonical":"https:\/\/www.tamarindos.net\/fr\/services\/aire-de-loisirs\/","og_locale":"fr_FR","og_type":"article","og_title":"Aire de loisirs - Tamarindos","og_description":"Bien que nous sachions d\u00e9j\u00e0 que le meilleur sport en vacances est le repos, Tamarindos a r\u00e9serv\u00e9 une zone ludique pour les plus agit\u00e9s !","og_url":"https:\/\/www.tamarindos.net\/fr\/services\/aire-de-loisirs\/","og_site_name":"Tamarindos","article_publisher":"https:\/\/www.facebook.com\/tamarindos.net\/","article_modified_time":"2025-09-25T14:01:16+00:00","og_image":[{"width":1024,"height":683,"url":"https:\/\/www.tamarindos.net\/wp-content\/uploads\/2019\/01\/IMG_3262-1024x683.jpg","type":"image\/jpeg"}],"twitter_card":"summary_large_image","twitter_site":"@tamarindospe","schema":{"@context":"https:\/\/schema.org","@graph":[{"@type":"WebPage","@id":"https:\/\/www.tamarindos.net\/fr\/services\/aire-de-loisirs\/","url":"https:\/\/www.tamarindos.net\/fr\/services\/aire-de-loisirs\/","name":"Aire de loisirs - Tamarindos","isPartOf":{"@id":"https:\/\/www.tamarindos.net\/fr\/#website"},"primaryImageOfPage":{"@id":"https:\/\/www.tamarindos.net\/fr\/services\/aire-de-loisirs\/#primaryimage"},"image":{"@id":"https:\/\/www.tamarindos.net\/fr\/services\/aire-de-loisirs\/#primaryimage"},"thumbnailUrl":"https:\/\/www.tamarindos.net\/wp-content\/uploads\/2019\/01\/IMG_3262.jpg","datePublished":"2019-02-08T16:19:02+00:00","dateModified":"2025-09-25T14:01:16+00:00","description":"Bien que nous sachions d\u00e9j\u00e0 que le meilleur sport en vacances est le repos, Tamarindos a r\u00e9serv\u00e9 une zone ludique pour les plus agit\u00e9s !","breadcrumb":{"@id":"https:\/\/www.tamarindos.net\/fr\/services\/aire-de-loisirs\/#breadcrumb"},"inLanguage":"fr-FR","potentialAction":[{"@type":"ReadAction","target":["https:\/\/www.tamarindos.net\/fr\/services\/aire-de-loisirs\/"]}]},{"@type":"ImageObject","inLanguage":"fr-FR","@id":"https:\/\/www.tamarindos.net\/fr\/services\/aire-de-loisirs\/#primaryimage","url":"https:\/\/www.tamarindos.net\/wp-content\/uploads\/2019\/01\/IMG_3262.jpg","contentUrl":"https:\/\/www.tamarindos.net\/wp-content\/uploads\/2019\/01\/IMG_3262.jpg","width":4272,"height":2848,"caption":"Parque infantil"},{"@type":"BreadcrumbList","@id":"https:\/\/www.tamarindos.net\/fr\/services\/aire-de-loisirs\/#breadcrumb","itemListElement":[{"@type":"ListItem","position":1,"name":"Inicio","item":"https:\/\/www.tamarindos.net\/fr\/accueil\/"},{"@type":"ListItem","position":2,"name":"Services","item":"https:\/\/www.tamarindos.net\/fr\/services\/"},{"@type":"ListItem","position":3,"name":"Aire de loisirs"}]},{"@type":"WebSite","@id":"https:\/\/www.tamarindos.net\/fr\/#website","url":"https:\/\/www.tamarindos.net\/fr\/","name":"Tamarindos","description":"Apartamentos en Pe\u00f1\u00edscola","publisher":{"@id":"https:\/\/www.tamarindos.net\/fr\/#organization"},"potentialAction":[{"@type":"SearchAction","target":{"@type":"EntryPoint","urlTemplate":"https:\/\/www.tamarindos.net\/fr\/?s={search_term_string}"},"query-input":{"@type":"PropertyValueSpecification","valueRequired":true,"valueName":"search_term_string"}}],"inLanguage":"fr-FR"},{"@type":"Organization","@id":"https:\/\/www.tamarindos.net\/fr\/#organization","name":"TAMARINDOS PE\u00d1\u00cdSCOLA","url":"https:\/\/www.tamarindos.net\/fr\/","logo":{"@type":"ImageObject","inLanguage":"fr-FR","@id":"https:\/\/www.tamarindos.net\/fr\/#\/schema\/logo\/image\/","url":"https:\/\/www.tamarindos.net\/wp-content\/uploads\/2019\/10\/A7B9714-compressor-e1571911709586.jpg","contentUrl":"https:\/\/www.tamarindos.net\/wp-content\/uploads\/2019\/10\/A7B9714-compressor-e1571911709586.jpg","width":1024,"height":705,"caption":"TAMARINDOS PE\u00d1\u00cdSCOLA"},"image":{"@id":"https:\/\/www.tamarindos.net\/fr\/#\/schema\/logo\/image\/"},"sameAs":["https:\/\/www.facebook.com\/tamarindos.net\/","https:\/\/x.com\/tamarindospe","https:\/\/www.instagram.com\/apartamentos_tamarindos\/?hl=es","https:\/\/www.youtube.com\/channel\/UCdzAK3I0CHxOUOFg4IIl76g"]}]}},"_links":{"self":[{"href":"https:\/\/www.tamarindos.net\/fr\/wp-json\/wp\/v2\/pages\/1161","targetHints":{"allow":["GET"]}}],"collection":[{"href":"https:\/\/www.tamarindos.net\/fr\/wp-json\/wp\/v2\/pages"}],"about":[{"href":"https:\/\/www.tamarindos.net\/fr\/wp-json\/wp\/v2\/types\/page"}],"author":[{"embeddable":true,"href":"https:\/\/www.tamarindos.net\/fr\/wp-json\/wp\/v2\/users\/2"}],"replies":[{"embeddable":true,"href":"https:\/\/www.tamarindos.net\/fr\/wp-json\/wp\/v2\/comments?post=1161"}],"version-history":[{"count":6,"href":"https:\/\/www.tamarindos.net\/fr\/wp-json\/wp\/v2\/pages\/1161\/revisions"}],"predecessor-version":[{"id":8365,"href":"https:\/\/www.tamarindos.net\/fr\/wp-json\/wp\/v2\/pages\/1161\/revisions\/8365"}],"up":[{"embeddable":true,"href":"https:\/\/www.tamarindos.net\/fr\/wp-json\/wp\/v2\/pages\/1072"}],"wp:featuredmedia":[{"embeddable":true,"href":"https:\/\/www.tamarindos.net\/fr\/wp-json\/wp\/v2\/media\/1165"}],"wp:attachment":[{"href":"https:\/\/www.tamarindos.net\/fr\/wp-json\/wp\/v2\/media?parent=1161"}],"curies":[{"name":"wp","href":"https:\/\/api.w.org\/{rel}","templated":true}]}}