{"id":1145,"date":"2019-02-04T17:53:34","date_gmt":"2019-02-04T16:53:34","guid":{"rendered":"https:\/\/www.tamarindos.net\/services\/reception\/"},"modified":"2026-02-09T13:21:56","modified_gmt":"2026-02-09T12:21:56","slug":"reception","status":"publish","type":"page","link":"https:\/\/www.tamarindos.net\/fr\/services\/reception\/","title":{"rendered":"R\u00e9ception"},"content":{"rendered":"\n<h3 class=\"wp-block-heading\">HORAIRES D&rsquo;HIVER<\/h3>\n\n<ul class=\"wp-block-list\">\n<li><p>Du lundi au vendredi, <strong>de 8 h \u00e0 19 h.<\/strong><\/p><\/li>\n\n\n\n<li><p>Les samedis de<strong> 9 h \u00e0 15 h<\/strong><\/p><\/li>\n\n\n\n<li><p>Ferm\u00e9 le <strong>dimanche<\/strong><\/p><\/li>\n<\/ul>\n\n<p class=\"has-text-align-left\"><p><strong>Pour les arriv\u00e9es en dehors des horaires d&rsquo;ouverture, il est indispensable de nous pr\u00e9venir \u00e0 l&rsquo;avance. Nous vous enverrons les instructions pour r\u00e9cup\u00e9rer les cl\u00e9s.<\/strong><\/p><\/p>\n\n<h3 class=\"wp-block-heading\">HORAIRE D&rsquo;\u00c9T\u00c9<\/h3>\n\n<ul class=\"wp-block-list\">\n<li><p>Du lundi au samedi : <strong>de 8 h \u00e0 20 h<\/strong><\/p><\/li>\n\n\n\n<li><p>Dimanche de <strong>9h30 \u00e0 13h30<\/strong><\/p><\/li>\n<\/ul>\n\n<h3 class=\"wp-block-heading\">HEURE D&rsquo;ARRIV\u00c9E ET DE D\u00c9PART<\/h3>\n\n<ul class=\"wp-block-list\">\n<li><p><strong>Heure d&rsquo;arriv\u00e9e : 17 h.<\/strong> Si l&rsquo;appartement est pr\u00eat avant, nous vous remettrons les cl\u00e9s. \u00c0 votre arriv\u00e9e, nous vous indiquerons votre place de parking.plaza de aparcamiento.<\/p><\/li>\n\n\n\n<li><p>Heure de d\u00e9part : 10 h.<\/p><\/li>\n<\/ul>\n","protected":false},"excerpt":{"rendered":"<p>HORAIRES D&rsquo;HIVER Pour les arriv\u00e9es en dehors des horaires d&rsquo;ouverture, il est indispensable de nous pr\u00e9venir \u00e0 l&rsquo;avance. Nous vous enverrons les instructions pour r\u00e9cup\u00e9rer les cl\u00e9s. HORAIRE D&rsquo;\u00c9T\u00c9 HEURE D&rsquo;ARRIV\u00c9E ET DE D\u00c9PART<\/p>\n","protected":false},"author":2,"featured_media":7772,"parent":1072,"menu_order":0,"comment_status":"closed","ping_status":"closed","template":"page-servicios.php","meta":{"_acf_changed":false,"inline_featured_image":false,"_joinchat":[],"footnotes":""},"class_list":["post-1145","page","type-page","status-publish","has-post-thumbnail","hentry"],"acf":[],"yoast_head":"<!-- This site is optimized with the Yoast SEO plugin v27.2 - https:\/\/yoast.com\/product\/yoast-seo-wordpress\/ -->\n<title>R\u00e9ception - Tamarindos<\/title>\n<meta name=\"description\" content=\"Tamarindos dispose d&#039;un accueil pour la r\u00e9alisation du check-in et du check-out en plus, n&#039;h\u00e9sitez pas \u00e0 venir \u00e0 l&#039;accueil pour tout doute !\" \/>\n<meta name=\"robots\" content=\"index, follow, max-snippet:-1, max-image-preview:large, max-video-preview:-1\" \/>\n<link rel=\"canonical\" href=\"https:\/\/www.tamarindos.net\/fr\/services\/reception\/\" \/>\n<meta property=\"og:locale\" content=\"fr_FR\" \/>\n<meta property=\"og:type\" content=\"article\" \/>\n<meta property=\"og:title\" content=\"R\u00e9ception - Tamarindos\" \/>\n<meta property=\"og:description\" content=\"Tamarindos dispose d&#039;un accueil pour la r\u00e9alisation du check-in et du check-out en plus, n&#039;h\u00e9sitez pas \u00e0 venir \u00e0 l&#039;accueil pour tout doute !\" \/>\n<meta property=\"og:url\" content=\"https:\/\/www.tamarindos.net\/fr\/services\/reception\/\" \/>\n<meta property=\"og:site_name\" content=\"Tamarindos\" \/>\n<meta property=\"article:publisher\" content=\"https:\/\/www.facebook.com\/tamarindos.net\/\" \/>\n<meta property=\"article:modified_time\" content=\"2026-02-09T12:21:56+00:00\" \/>\n<meta property=\"og:image\" content=\"https:\/\/www.tamarindos.net\/wp-content\/uploads\/2025\/07\/PLU6171-web.jpg\" \/>\n\t<meta property=\"og:image:width\" content=\"2000\" \/>\n\t<meta property=\"og:image:height\" content=\"1333\" \/>\n\t<meta property=\"og:image:type\" content=\"image\/jpeg\" \/>\n<meta name=\"twitter:card\" content=\"summary_large_image\" \/>\n<meta name=\"twitter:site\" content=\"@tamarindospe\" \/>\n<meta name=\"twitter:label1\" content=\"Dur\u00e9e de lecture estim\u00e9e\" \/>\n\t<meta name=\"twitter:data1\" content=\"2 minutes\" \/>\n<script type=\"application\/ld+json\" class=\"yoast-schema-graph\">{\"@context\":\"https:\/\/schema.org\",\"@graph\":[{\"@type\":\"WebPage\",\"@id\":\"https:\/\/www.tamarindos.net\/fr\/services\/reception\/\",\"url\":\"https:\/\/www.tamarindos.net\/fr\/services\/reception\/\",\"name\":\"R\u00e9ception - Tamarindos\",\"isPartOf\":{\"@id\":\"https:\/\/www.tamarindos.net\/fr\/#website\"},\"primaryImageOfPage\":{\"@id\":\"https:\/\/www.tamarindos.net\/fr\/services\/reception\/#primaryimage\"},\"image\":{\"@id\":\"https:\/\/www.tamarindos.net\/fr\/services\/reception\/#primaryimage\"},\"thumbnailUrl\":\"https:\/\/www.tamarindos.net\/wp-content\/uploads\/2025\/07\/PLU6171-web.jpg\",\"datePublished\":\"2019-02-04T16:53:34+00:00\",\"dateModified\":\"2026-02-09T12:21:56+00:00\",\"description\":\"Tamarindos dispose d'un accueil pour la r\u00e9alisation du check-in et du check-out en plus, n'h\u00e9sitez pas \u00e0 venir \u00e0 l'accueil pour tout doute !\",\"breadcrumb\":{\"@id\":\"https:\/\/www.tamarindos.net\/fr\/services\/reception\/#breadcrumb\"},\"inLanguage\":\"fr-FR\",\"potentialAction\":[{\"@type\":\"ReadAction\",\"target\":[\"https:\/\/www.tamarindos.net\/fr\/services\/reception\/\"]}]},{\"@type\":\"ImageObject\",\"inLanguage\":\"fr-FR\",\"@id\":\"https:\/\/www.tamarindos.net\/fr\/services\/reception\/#primaryimage\",\"url\":\"https:\/\/www.tamarindos.net\/wp-content\/uploads\/2025\/07\/PLU6171-web.jpg\",\"contentUrl\":\"https:\/\/www.tamarindos.net\/wp-content\/uploads\/2025\/07\/PLU6171-web.jpg\",\"width\":2000,\"height\":1333,\"caption\":\"Recepci\u00f3n Apartamentos Tamarindos\"},{\"@type\":\"BreadcrumbList\",\"@id\":\"https:\/\/www.tamarindos.net\/fr\/services\/reception\/#breadcrumb\",\"itemListElement\":[{\"@type\":\"ListItem\",\"position\":1,\"name\":\"Inicio\",\"item\":\"https:\/\/www.tamarindos.net\/fr\/accueil\/\"},{\"@type\":\"ListItem\",\"position\":2,\"name\":\"Services\",\"item\":\"https:\/\/www.tamarindos.net\/fr\/services\/\"},{\"@type\":\"ListItem\",\"position\":3,\"name\":\"R\u00e9ception\"}]},{\"@type\":\"WebSite\",\"@id\":\"https:\/\/www.tamarindos.net\/fr\/#website\",\"url\":\"https:\/\/www.tamarindos.net\/fr\/\",\"name\":\"Tamarindos\",\"description\":\"Apartamentos en Pe\u00f1\u00edscola\",\"publisher\":{\"@id\":\"https:\/\/www.tamarindos.net\/fr\/#organization\"},\"potentialAction\":[{\"@type\":\"SearchAction\",\"target\":{\"@type\":\"EntryPoint\",\"urlTemplate\":\"https:\/\/www.tamarindos.net\/fr\/?s={search_term_string}\"},\"query-input\":{\"@type\":\"PropertyValueSpecification\",\"valueRequired\":true,\"valueName\":\"search_term_string\"}}],\"inLanguage\":\"fr-FR\"},{\"@type\":\"Organization\",\"@id\":\"https:\/\/www.tamarindos.net\/fr\/#organization\",\"name\":\"TAMARINDOS PE\u00d1\u00cdSCOLA\",\"url\":\"https:\/\/www.tamarindos.net\/fr\/\",\"logo\":{\"@type\":\"ImageObject\",\"inLanguage\":\"fr-FR\",\"@id\":\"https:\/\/www.tamarindos.net\/fr\/#\/schema\/logo\/image\/\",\"url\":\"https:\/\/www.tamarindos.net\/wp-content\/uploads\/2019\/10\/A7B9714-compressor-e1571911709586.jpg\",\"contentUrl\":\"https:\/\/www.tamarindos.net\/wp-content\/uploads\/2019\/10\/A7B9714-compressor-e1571911709586.jpg\",\"width\":1024,\"height\":705,\"caption\":\"TAMARINDOS PE\u00d1\u00cdSCOLA\"},\"image\":{\"@id\":\"https:\/\/www.tamarindos.net\/fr\/#\/schema\/logo\/image\/\"},\"sameAs\":[\"https:\/\/www.facebook.com\/tamarindos.net\/\",\"https:\/\/x.com\/tamarindospe\",\"https:\/\/www.instagram.com\/apartamentos_tamarindos\/?hl=es\",\"https:\/\/www.youtube.com\/channel\/UCdzAK3I0CHxOUOFg4IIl76g\"]}]}<\/script>\n<!-- \/ Yoast SEO plugin. -->","yoast_head_json":{"title":"R\u00e9ception - Tamarindos","description":"Tamarindos dispose d'un accueil pour la r\u00e9alisation du check-in et du check-out en plus, n'h\u00e9sitez pas \u00e0 venir \u00e0 l'accueil pour tout doute !","robots":{"index":"index","follow":"follow","max-snippet":"max-snippet:-1","max-image-preview":"max-image-preview:large","max-video-preview":"max-video-preview:-1"},"canonical":"https:\/\/www.tamarindos.net\/fr\/services\/reception\/","og_locale":"fr_FR","og_type":"article","og_title":"R\u00e9ception - Tamarindos","og_description":"Tamarindos dispose d'un accueil pour la r\u00e9alisation du check-in et du check-out en plus, n'h\u00e9sitez pas \u00e0 venir \u00e0 l'accueil pour tout doute !","og_url":"https:\/\/www.tamarindos.net\/fr\/services\/reception\/","og_site_name":"Tamarindos","article_publisher":"https:\/\/www.facebook.com\/tamarindos.net\/","article_modified_time":"2026-02-09T12:21:56+00:00","og_image":[{"width":2000,"height":1333,"url":"https:\/\/www.tamarindos.net\/wp-content\/uploads\/2025\/07\/PLU6171-web.jpg","type":"image\/jpeg"}],"twitter_card":"summary_large_image","twitter_site":"@tamarindospe","twitter_misc":{"Dur\u00e9e de lecture estim\u00e9e":"2 minutes"},"schema":{"@context":"https:\/\/schema.org","@graph":[{"@type":"WebPage","@id":"https:\/\/www.tamarindos.net\/fr\/services\/reception\/","url":"https:\/\/www.tamarindos.net\/fr\/services\/reception\/","name":"R\u00e9ception - Tamarindos","isPartOf":{"@id":"https:\/\/www.tamarindos.net\/fr\/#website"},"primaryImageOfPage":{"@id":"https:\/\/www.tamarindos.net\/fr\/services\/reception\/#primaryimage"},"image":{"@id":"https:\/\/www.tamarindos.net\/fr\/services\/reception\/#primaryimage"},"thumbnailUrl":"https:\/\/www.tamarindos.net\/wp-content\/uploads\/2025\/07\/PLU6171-web.jpg","datePublished":"2019-02-04T16:53:34+00:00","dateModified":"2026-02-09T12:21:56+00:00","description":"Tamarindos dispose d'un accueil pour la r\u00e9alisation du check-in et du check-out en plus, n'h\u00e9sitez pas \u00e0 venir \u00e0 l'accueil pour tout doute !","breadcrumb":{"@id":"https:\/\/www.tamarindos.net\/fr\/services\/reception\/#breadcrumb"},"inLanguage":"fr-FR","potentialAction":[{"@type":"ReadAction","target":["https:\/\/www.tamarindos.net\/fr\/services\/reception\/"]}]},{"@type":"ImageObject","inLanguage":"fr-FR","@id":"https:\/\/www.tamarindos.net\/fr\/services\/reception\/#primaryimage","url":"https:\/\/www.tamarindos.net\/wp-content\/uploads\/2025\/07\/PLU6171-web.jpg","contentUrl":"https:\/\/www.tamarindos.net\/wp-content\/uploads\/2025\/07\/PLU6171-web.jpg","width":2000,"height":1333,"caption":"Recepci\u00f3n Apartamentos Tamarindos"},{"@type":"BreadcrumbList","@id":"https:\/\/www.tamarindos.net\/fr\/services\/reception\/#breadcrumb","itemListElement":[{"@type":"ListItem","position":1,"name":"Inicio","item":"https:\/\/www.tamarindos.net\/fr\/accueil\/"},{"@type":"ListItem","position":2,"name":"Services","item":"https:\/\/www.tamarindos.net\/fr\/services\/"},{"@type":"ListItem","position":3,"name":"R\u00e9ception"}]},{"@type":"WebSite","@id":"https:\/\/www.tamarindos.net\/fr\/#website","url":"https:\/\/www.tamarindos.net\/fr\/","name":"Tamarindos","description":"Apartamentos en Pe\u00f1\u00edscola","publisher":{"@id":"https:\/\/www.tamarindos.net\/fr\/#organization"},"potentialAction":[{"@type":"SearchAction","target":{"@type":"EntryPoint","urlTemplate":"https:\/\/www.tamarindos.net\/fr\/?s={search_term_string}"},"query-input":{"@type":"PropertyValueSpecification","valueRequired":true,"valueName":"search_term_string"}}],"inLanguage":"fr-FR"},{"@type":"Organization","@id":"https:\/\/www.tamarindos.net\/fr\/#organization","name":"TAMARINDOS PE\u00d1\u00cdSCOLA","url":"https:\/\/www.tamarindos.net\/fr\/","logo":{"@type":"ImageObject","inLanguage":"fr-FR","@id":"https:\/\/www.tamarindos.net\/fr\/#\/schema\/logo\/image\/","url":"https:\/\/www.tamarindos.net\/wp-content\/uploads\/2019\/10\/A7B9714-compressor-e1571911709586.jpg","contentUrl":"https:\/\/www.tamarindos.net\/wp-content\/uploads\/2019\/10\/A7B9714-compressor-e1571911709586.jpg","width":1024,"height":705,"caption":"TAMARINDOS PE\u00d1\u00cdSCOLA"},"image":{"@id":"https:\/\/www.tamarindos.net\/fr\/#\/schema\/logo\/image\/"},"sameAs":["https:\/\/www.facebook.com\/tamarindos.net\/","https:\/\/x.com\/tamarindospe","https:\/\/www.instagram.com\/apartamentos_tamarindos\/?hl=es","https:\/\/www.youtube.com\/channel\/UCdzAK3I0CHxOUOFg4IIl76g"]}]}},"_links":{"self":[{"href":"https:\/\/www.tamarindos.net\/fr\/wp-json\/wp\/v2\/pages\/1145","targetHints":{"allow":["GET"]}}],"collection":[{"href":"https:\/\/www.tamarindos.net\/fr\/wp-json\/wp\/v2\/pages"}],"about":[{"href":"https:\/\/www.tamarindos.net\/fr\/wp-json\/wp\/v2\/types\/page"}],"author":[{"embeddable":true,"href":"https:\/\/www.tamarindos.net\/fr\/wp-json\/wp\/v2\/users\/2"}],"replies":[{"embeddable":true,"href":"https:\/\/www.tamarindos.net\/fr\/wp-json\/wp\/v2\/comments?post=1145"}],"version-history":[{"count":10,"href":"https:\/\/www.tamarindos.net\/fr\/wp-json\/wp\/v2\/pages\/1145\/revisions"}],"predecessor-version":[{"id":8372,"href":"https:\/\/www.tamarindos.net\/fr\/wp-json\/wp\/v2\/pages\/1145\/revisions\/8372"}],"up":[{"embeddable":true,"href":"https:\/\/www.tamarindos.net\/fr\/wp-json\/wp\/v2\/pages\/1072"}],"wp:featuredmedia":[{"embeddable":true,"href":"https:\/\/www.tamarindos.net\/fr\/wp-json\/wp\/v2\/media\/7772"}],"wp:attachment":[{"href":"https:\/\/www.tamarindos.net\/fr\/wp-json\/wp\/v2\/media?parent=1145"}],"curies":[{"name":"wp","href":"https:\/\/api.w.org\/{rel}","templated":true}]}}