{"id":1136,"date":"2019-02-04T17:38:34","date_gmt":"2019-02-04T16:38:34","guid":{"rendered":"https:\/\/www.tamarindos.net\/services\/piscines\/"},"modified":"2026-02-09T13:32:01","modified_gmt":"2026-02-09T12:32:01","slug":"piscines","status":"publish","type":"page","link":"https:\/\/www.tamarindos.net\/fr\/services\/piscines\/","title":{"rendered":"Piscines"},"content":{"rendered":"\n<p>\u00c0 Tamarindos, vous pourrez vous d\u00e9tendre dans l&rsquo;une des deux piscines que nous entretenons toute l&rsquo;ann\u00e9e pour vous.<\/p>\n\n<p>Les piscines sont ouvertes et pr\u00eates \u00e0 accueillir les baigneurs toute l&rsquo;ann\u00e9e. Cependant, la saison officielle<strong> s&rsquo;\u00e9tend du 21 juin au 6 septembre.<\/strong><\/p>\n\n<p>Pendant cette p\u00e9riode, en raison de sa superficie et de sa profondeur, la grande piscine est <strong>surveill\u00e9e par un ma\u00eetre-nageur de 11 h \u00e0 15 h et de 16 h \u00e0 19 h.<\/strong><\/p>\n\n<p>Les horaires d&rsquo;ouverture de la piscine sont indiqu\u00e9s sur le panneau d&rsquo;information situ\u00e9 \u00e0 c\u00f4t\u00e9 de la piscine. En dehors de ces horaires et dates, la baignade est autoris\u00e9e, mais sous votre enti\u00e8re responsabilit\u00e9.<\/p>\n\n<h3 class=\"wp-block-heading\">La grande piscine se trouve en face des zones B, C et D.<\/h3>\n\n<p>Il s&rsquo;agit d&rsquo;une piscine semi-olympique qui, avec son bleu \u00e9clatant, s&rsquo;int\u00e8gre parfaitement \u00e0 l&rsquo;environnement, renfor\u00e7ant la sensation de fra\u00eecheur et de bien-\u00eatre. Elle est \u00e9galement reli\u00e9e \u00e0 une autre piscine tr\u00e8s peu profonde, con\u00e7ue pour le plaisir des plus petits.peque\u00f1os.<\/p>\n\n<h3 class=\"wp-block-heading\">Piscine semi-olympique accessible<\/h3>\n\n<p>Nouveaut\u00e9 cette ann\u00e9e, la piscine semi-olympique dispose d&rsquo;un \u00e9l\u00e9vateur aquatique adapt\u00e9 aux personnes \u00e0 mobilit\u00e9 r\u00e9duite.<\/p>\n\n<h3 class=\"wp-block-heading\">La petite piscine se trouve dans la zone A.<\/h3>\n\n<p>En hauteur, dominant l&rsquo;horizon et la grande plage de sable. Id\u00e9al pour ceux qui pr\u00e9f\u00e8rent se d\u00e9tendre avec la brise et le bruit de la mer, sans se remplir les pieds de sable.<\/p>\n\n<p>Les piscines font partie int\u00e9grante de l&rsquo;ambiance chaleureuse du lotissement.<\/p>\n\n<ul class=\"wp-block-list\">\n<li>Les transats sont r\u00e9serv\u00e9s \u00e0 l&rsquo;usage exclusif des baigneurs, il est interdit de les emporter dans les appartements.<\/li>\n\n\n\n<li>Il est interdit de laisser des objets pour r\u00e9server des transats.<\/li>\n\n\n\n<li>Les animaux domestiques ne sont pas admis dans la piscine ni sur la pelouse.<\/li>\n<\/ul>\n","protected":false},"excerpt":{"rendered":"<p>\u00c0 Tamarindos, vous pourrez vous d\u00e9tendre dans l&rsquo;une des deux piscines que nous entretenons toute l&rsquo;ann\u00e9e pour vous. Les piscines sont ouvertes et pr\u00eates \u00e0 accueillir les baigneurs toute l&rsquo;ann\u00e9e. Cependant, la saison officielle s&rsquo;\u00e9tend du 21 juin au 6 septembre. Pendant cette p\u00e9riode, en raison de sa superficie et de sa profondeur, la grande [&hellip;]<\/p>\n","protected":false},"author":2,"featured_media":3360,"parent":1072,"menu_order":0,"comment_status":"closed","ping_status":"closed","template":"page-servicios.php","meta":{"_acf_changed":false,"inline_featured_image":false,"_joinchat":[],"footnotes":""},"class_list":["post-1136","page","type-page","status-publish","has-post-thumbnail","hentry"],"acf":[],"yoast_head":"<!-- This site is optimized with the Yoast SEO plugin v27.2 - https:\/\/yoast.com\/product\/yoast-seo-wordpress\/ -->\n<title>Piscines - Tamarindos<\/title>\n<meta name=\"description\" content=\"Au Tamarindos, vous pouvez vous d\u00e9tendre dans l&#039;une des deux piscines que nous entretenons toute l&#039;ann\u00e9e pour vous.\" \/>\n<meta name=\"robots\" content=\"index, follow, max-snippet:-1, max-image-preview:large, max-video-preview:-1\" \/>\n<link rel=\"canonical\" href=\"https:\/\/www.tamarindos.net\/fr\/services\/piscines\/\" \/>\n<meta property=\"og:locale\" content=\"fr_FR\" \/>\n<meta property=\"og:type\" content=\"article\" \/>\n<meta property=\"og:title\" content=\"Piscines - Tamarindos\" \/>\n<meta property=\"og:description\" content=\"Au Tamarindos, vous pouvez vous d\u00e9tendre dans l&#039;une des deux piscines que nous entretenons toute l&#039;ann\u00e9e pour vous.\" \/>\n<meta property=\"og:url\" content=\"https:\/\/www.tamarindos.net\/fr\/services\/piscines\/\" \/>\n<meta property=\"og:site_name\" content=\"Tamarindos\" \/>\n<meta property=\"article:publisher\" content=\"https:\/\/www.facebook.com\/tamarindos.net\/\" \/>\n<meta property=\"article:modified_time\" content=\"2026-02-09T12:32:01+00:00\" \/>\n<meta property=\"og:image\" content=\"https:\/\/www.tamarindos.net\/wp-content\/uploads\/2019\/10\/Piscina-semi-ol\u00edmpica.jpg\" \/>\n\t<meta property=\"og:image:width\" content=\"2835\" \/>\n\t<meta property=\"og:image:height\" content=\"1828\" \/>\n\t<meta property=\"og:image:type\" content=\"image\/jpeg\" \/>\n<meta name=\"twitter:card\" content=\"summary_large_image\" \/>\n<meta name=\"twitter:site\" content=\"@tamarindospe\" \/>\n<meta name=\"twitter:label1\" content=\"Dur\u00e9e de lecture estim\u00e9e\" \/>\n\t<meta name=\"twitter:data1\" content=\"5 minutes\" \/>\n<script type=\"application\/ld+json\" class=\"yoast-schema-graph\">{\"@context\":\"https:\/\/schema.org\",\"@graph\":[{\"@type\":\"WebPage\",\"@id\":\"https:\/\/www.tamarindos.net\/fr\/services\/piscines\/\",\"url\":\"https:\/\/www.tamarindos.net\/fr\/services\/piscines\/\",\"name\":\"Piscines - Tamarindos\",\"isPartOf\":{\"@id\":\"https:\/\/www.tamarindos.net\/fr\/#website\"},\"primaryImageOfPage\":{\"@id\":\"https:\/\/www.tamarindos.net\/fr\/services\/piscines\/#primaryimage\"},\"image\":{\"@id\":\"https:\/\/www.tamarindos.net\/fr\/services\/piscines\/#primaryimage\"},\"thumbnailUrl\":\"https:\/\/www.tamarindos.net\/wp-content\/uploads\/2019\/10\/Piscina-semi-ol\u00edmpica.jpg\",\"datePublished\":\"2019-02-04T16:38:34+00:00\",\"dateModified\":\"2026-02-09T12:32:01+00:00\",\"description\":\"Au Tamarindos, vous pouvez vous d\u00e9tendre dans l'une des deux piscines que nous entretenons toute l'ann\u00e9e pour vous.\",\"breadcrumb\":{\"@id\":\"https:\/\/www.tamarindos.net\/fr\/services\/piscines\/#breadcrumb\"},\"inLanguage\":\"fr-FR\",\"potentialAction\":[{\"@type\":\"ReadAction\",\"target\":[\"https:\/\/www.tamarindos.net\/fr\/services\/piscines\/\"]}]},{\"@type\":\"ImageObject\",\"inLanguage\":\"fr-FR\",\"@id\":\"https:\/\/www.tamarindos.net\/fr\/services\/piscines\/#primaryimage\",\"url\":\"https:\/\/www.tamarindos.net\/wp-content\/uploads\/2019\/10\/Piscina-semi-ol\u00edmpica.jpg\",\"contentUrl\":\"https:\/\/www.tamarindos.net\/wp-content\/uploads\/2019\/10\/Piscina-semi-ol\u00edmpica.jpg\",\"width\":2835,\"height\":1828,\"caption\":\"Zona B\"},{\"@type\":\"BreadcrumbList\",\"@id\":\"https:\/\/www.tamarindos.net\/fr\/services\/piscines\/#breadcrumb\",\"itemListElement\":[{\"@type\":\"ListItem\",\"position\":1,\"name\":\"Inicio\",\"item\":\"https:\/\/www.tamarindos.net\/fr\/accueil\/\"},{\"@type\":\"ListItem\",\"position\":2,\"name\":\"Services\",\"item\":\"https:\/\/www.tamarindos.net\/fr\/services\/\"},{\"@type\":\"ListItem\",\"position\":3,\"name\":\"Piscines\"}]},{\"@type\":\"WebSite\",\"@id\":\"https:\/\/www.tamarindos.net\/fr\/#website\",\"url\":\"https:\/\/www.tamarindos.net\/fr\/\",\"name\":\"Tamarindos\",\"description\":\"Apartamentos en Pe\u00f1\u00edscola\",\"publisher\":{\"@id\":\"https:\/\/www.tamarindos.net\/fr\/#organization\"},\"potentialAction\":[{\"@type\":\"SearchAction\",\"target\":{\"@type\":\"EntryPoint\",\"urlTemplate\":\"https:\/\/www.tamarindos.net\/fr\/?s={search_term_string}\"},\"query-input\":{\"@type\":\"PropertyValueSpecification\",\"valueRequired\":true,\"valueName\":\"search_term_string\"}}],\"inLanguage\":\"fr-FR\"},{\"@type\":\"Organization\",\"@id\":\"https:\/\/www.tamarindos.net\/fr\/#organization\",\"name\":\"TAMARINDOS PE\u00d1\u00cdSCOLA\",\"url\":\"https:\/\/www.tamarindos.net\/fr\/\",\"logo\":{\"@type\":\"ImageObject\",\"inLanguage\":\"fr-FR\",\"@id\":\"https:\/\/www.tamarindos.net\/fr\/#\/schema\/logo\/image\/\",\"url\":\"https:\/\/www.tamarindos.net\/wp-content\/uploads\/2019\/10\/A7B9714-compressor-e1571911709586.jpg\",\"contentUrl\":\"https:\/\/www.tamarindos.net\/wp-content\/uploads\/2019\/10\/A7B9714-compressor-e1571911709586.jpg\",\"width\":1024,\"height\":705,\"caption\":\"TAMARINDOS PE\u00d1\u00cdSCOLA\"},\"image\":{\"@id\":\"https:\/\/www.tamarindos.net\/fr\/#\/schema\/logo\/image\/\"},\"sameAs\":[\"https:\/\/www.facebook.com\/tamarindos.net\/\",\"https:\/\/x.com\/tamarindospe\",\"https:\/\/www.instagram.com\/apartamentos_tamarindos\/?hl=es\",\"https:\/\/www.youtube.com\/channel\/UCdzAK3I0CHxOUOFg4IIl76g\"]}]}<\/script>\n<!-- \/ Yoast SEO plugin. -->","yoast_head_json":{"title":"Piscines - Tamarindos","description":"Au Tamarindos, vous pouvez vous d\u00e9tendre dans l'une des deux piscines que nous entretenons toute l'ann\u00e9e pour vous.","robots":{"index":"index","follow":"follow","max-snippet":"max-snippet:-1","max-image-preview":"max-image-preview:large","max-video-preview":"max-video-preview:-1"},"canonical":"https:\/\/www.tamarindos.net\/fr\/services\/piscines\/","og_locale":"fr_FR","og_type":"article","og_title":"Piscines - Tamarindos","og_description":"Au Tamarindos, vous pouvez vous d\u00e9tendre dans l'une des deux piscines que nous entretenons toute l'ann\u00e9e pour vous.","og_url":"https:\/\/www.tamarindos.net\/fr\/services\/piscines\/","og_site_name":"Tamarindos","article_publisher":"https:\/\/www.facebook.com\/tamarindos.net\/","article_modified_time":"2026-02-09T12:32:01+00:00","og_image":[{"width":2835,"height":1828,"url":"https:\/\/www.tamarindos.net\/wp-content\/uploads\/2019\/10\/Piscina-semi-ol\u00edmpica.jpg","type":"image\/jpeg"}],"twitter_card":"summary_large_image","twitter_site":"@tamarindospe","twitter_misc":{"Dur\u00e9e de lecture estim\u00e9e":"5 minutes"},"schema":{"@context":"https:\/\/schema.org","@graph":[{"@type":"WebPage","@id":"https:\/\/www.tamarindos.net\/fr\/services\/piscines\/","url":"https:\/\/www.tamarindos.net\/fr\/services\/piscines\/","name":"Piscines - Tamarindos","isPartOf":{"@id":"https:\/\/www.tamarindos.net\/fr\/#website"},"primaryImageOfPage":{"@id":"https:\/\/www.tamarindos.net\/fr\/services\/piscines\/#primaryimage"},"image":{"@id":"https:\/\/www.tamarindos.net\/fr\/services\/piscines\/#primaryimage"},"thumbnailUrl":"https:\/\/www.tamarindos.net\/wp-content\/uploads\/2019\/10\/Piscina-semi-ol\u00edmpica.jpg","datePublished":"2019-02-04T16:38:34+00:00","dateModified":"2026-02-09T12:32:01+00:00","description":"Au Tamarindos, vous pouvez vous d\u00e9tendre dans l'une des deux piscines que nous entretenons toute l'ann\u00e9e pour vous.","breadcrumb":{"@id":"https:\/\/www.tamarindos.net\/fr\/services\/piscines\/#breadcrumb"},"inLanguage":"fr-FR","potentialAction":[{"@type":"ReadAction","target":["https:\/\/www.tamarindos.net\/fr\/services\/piscines\/"]}]},{"@type":"ImageObject","inLanguage":"fr-FR","@id":"https:\/\/www.tamarindos.net\/fr\/services\/piscines\/#primaryimage","url":"https:\/\/www.tamarindos.net\/wp-content\/uploads\/2019\/10\/Piscina-semi-ol\u00edmpica.jpg","contentUrl":"https:\/\/www.tamarindos.net\/wp-content\/uploads\/2019\/10\/Piscina-semi-ol\u00edmpica.jpg","width":2835,"height":1828,"caption":"Zona B"},{"@type":"BreadcrumbList","@id":"https:\/\/www.tamarindos.net\/fr\/services\/piscines\/#breadcrumb","itemListElement":[{"@type":"ListItem","position":1,"name":"Inicio","item":"https:\/\/www.tamarindos.net\/fr\/accueil\/"},{"@type":"ListItem","position":2,"name":"Services","item":"https:\/\/www.tamarindos.net\/fr\/services\/"},{"@type":"ListItem","position":3,"name":"Piscines"}]},{"@type":"WebSite","@id":"https:\/\/www.tamarindos.net\/fr\/#website","url":"https:\/\/www.tamarindos.net\/fr\/","name":"Tamarindos","description":"Apartamentos en Pe\u00f1\u00edscola","publisher":{"@id":"https:\/\/www.tamarindos.net\/fr\/#organization"},"potentialAction":[{"@type":"SearchAction","target":{"@type":"EntryPoint","urlTemplate":"https:\/\/www.tamarindos.net\/fr\/?s={search_term_string}"},"query-input":{"@type":"PropertyValueSpecification","valueRequired":true,"valueName":"search_term_string"}}],"inLanguage":"fr-FR"},{"@type":"Organization","@id":"https:\/\/www.tamarindos.net\/fr\/#organization","name":"TAMARINDOS PE\u00d1\u00cdSCOLA","url":"https:\/\/www.tamarindos.net\/fr\/","logo":{"@type":"ImageObject","inLanguage":"fr-FR","@id":"https:\/\/www.tamarindos.net\/fr\/#\/schema\/logo\/image\/","url":"https:\/\/www.tamarindos.net\/wp-content\/uploads\/2019\/10\/A7B9714-compressor-e1571911709586.jpg","contentUrl":"https:\/\/www.tamarindos.net\/wp-content\/uploads\/2019\/10\/A7B9714-compressor-e1571911709586.jpg","width":1024,"height":705,"caption":"TAMARINDOS PE\u00d1\u00cdSCOLA"},"image":{"@id":"https:\/\/www.tamarindos.net\/fr\/#\/schema\/logo\/image\/"},"sameAs":["https:\/\/www.facebook.com\/tamarindos.net\/","https:\/\/x.com\/tamarindospe","https:\/\/www.instagram.com\/apartamentos_tamarindos\/?hl=es","https:\/\/www.youtube.com\/channel\/UCdzAK3I0CHxOUOFg4IIl76g"]}]}},"_links":{"self":[{"href":"https:\/\/www.tamarindos.net\/fr\/wp-json\/wp\/v2\/pages\/1136","targetHints":{"allow":["GET"]}}],"collection":[{"href":"https:\/\/www.tamarindos.net\/fr\/wp-json\/wp\/v2\/pages"}],"about":[{"href":"https:\/\/www.tamarindos.net\/fr\/wp-json\/wp\/v2\/types\/page"}],"author":[{"embeddable":true,"href":"https:\/\/www.tamarindos.net\/fr\/wp-json\/wp\/v2\/users\/2"}],"replies":[{"embeddable":true,"href":"https:\/\/www.tamarindos.net\/fr\/wp-json\/wp\/v2\/comments?post=1136"}],"version-history":[{"count":10,"href":"https:\/\/www.tamarindos.net\/fr\/wp-json\/wp\/v2\/pages\/1136\/revisions"}],"predecessor-version":[{"id":8385,"href":"https:\/\/www.tamarindos.net\/fr\/wp-json\/wp\/v2\/pages\/1136\/revisions\/8385"}],"up":[{"embeddable":true,"href":"https:\/\/www.tamarindos.net\/fr\/wp-json\/wp\/v2\/pages\/1072"}],"wp:featuredmedia":[{"embeddable":true,"href":"https:\/\/www.tamarindos.net\/fr\/wp-json\/wp\/v2\/media\/3360"}],"wp:attachment":[{"href":"https:\/\/www.tamarindos.net\/fr\/wp-json\/wp\/v2\/media?parent=1136"}],"curies":[{"name":"wp","href":"https:\/\/api.w.org\/{rel}","templated":true}]}}