{"id":1117,"date":"2019-02-04T17:18:04","date_gmt":"2019-02-04T16:18:04","guid":{"rendered":"https:\/\/www.tamarindos.net\/services\/barbecue\/"},"modified":"2025-09-25T16:52:48","modified_gmt":"2025-09-25T14:52:48","slug":"barbecue","status":"publish","type":"page","link":"https:\/\/www.tamarindos.net\/fr\/services\/barbecue\/","title":{"rendered":"Barbecue"},"content":{"rendered":"\n<p>Nous ne pouvons pas tous profiter des joies de la cuisson au feu de bois, mais nous gardons certainement tous en m\u00e9moire un moment pass\u00e9 en famille autour d&rsquo;un barbecue.<\/p>\n\n<p>\u00c0 Tamarindos, nous avons tout pr\u00e9vu pour que vous ne restiez pas sur votre faim et que vous puissiez revivre ces moments. Dans l&rsquo;espace barbecue, vous trouverez des grilles pour vos grillades.<\/p>\n\n<p>Profitez d&rsquo;un repas en famille dans l&rsquo;aire de pique-nique, \u00e0 l&rsquo;ombre de nos magnifiques figuiers.<\/p>\n","protected":false},"excerpt":{"rendered":"<p>Nous ne pouvons pas tous profiter des joies de la cuisson au feu de bois, mais nous gardons certainement tous en m\u00e9moire un moment pass\u00e9 en famille autour d&rsquo;un barbecue. \u00c0 Tamarindos, nous avons tout pr\u00e9vu pour que vous ne restiez pas sur votre faim et que vous puissiez revivre ces moments. Dans l&rsquo;espace barbecue, [&hellip;]<\/p>\n","protected":false},"author":2,"featured_media":8032,"parent":1072,"menu_order":0,"comment_status":"closed","ping_status":"closed","template":"page-servicios.php","meta":{"_acf_changed":false,"inline_featured_image":false,"_joinchat":[],"footnotes":""},"class_list":["post-1117","page","type-page","status-publish","has-post-thumbnail","hentry"],"acf":[],"yoast_head":"<!-- This site is optimized with the Yoast SEO plugin v27.2 - https:\/\/yoast.com\/product\/yoast-seo-wordpress\/ -->\n<title>Barbecue - Tamarindos<\/title>\n<meta name=\"description\" content=\"D\u00e9gustez un barbecue en famille dans l&#039;aire de pique-nique \u00e0 l&#039;ombre de nos figuiers.\" \/>\n<meta name=\"robots\" content=\"index, follow, max-snippet:-1, max-image-preview:large, max-video-preview:-1\" \/>\n<link rel=\"canonical\" href=\"https:\/\/www.tamarindos.net\/fr\/services\/barbecue\/\" \/>\n<meta property=\"og:locale\" content=\"fr_FR\" \/>\n<meta property=\"og:type\" content=\"article\" \/>\n<meta property=\"og:title\" content=\"Barbecue - Tamarindos\" \/>\n<meta property=\"og:description\" content=\"D\u00e9gustez un barbecue en famille dans l&#039;aire de pique-nique \u00e0 l&#039;ombre de nos figuiers.\" \/>\n<meta property=\"og:url\" content=\"https:\/\/www.tamarindos.net\/fr\/services\/barbecue\/\" \/>\n<meta property=\"og:site_name\" content=\"Tamarindos\" \/>\n<meta property=\"article:publisher\" content=\"https:\/\/www.facebook.com\/tamarindos.net\/\" \/>\n<meta property=\"article:modified_time\" content=\"2025-09-25T14:52:48+00:00\" \/>\n<meta property=\"og:image\" content=\"https:\/\/www.tamarindos.net\/wp-content\/uploads\/2025\/08\/DSC02351-edt.jpg\" \/>\n\t<meta property=\"og:image:width\" content=\"1200\" \/>\n\t<meta property=\"og:image:height\" content=\"800\" \/>\n\t<meta property=\"og:image:type\" content=\"image\/jpeg\" \/>\n<meta name=\"twitter:card\" content=\"summary_large_image\" \/>\n<meta name=\"twitter:site\" content=\"@tamarindospe\" \/>\n<script type=\"application\/ld+json\" class=\"yoast-schema-graph\">{\"@context\":\"https:\/\/schema.org\",\"@graph\":[{\"@type\":\"WebPage\",\"@id\":\"https:\/\/www.tamarindos.net\/fr\/services\/barbecue\/\",\"url\":\"https:\/\/www.tamarindos.net\/fr\/services\/barbecue\/\",\"name\":\"Barbecue - Tamarindos\",\"isPartOf\":{\"@id\":\"https:\/\/www.tamarindos.net\/fr\/#website\"},\"primaryImageOfPage\":{\"@id\":\"https:\/\/www.tamarindos.net\/fr\/services\/barbecue\/#primaryimage\"},\"image\":{\"@id\":\"https:\/\/www.tamarindos.net\/fr\/services\/barbecue\/#primaryimage\"},\"thumbnailUrl\":\"https:\/\/www.tamarindos.net\/wp-content\/uploads\/2025\/08\/DSC02351-edt.jpg\",\"datePublished\":\"2019-02-04T16:18:04+00:00\",\"dateModified\":\"2025-09-25T14:52:48+00:00\",\"description\":\"D\u00e9gustez un barbecue en famille dans l'aire de pique-nique \u00e0 l'ombre de nos figuiers.\",\"breadcrumb\":{\"@id\":\"https:\/\/www.tamarindos.net\/fr\/services\/barbecue\/#breadcrumb\"},\"inLanguage\":\"fr-FR\",\"potentialAction\":[{\"@type\":\"ReadAction\",\"target\":[\"https:\/\/www.tamarindos.net\/fr\/services\/barbecue\/\"]}]},{\"@type\":\"ImageObject\",\"inLanguage\":\"fr-FR\",\"@id\":\"https:\/\/www.tamarindos.net\/fr\/services\/barbecue\/#primaryimage\",\"url\":\"https:\/\/www.tamarindos.net\/wp-content\/uploads\/2025\/08\/DSC02351-edt.jpg\",\"contentUrl\":\"https:\/\/www.tamarindos.net\/wp-content\/uploads\/2025\/08\/DSC02351-edt.jpg\",\"width\":4758,\"height\":3172,\"caption\":\"Zona picnic\"},{\"@type\":\"BreadcrumbList\",\"@id\":\"https:\/\/www.tamarindos.net\/fr\/services\/barbecue\/#breadcrumb\",\"itemListElement\":[{\"@type\":\"ListItem\",\"position\":1,\"name\":\"Inicio\",\"item\":\"https:\/\/www.tamarindos.net\/fr\/accueil\/\"},{\"@type\":\"ListItem\",\"position\":2,\"name\":\"Services\",\"item\":\"https:\/\/www.tamarindos.net\/fr\/services\/\"},{\"@type\":\"ListItem\",\"position\":3,\"name\":\"Barbecue\"}]},{\"@type\":\"WebSite\",\"@id\":\"https:\/\/www.tamarindos.net\/fr\/#website\",\"url\":\"https:\/\/www.tamarindos.net\/fr\/\",\"name\":\"Tamarindos\",\"description\":\"Apartamentos en Pe\u00f1\u00edscola\",\"publisher\":{\"@id\":\"https:\/\/www.tamarindos.net\/fr\/#organization\"},\"potentialAction\":[{\"@type\":\"SearchAction\",\"target\":{\"@type\":\"EntryPoint\",\"urlTemplate\":\"https:\/\/www.tamarindos.net\/fr\/?s={search_term_string}\"},\"query-input\":{\"@type\":\"PropertyValueSpecification\",\"valueRequired\":true,\"valueName\":\"search_term_string\"}}],\"inLanguage\":\"fr-FR\"},{\"@type\":\"Organization\",\"@id\":\"https:\/\/www.tamarindos.net\/fr\/#organization\",\"name\":\"TAMARINDOS PE\u00d1\u00cdSCOLA\",\"url\":\"https:\/\/www.tamarindos.net\/fr\/\",\"logo\":{\"@type\":\"ImageObject\",\"inLanguage\":\"fr-FR\",\"@id\":\"https:\/\/www.tamarindos.net\/fr\/#\/schema\/logo\/image\/\",\"url\":\"https:\/\/www.tamarindos.net\/wp-content\/uploads\/2019\/10\/A7B9714-compressor-e1571911709586.jpg\",\"contentUrl\":\"https:\/\/www.tamarindos.net\/wp-content\/uploads\/2019\/10\/A7B9714-compressor-e1571911709586.jpg\",\"width\":1024,\"height\":705,\"caption\":\"TAMARINDOS PE\u00d1\u00cdSCOLA\"},\"image\":{\"@id\":\"https:\/\/www.tamarindos.net\/fr\/#\/schema\/logo\/image\/\"},\"sameAs\":[\"https:\/\/www.facebook.com\/tamarindos.net\/\",\"https:\/\/x.com\/tamarindospe\",\"https:\/\/www.instagram.com\/apartamentos_tamarindos\/?hl=es\",\"https:\/\/www.youtube.com\/channel\/UCdzAK3I0CHxOUOFg4IIl76g\"]}]}<\/script>\n<!-- \/ Yoast SEO plugin. -->","yoast_head_json":{"title":"Barbecue - Tamarindos","description":"D\u00e9gustez un barbecue en famille dans l'aire de pique-nique \u00e0 l'ombre de nos figuiers.","robots":{"index":"index","follow":"follow","max-snippet":"max-snippet:-1","max-image-preview":"max-image-preview:large","max-video-preview":"max-video-preview:-1"},"canonical":"https:\/\/www.tamarindos.net\/fr\/services\/barbecue\/","og_locale":"fr_FR","og_type":"article","og_title":"Barbecue - Tamarindos","og_description":"D\u00e9gustez un barbecue en famille dans l'aire de pique-nique \u00e0 l'ombre de nos figuiers.","og_url":"https:\/\/www.tamarindos.net\/fr\/services\/barbecue\/","og_site_name":"Tamarindos","article_publisher":"https:\/\/www.facebook.com\/tamarindos.net\/","article_modified_time":"2025-09-25T14:52:48+00:00","og_image":[{"url":"https:\/\/www.tamarindos.net\/wp-content\/uploads\/2025\/08\/DSC02351-edt.jpg","width":1200,"height":800,"type":"image\/jpeg"}],"twitter_card":"summary_large_image","twitter_site":"@tamarindospe","schema":{"@context":"https:\/\/schema.org","@graph":[{"@type":"WebPage","@id":"https:\/\/www.tamarindos.net\/fr\/services\/barbecue\/","url":"https:\/\/www.tamarindos.net\/fr\/services\/barbecue\/","name":"Barbecue - Tamarindos","isPartOf":{"@id":"https:\/\/www.tamarindos.net\/fr\/#website"},"primaryImageOfPage":{"@id":"https:\/\/www.tamarindos.net\/fr\/services\/barbecue\/#primaryimage"},"image":{"@id":"https:\/\/www.tamarindos.net\/fr\/services\/barbecue\/#primaryimage"},"thumbnailUrl":"https:\/\/www.tamarindos.net\/wp-content\/uploads\/2025\/08\/DSC02351-edt.jpg","datePublished":"2019-02-04T16:18:04+00:00","dateModified":"2025-09-25T14:52:48+00:00","description":"D\u00e9gustez un barbecue en famille dans l'aire de pique-nique \u00e0 l'ombre de nos figuiers.","breadcrumb":{"@id":"https:\/\/www.tamarindos.net\/fr\/services\/barbecue\/#breadcrumb"},"inLanguage":"fr-FR","potentialAction":[{"@type":"ReadAction","target":["https:\/\/www.tamarindos.net\/fr\/services\/barbecue\/"]}]},{"@type":"ImageObject","inLanguage":"fr-FR","@id":"https:\/\/www.tamarindos.net\/fr\/services\/barbecue\/#primaryimage","url":"https:\/\/www.tamarindos.net\/wp-content\/uploads\/2025\/08\/DSC02351-edt.jpg","contentUrl":"https:\/\/www.tamarindos.net\/wp-content\/uploads\/2025\/08\/DSC02351-edt.jpg","width":4758,"height":3172,"caption":"Zona picnic"},{"@type":"BreadcrumbList","@id":"https:\/\/www.tamarindos.net\/fr\/services\/barbecue\/#breadcrumb","itemListElement":[{"@type":"ListItem","position":1,"name":"Inicio","item":"https:\/\/www.tamarindos.net\/fr\/accueil\/"},{"@type":"ListItem","position":2,"name":"Services","item":"https:\/\/www.tamarindos.net\/fr\/services\/"},{"@type":"ListItem","position":3,"name":"Barbecue"}]},{"@type":"WebSite","@id":"https:\/\/www.tamarindos.net\/fr\/#website","url":"https:\/\/www.tamarindos.net\/fr\/","name":"Tamarindos","description":"Apartamentos en Pe\u00f1\u00edscola","publisher":{"@id":"https:\/\/www.tamarindos.net\/fr\/#organization"},"potentialAction":[{"@type":"SearchAction","target":{"@type":"EntryPoint","urlTemplate":"https:\/\/www.tamarindos.net\/fr\/?s={search_term_string}"},"query-input":{"@type":"PropertyValueSpecification","valueRequired":true,"valueName":"search_term_string"}}],"inLanguage":"fr-FR"},{"@type":"Organization","@id":"https:\/\/www.tamarindos.net\/fr\/#organization","name":"TAMARINDOS PE\u00d1\u00cdSCOLA","url":"https:\/\/www.tamarindos.net\/fr\/","logo":{"@type":"ImageObject","inLanguage":"fr-FR","@id":"https:\/\/www.tamarindos.net\/fr\/#\/schema\/logo\/image\/","url":"https:\/\/www.tamarindos.net\/wp-content\/uploads\/2019\/10\/A7B9714-compressor-e1571911709586.jpg","contentUrl":"https:\/\/www.tamarindos.net\/wp-content\/uploads\/2019\/10\/A7B9714-compressor-e1571911709586.jpg","width":1024,"height":705,"caption":"TAMARINDOS PE\u00d1\u00cdSCOLA"},"image":{"@id":"https:\/\/www.tamarindos.net\/fr\/#\/schema\/logo\/image\/"},"sameAs":["https:\/\/www.facebook.com\/tamarindos.net\/","https:\/\/x.com\/tamarindospe","https:\/\/www.instagram.com\/apartamentos_tamarindos\/?hl=es","https:\/\/www.youtube.com\/channel\/UCdzAK3I0CHxOUOFg4IIl76g"]}]}},"_links":{"self":[{"href":"https:\/\/www.tamarindos.net\/fr\/wp-json\/wp\/v2\/pages\/1117","targetHints":{"allow":["GET"]}}],"collection":[{"href":"https:\/\/www.tamarindos.net\/fr\/wp-json\/wp\/v2\/pages"}],"about":[{"href":"https:\/\/www.tamarindos.net\/fr\/wp-json\/wp\/v2\/types\/page"}],"author":[{"embeddable":true,"href":"https:\/\/www.tamarindos.net\/fr\/wp-json\/wp\/v2\/users\/2"}],"replies":[{"embeddable":true,"href":"https:\/\/www.tamarindos.net\/fr\/wp-json\/wp\/v2\/comments?post=1117"}],"version-history":[{"count":6,"href":"https:\/\/www.tamarindos.net\/fr\/wp-json\/wp\/v2\/pages\/1117\/revisions"}],"predecessor-version":[{"id":8376,"href":"https:\/\/www.tamarindos.net\/fr\/wp-json\/wp\/v2\/pages\/1117\/revisions\/8376"}],"up":[{"embeddable":true,"href":"https:\/\/www.tamarindos.net\/fr\/wp-json\/wp\/v2\/pages\/1072"}],"wp:featuredmedia":[{"embeddable":true,"href":"https:\/\/www.tamarindos.net\/fr\/wp-json\/wp\/v2\/media\/8032"}],"wp:attachment":[{"href":"https:\/\/www.tamarindos.net\/fr\/wp-json\/wp\/v2\/media?parent=1117"}],"curies":[{"name":"wp","href":"https:\/\/api.w.org\/{rel}","templated":true}]}}