{"id":1073,"date":"2019-01-30T18:28:01","date_gmt":"2019-01-30T17:28:01","guid":{"rendered":"https:\/\/www.tamarindos.net\/services\/bar\/"},"modified":"2025-09-25T15:27:10","modified_gmt":"2025-09-25T13:27:10","slug":"bar","status":"publish","type":"page","link":"https:\/\/www.tamarindos.net\/fr\/services\/bar\/","title":{"rendered":"Bar\/Restaurant"},"content":{"rendered":"\n<p>Profitez d&rsquo;un moment rafra\u00eechissant, entour\u00e9 d&rsquo;espaces verts et de palmiers, en vous immergeant dans la tranquillit\u00e9 de notre environnement natural.<\/p>\n\n<p>Nous pr\u00e9parons toutes sortes de plats \u00e0 base de riz cuit au feu de bois, vendus \u00e0 la portion.<\/p>\n\n<p>L&rsquo;entr\u00e9e est r\u00e9serv\u00e9e exclusivement aux clients de Tamarindos et devient un arr\u00eat habituel au retour de la plage. Faites une pause au bord de la piscine et revivez les moments les plus m\u00e9morables de la journ\u00e9e !<\/p>\n\n<p>Ouvert pendant la Semaine Sainte et de la derni\u00e8re semaine de juin \u00e0 la premi\u00e8re semaine de septembre.<\/p>\n\n<h3 class=\"wp-block-heading\">Terraza Solarium<\/h3>\n\n<p>Nous vous invitons \u00e0 d\u00e9couvrir notre terrasse solarium situ\u00e9e au dernier \u00e9tage du restaurant, qui vous offre une vue imprenable que vous n&rsquo;oublierez jamais.<\/p>\n","protected":false},"excerpt":{"rendered":"<p>Profitez d&rsquo;un moment rafra\u00eechissant, entour\u00e9 d&rsquo;espaces verts et de palmiers, en vous immergeant dans la tranquillit\u00e9 de notre environnement natural. Nous pr\u00e9parons toutes sortes de plats \u00e0 base de riz cuit au feu de bois, vendus \u00e0 la portion. L&rsquo;entr\u00e9e est r\u00e9serv\u00e9e exclusivement aux clients de Tamarindos et devient un arr\u00eat habituel au retour de [&hellip;]<\/p>\n","protected":false},"author":2,"featured_media":8008,"parent":1072,"menu_order":0,"comment_status":"closed","ping_status":"closed","template":"page-servicios.php","meta":{"_acf_changed":false,"inline_featured_image":false,"_joinchat":[],"footnotes":""},"class_list":["post-1073","page","type-page","status-publish","has-post-thumbnail","hentry"],"acf":[],"yoast_head":"<!-- This site is optimized with the Yoast SEO plugin v27.2 - https:\/\/yoast.com\/product\/yoast-seo-wordpress\/ -->\n<title>Bar\/Restaurant - Tamarindos<\/title>\n<meta name=\"description\" content=\"Prenez une boisson fra\u00eeche, entour\u00e9e de verdure et de palmiers et profitez pleinement de notre environnement naturel !\" \/>\n<meta name=\"robots\" content=\"index, follow, max-snippet:-1, max-image-preview:large, max-video-preview:-1\" \/>\n<link rel=\"canonical\" href=\"https:\/\/www.tamarindos.net\/fr\/services\/bar\/\" \/>\n<meta property=\"og:locale\" content=\"fr_FR\" \/>\n<meta property=\"og:type\" content=\"article\" \/>\n<meta property=\"og:title\" content=\"Bar\/Restaurant - Tamarindos\" \/>\n<meta property=\"og:description\" content=\"Prenez une boisson fra\u00eeche, entour\u00e9e de verdure et de palmiers et profitez pleinement de notre environnement naturel !\" \/>\n<meta property=\"og:url\" content=\"https:\/\/www.tamarindos.net\/fr\/services\/bar\/\" \/>\n<meta property=\"og:site_name\" content=\"Tamarindos\" \/>\n<meta property=\"article:publisher\" content=\"https:\/\/www.facebook.com\/tamarindos.net\/\" \/>\n<meta property=\"article:modified_time\" content=\"2025-09-25T13:27:10+00:00\" \/>\n<meta property=\"og:image\" content=\"https:\/\/www.tamarindos.net\/wp-content\/uploads\/2025\/08\/web-DSC02411.jpg\" \/>\n\t<meta property=\"og:image:width\" content=\"1200\" \/>\n\t<meta property=\"og:image:height\" content=\"800\" \/>\n\t<meta property=\"og:image:type\" content=\"image\/jpeg\" \/>\n<meta name=\"twitter:card\" content=\"summary_large_image\" \/>\n<meta name=\"twitter:site\" content=\"@tamarindospe\" \/>\n<meta name=\"twitter:label1\" content=\"Dur\u00e9e de lecture estim\u00e9e\" \/>\n\t<meta name=\"twitter:data1\" content=\"1 minute\" \/>\n<script type=\"application\/ld+json\" class=\"yoast-schema-graph\">{\"@context\":\"https:\/\/schema.org\",\"@graph\":[{\"@type\":\"WebPage\",\"@id\":\"https:\/\/www.tamarindos.net\/fr\/services\/bar\/\",\"url\":\"https:\/\/www.tamarindos.net\/fr\/services\/bar\/\",\"name\":\"Bar\/Restaurant - Tamarindos\",\"isPartOf\":{\"@id\":\"https:\/\/www.tamarindos.net\/fr\/#website\"},\"primaryImageOfPage\":{\"@id\":\"https:\/\/www.tamarindos.net\/fr\/services\/bar\/#primaryimage\"},\"image\":{\"@id\":\"https:\/\/www.tamarindos.net\/fr\/services\/bar\/#primaryimage\"},\"thumbnailUrl\":\"https:\/\/www.tamarindos.net\/wp-content\/uploads\/2025\/08\/web-DSC02411.jpg\",\"datePublished\":\"2019-01-30T17:28:01+00:00\",\"dateModified\":\"2025-09-25T13:27:10+00:00\",\"description\":\"Prenez une boisson fra\u00eeche, entour\u00e9e de verdure et de palmiers et profitez pleinement de notre environnement naturel !\",\"breadcrumb\":{\"@id\":\"https:\/\/www.tamarindos.net\/fr\/services\/bar\/#breadcrumb\"},\"inLanguage\":\"fr-FR\",\"potentialAction\":[{\"@type\":\"ReadAction\",\"target\":[\"https:\/\/www.tamarindos.net\/fr\/services\/bar\/\"]}]},{\"@type\":\"ImageObject\",\"inLanguage\":\"fr-FR\",\"@id\":\"https:\/\/www.tamarindos.net\/fr\/services\/bar\/#primaryimage\",\"url\":\"https:\/\/www.tamarindos.net\/wp-content\/uploads\/2025\/08\/web-DSC02411.jpg\",\"contentUrl\":\"https:\/\/www.tamarindos.net\/wp-content\/uploads\/2025\/08\/web-DSC02411.jpg\",\"width\":2400,\"height\":1600,\"caption\":\"Terraza restaurante\"},{\"@type\":\"BreadcrumbList\",\"@id\":\"https:\/\/www.tamarindos.net\/fr\/services\/bar\/#breadcrumb\",\"itemListElement\":[{\"@type\":\"ListItem\",\"position\":1,\"name\":\"Inicio\",\"item\":\"https:\/\/www.tamarindos.net\/fr\/accueil\/\"},{\"@type\":\"ListItem\",\"position\":2,\"name\":\"Services\",\"item\":\"https:\/\/www.tamarindos.net\/fr\/services\/\"},{\"@type\":\"ListItem\",\"position\":3,\"name\":\"Bar\/Restaurant\"}]},{\"@type\":\"WebSite\",\"@id\":\"https:\/\/www.tamarindos.net\/fr\/#website\",\"url\":\"https:\/\/www.tamarindos.net\/fr\/\",\"name\":\"Tamarindos\",\"description\":\"Apartamentos en Pe\u00f1\u00edscola\",\"publisher\":{\"@id\":\"https:\/\/www.tamarindos.net\/fr\/#organization\"},\"potentialAction\":[{\"@type\":\"SearchAction\",\"target\":{\"@type\":\"EntryPoint\",\"urlTemplate\":\"https:\/\/www.tamarindos.net\/fr\/?s={search_term_string}\"},\"query-input\":{\"@type\":\"PropertyValueSpecification\",\"valueRequired\":true,\"valueName\":\"search_term_string\"}}],\"inLanguage\":\"fr-FR\"},{\"@type\":\"Organization\",\"@id\":\"https:\/\/www.tamarindos.net\/fr\/#organization\",\"name\":\"TAMARINDOS PE\u00d1\u00cdSCOLA\",\"url\":\"https:\/\/www.tamarindos.net\/fr\/\",\"logo\":{\"@type\":\"ImageObject\",\"inLanguage\":\"fr-FR\",\"@id\":\"https:\/\/www.tamarindos.net\/fr\/#\/schema\/logo\/image\/\",\"url\":\"https:\/\/www.tamarindos.net\/wp-content\/uploads\/2019\/10\/A7B9714-compressor-e1571911709586.jpg\",\"contentUrl\":\"https:\/\/www.tamarindos.net\/wp-content\/uploads\/2019\/10\/A7B9714-compressor-e1571911709586.jpg\",\"width\":1024,\"height\":705,\"caption\":\"TAMARINDOS PE\u00d1\u00cdSCOLA\"},\"image\":{\"@id\":\"https:\/\/www.tamarindos.net\/fr\/#\/schema\/logo\/image\/\"},\"sameAs\":[\"https:\/\/www.facebook.com\/tamarindos.net\/\",\"https:\/\/x.com\/tamarindospe\",\"https:\/\/www.instagram.com\/apartamentos_tamarindos\/?hl=es\",\"https:\/\/www.youtube.com\/channel\/UCdzAK3I0CHxOUOFg4IIl76g\"]}]}<\/script>\n<!-- \/ Yoast SEO plugin. -->","yoast_head_json":{"title":"Bar\/Restaurant - Tamarindos","description":"Prenez une boisson fra\u00eeche, entour\u00e9e de verdure et de palmiers et profitez pleinement de notre environnement naturel !","robots":{"index":"index","follow":"follow","max-snippet":"max-snippet:-1","max-image-preview":"max-image-preview:large","max-video-preview":"max-video-preview:-1"},"canonical":"https:\/\/www.tamarindos.net\/fr\/services\/bar\/","og_locale":"fr_FR","og_type":"article","og_title":"Bar\/Restaurant - Tamarindos","og_description":"Prenez une boisson fra\u00eeche, entour\u00e9e de verdure et de palmiers et profitez pleinement de notre environnement naturel !","og_url":"https:\/\/www.tamarindos.net\/fr\/services\/bar\/","og_site_name":"Tamarindos","article_publisher":"https:\/\/www.facebook.com\/tamarindos.net\/","article_modified_time":"2025-09-25T13:27:10+00:00","og_image":[{"url":"https:\/\/www.tamarindos.net\/wp-content\/uploads\/2025\/08\/web-DSC02411.jpg","width":1200,"height":800,"type":"image\/jpeg"}],"twitter_card":"summary_large_image","twitter_site":"@tamarindospe","twitter_misc":{"Dur\u00e9e de lecture estim\u00e9e":"1 minute"},"schema":{"@context":"https:\/\/schema.org","@graph":[{"@type":"WebPage","@id":"https:\/\/www.tamarindos.net\/fr\/services\/bar\/","url":"https:\/\/www.tamarindos.net\/fr\/services\/bar\/","name":"Bar\/Restaurant - Tamarindos","isPartOf":{"@id":"https:\/\/www.tamarindos.net\/fr\/#website"},"primaryImageOfPage":{"@id":"https:\/\/www.tamarindos.net\/fr\/services\/bar\/#primaryimage"},"image":{"@id":"https:\/\/www.tamarindos.net\/fr\/services\/bar\/#primaryimage"},"thumbnailUrl":"https:\/\/www.tamarindos.net\/wp-content\/uploads\/2025\/08\/web-DSC02411.jpg","datePublished":"2019-01-30T17:28:01+00:00","dateModified":"2025-09-25T13:27:10+00:00","description":"Prenez une boisson fra\u00eeche, entour\u00e9e de verdure et de palmiers et profitez pleinement de notre environnement naturel !","breadcrumb":{"@id":"https:\/\/www.tamarindos.net\/fr\/services\/bar\/#breadcrumb"},"inLanguage":"fr-FR","potentialAction":[{"@type":"ReadAction","target":["https:\/\/www.tamarindos.net\/fr\/services\/bar\/"]}]},{"@type":"ImageObject","inLanguage":"fr-FR","@id":"https:\/\/www.tamarindos.net\/fr\/services\/bar\/#primaryimage","url":"https:\/\/www.tamarindos.net\/wp-content\/uploads\/2025\/08\/web-DSC02411.jpg","contentUrl":"https:\/\/www.tamarindos.net\/wp-content\/uploads\/2025\/08\/web-DSC02411.jpg","width":2400,"height":1600,"caption":"Terraza restaurante"},{"@type":"BreadcrumbList","@id":"https:\/\/www.tamarindos.net\/fr\/services\/bar\/#breadcrumb","itemListElement":[{"@type":"ListItem","position":1,"name":"Inicio","item":"https:\/\/www.tamarindos.net\/fr\/accueil\/"},{"@type":"ListItem","position":2,"name":"Services","item":"https:\/\/www.tamarindos.net\/fr\/services\/"},{"@type":"ListItem","position":3,"name":"Bar\/Restaurant"}]},{"@type":"WebSite","@id":"https:\/\/www.tamarindos.net\/fr\/#website","url":"https:\/\/www.tamarindos.net\/fr\/","name":"Tamarindos","description":"Apartamentos en Pe\u00f1\u00edscola","publisher":{"@id":"https:\/\/www.tamarindos.net\/fr\/#organization"},"potentialAction":[{"@type":"SearchAction","target":{"@type":"EntryPoint","urlTemplate":"https:\/\/www.tamarindos.net\/fr\/?s={search_term_string}"},"query-input":{"@type":"PropertyValueSpecification","valueRequired":true,"valueName":"search_term_string"}}],"inLanguage":"fr-FR"},{"@type":"Organization","@id":"https:\/\/www.tamarindos.net\/fr\/#organization","name":"TAMARINDOS PE\u00d1\u00cdSCOLA","url":"https:\/\/www.tamarindos.net\/fr\/","logo":{"@type":"ImageObject","inLanguage":"fr-FR","@id":"https:\/\/www.tamarindos.net\/fr\/#\/schema\/logo\/image\/","url":"https:\/\/www.tamarindos.net\/wp-content\/uploads\/2019\/10\/A7B9714-compressor-e1571911709586.jpg","contentUrl":"https:\/\/www.tamarindos.net\/wp-content\/uploads\/2019\/10\/A7B9714-compressor-e1571911709586.jpg","width":1024,"height":705,"caption":"TAMARINDOS PE\u00d1\u00cdSCOLA"},"image":{"@id":"https:\/\/www.tamarindos.net\/fr\/#\/schema\/logo\/image\/"},"sameAs":["https:\/\/www.facebook.com\/tamarindos.net\/","https:\/\/x.com\/tamarindospe","https:\/\/www.instagram.com\/apartamentos_tamarindos\/?hl=es","https:\/\/www.youtube.com\/channel\/UCdzAK3I0CHxOUOFg4IIl76g"]}]}},"_links":{"self":[{"href":"https:\/\/www.tamarindos.net\/fr\/wp-json\/wp\/v2\/pages\/1073","targetHints":{"allow":["GET"]}}],"collection":[{"href":"https:\/\/www.tamarindos.net\/fr\/wp-json\/wp\/v2\/pages"}],"about":[{"href":"https:\/\/www.tamarindos.net\/fr\/wp-json\/wp\/v2\/types\/page"}],"author":[{"embeddable":true,"href":"https:\/\/www.tamarindos.net\/fr\/wp-json\/wp\/v2\/users\/2"}],"replies":[{"embeddable":true,"href":"https:\/\/www.tamarindos.net\/fr\/wp-json\/wp\/v2\/comments?post=1073"}],"version-history":[{"count":11,"href":"https:\/\/www.tamarindos.net\/fr\/wp-json\/wp\/v2\/pages\/1073\/revisions"}],"predecessor-version":[{"id":8362,"href":"https:\/\/www.tamarindos.net\/fr\/wp-json\/wp\/v2\/pages\/1073\/revisions\/8362"}],"up":[{"embeddable":true,"href":"https:\/\/www.tamarindos.net\/fr\/wp-json\/wp\/v2\/pages\/1072"}],"wp:featuredmedia":[{"embeddable":true,"href":"https:\/\/www.tamarindos.net\/fr\/wp-json\/wp\/v2\/media\/8008"}],"wp:attachment":[{"href":"https:\/\/www.tamarindos.net\/fr\/wp-json\/wp\/v2\/media?parent=1073"}],"curies":[{"name":"wp","href":"https:\/\/api.w.org\/{rel}","templated":true}]}}