{"id":1014,"date":"2019-01-30T15:33:12","date_gmt":"2019-01-30T14:33:12","guid":{"rendered":"https:\/\/www.tamarindos.net\/zone-b\/"},"modified":"2026-02-09T12:59:40","modified_gmt":"2026-02-09T11:59:40","slug":"zone-b","status":"publish","type":"page","link":"https:\/\/www.tamarindos.net\/fr\/appartements\/zone-b\/","title":{"rendered":"Appartements Zone B"},"content":{"rendered":"<h3>Au coeur du jardin<\/h3>\n<p>Espace situ\u00e9 perpendiculairement \u00e0 la mer, face \u00e0 la piscine semi-olympique et au c\u0153ur du jardin. Appartements r\u00e9partis en six premiers \u00e9tages et six rez-de-chauss\u00e9e.<\/p>\n<h3>2 chambres doubles, salon, cuisine, salle de bain et terrasse<\/h3>\n<p>La d\u00e9coration et le mobilier sont de style m\u00e9diterran\u00e9en. \u00c9quip\u00e9 d&rsquo;enceintes pour isoler le bruit et maximiser l&rsquo;efficacit\u00e9 \u00e9nerg\u00e9tique.<\/p>\n","protected":false},"excerpt":{"rendered":"<p>Au coeur du jardin Espace situ\u00e9 perpendiculairement \u00e0 la mer, face \u00e0 la piscine semi-olympique et au c\u0153ur du jardin. Appartements r\u00e9partis en six premiers \u00e9tages et six rez-de-chauss\u00e9e. 2 chambres doubles, salon, cuisine, salle de bain et terrasse La d\u00e9coration et le mobilier sont de style m\u00e9diterran\u00e9en. \u00c9quip\u00e9 d&rsquo;enceintes pour isoler le bruit et [&hellip;]<\/p>\n","protected":false},"author":2,"featured_media":3740,"parent":1241,"menu_order":0,"comment_status":"closed","ping_status":"closed","template":"page-apartamentos.php","meta":{"_acf_changed":false,"inline_featured_image":false,"_joinchat":[],"footnotes":""},"class_list":["post-1014","page","type-page","status-publish","has-post-thumbnail","hentry"],"acf":[],"yoast_head":"<!-- This site is optimized with the Yoast SEO plugin v27.2 - https:\/\/yoast.com\/product\/yoast-seo-wordpress\/ -->\n<title>Appartements Zone B - Tamarindos<\/title>\n<meta name=\"description\" content=\"Il s&#039;agit d&#039;un immeuble de 12 appartements r\u00e9nov\u00e9s situ\u00e9 perpendiculairement \u00e0 la mer, face \u00e0 la grande piscine et au c\u0153ur du jardin.\" \/>\n<meta name=\"robots\" content=\"index, follow, max-snippet:-1, max-image-preview:large, max-video-preview:-1\" \/>\n<link rel=\"canonical\" href=\"https:\/\/www.tamarindos.net\/fr\/appartements\/zone-b\/\" \/>\n<meta property=\"og:locale\" content=\"fr_FR\" \/>\n<meta property=\"og:type\" content=\"article\" \/>\n<meta property=\"og:title\" content=\"Appartements Zone B - Tamarindos\" \/>\n<meta property=\"og:description\" content=\"Il s&#039;agit d&#039;un immeuble de 12 appartements r\u00e9nov\u00e9s situ\u00e9 perpendiculairement \u00e0 la mer, face \u00e0 la grande piscine et au c\u0153ur du jardin.\" \/>\n<meta property=\"og:url\" content=\"https:\/\/www.tamarindos.net\/fr\/appartements\/zone-b\/\" \/>\n<meta property=\"og:site_name\" content=\"Tamarindos\" \/>\n<meta property=\"article:publisher\" content=\"https:\/\/www.facebook.com\/tamarindos.net\/\" \/>\n<meta property=\"article:modified_time\" content=\"2026-02-09T11:59:40+00:00\" \/>\n<meta name=\"twitter:card\" content=\"summary_large_image\" \/>\n<meta name=\"twitter:image\" content=\"https:\/\/www.tamarindos.net\/wp-content\/uploads\/2019\/12\/zona-B.jpg\" \/>\n<meta name=\"twitter:site\" content=\"@tamarindospe\" \/>\n<meta name=\"twitter:label1\" content=\"Dur\u00e9e de lecture estim\u00e9e\" \/>\n\t<meta name=\"twitter:data1\" content=\"6 minutes\" \/>\n<script type=\"application\/ld+json\" class=\"yoast-schema-graph\">{\"@context\":\"https:\/\/schema.org\",\"@graph\":[{\"@type\":\"WebPage\",\"@id\":\"https:\/\/www.tamarindos.net\/fr\/appartements\/zone-b\/\",\"url\":\"https:\/\/www.tamarindos.net\/fr\/appartements\/zone-b\/\",\"name\":\"Appartements Zone B - Tamarindos\",\"isPartOf\":{\"@id\":\"https:\/\/www.tamarindos.net\/fr\/#website\"},\"primaryImageOfPage\":{\"@id\":\"https:\/\/www.tamarindos.net\/fr\/appartements\/zone-b\/#primaryimage\"},\"image\":{\"@id\":\"https:\/\/www.tamarindos.net\/fr\/appartements\/zone-b\/#primaryimage\"},\"thumbnailUrl\":\"https:\/\/www.tamarindos.net\/wp-content\/uploads\/2019\/12\/zona-B.jpg\",\"datePublished\":\"2019-01-30T14:33:12+00:00\",\"dateModified\":\"2026-02-09T11:59:40+00:00\",\"description\":\"Il s'agit d'un immeuble de 12 appartements r\u00e9nov\u00e9s situ\u00e9 perpendiculairement \u00e0 la mer, face \u00e0 la grande piscine et au c\u0153ur du jardin.\",\"breadcrumb\":{\"@id\":\"https:\/\/www.tamarindos.net\/fr\/appartements\/zone-b\/#breadcrumb\"},\"inLanguage\":\"fr-FR\",\"potentialAction\":[{\"@type\":\"ReadAction\",\"target\":[\"https:\/\/www.tamarindos.net\/fr\/appartements\/zone-b\/\"]}]},{\"@type\":\"ImageObject\",\"inLanguage\":\"fr-FR\",\"@id\":\"https:\/\/www.tamarindos.net\/fr\/appartements\/zone-b\/#primaryimage\",\"url\":\"https:\/\/www.tamarindos.net\/wp-content\/uploads\/2019\/12\/zona-B.jpg\",\"contentUrl\":\"https:\/\/www.tamarindos.net\/wp-content\/uploads\/2019\/12\/zona-B.jpg\",\"width\":2560,\"height\":1707,\"caption\":\"Palmeras\"},{\"@type\":\"BreadcrumbList\",\"@id\":\"https:\/\/www.tamarindos.net\/fr\/appartements\/zone-b\/#breadcrumb\",\"itemListElement\":[{\"@type\":\"ListItem\",\"position\":1,\"name\":\"Inicio\",\"item\":\"https:\/\/www.tamarindos.net\/fr\/accueil\/\"},{\"@type\":\"ListItem\",\"position\":2,\"name\":\"Appartements\",\"item\":\"https:\/\/www.tamarindos.net\/fr\/appartements\/\"},{\"@type\":\"ListItem\",\"position\":3,\"name\":\"Appartements Zone B\"}]},{\"@type\":\"WebSite\",\"@id\":\"https:\/\/www.tamarindos.net\/fr\/#website\",\"url\":\"https:\/\/www.tamarindos.net\/fr\/\",\"name\":\"Tamarindos\",\"description\":\"Apartamentos en Pe\u00f1\u00edscola\",\"publisher\":{\"@id\":\"https:\/\/www.tamarindos.net\/fr\/#organization\"},\"potentialAction\":[{\"@type\":\"SearchAction\",\"target\":{\"@type\":\"EntryPoint\",\"urlTemplate\":\"https:\/\/www.tamarindos.net\/fr\/?s={search_term_string}\"},\"query-input\":{\"@type\":\"PropertyValueSpecification\",\"valueRequired\":true,\"valueName\":\"search_term_string\"}}],\"inLanguage\":\"fr-FR\"},{\"@type\":\"Organization\",\"@id\":\"https:\/\/www.tamarindos.net\/fr\/#organization\",\"name\":\"TAMARINDOS PE\u00d1\u00cdSCOLA\",\"url\":\"https:\/\/www.tamarindos.net\/fr\/\",\"logo\":{\"@type\":\"ImageObject\",\"inLanguage\":\"fr-FR\",\"@id\":\"https:\/\/www.tamarindos.net\/fr\/#\/schema\/logo\/image\/\",\"url\":\"https:\/\/www.tamarindos.net\/wp-content\/uploads\/2019\/10\/A7B9714-compressor-e1571911709586.jpg\",\"contentUrl\":\"https:\/\/www.tamarindos.net\/wp-content\/uploads\/2019\/10\/A7B9714-compressor-e1571911709586.jpg\",\"width\":1024,\"height\":705,\"caption\":\"TAMARINDOS PE\u00d1\u00cdSCOLA\"},\"image\":{\"@id\":\"https:\/\/www.tamarindos.net\/fr\/#\/schema\/logo\/image\/\"},\"sameAs\":[\"https:\/\/www.facebook.com\/tamarindos.net\/\",\"https:\/\/x.com\/tamarindospe\",\"https:\/\/www.instagram.com\/apartamentos_tamarindos\/?hl=es\",\"https:\/\/www.youtube.com\/channel\/UCdzAK3I0CHxOUOFg4IIl76g\"]}]}<\/script>\n<!-- \/ Yoast SEO plugin. -->","yoast_head_json":{"title":"Appartements Zone B - Tamarindos","description":"Il s'agit d'un immeuble de 12 appartements r\u00e9nov\u00e9s situ\u00e9 perpendiculairement \u00e0 la mer, face \u00e0 la grande piscine et au c\u0153ur du jardin.","robots":{"index":"index","follow":"follow","max-snippet":"max-snippet:-1","max-image-preview":"max-image-preview:large","max-video-preview":"max-video-preview:-1"},"canonical":"https:\/\/www.tamarindos.net\/fr\/appartements\/zone-b\/","og_locale":"fr_FR","og_type":"article","og_title":"Appartements Zone B - Tamarindos","og_description":"Il s'agit d'un immeuble de 12 appartements r\u00e9nov\u00e9s situ\u00e9 perpendiculairement \u00e0 la mer, face \u00e0 la grande piscine et au c\u0153ur du jardin.","og_url":"https:\/\/www.tamarindos.net\/fr\/appartements\/zone-b\/","og_site_name":"Tamarindos","article_publisher":"https:\/\/www.facebook.com\/tamarindos.net\/","article_modified_time":"2026-02-09T11:59:40+00:00","twitter_card":"summary_large_image","twitter_image":"https:\/\/www.tamarindos.net\/wp-content\/uploads\/2019\/12\/zona-B.jpg","twitter_site":"@tamarindospe","twitter_misc":{"Dur\u00e9e de lecture estim\u00e9e":"6 minutes"},"schema":{"@context":"https:\/\/schema.org","@graph":[{"@type":"WebPage","@id":"https:\/\/www.tamarindos.net\/fr\/appartements\/zone-b\/","url":"https:\/\/www.tamarindos.net\/fr\/appartements\/zone-b\/","name":"Appartements Zone B - Tamarindos","isPartOf":{"@id":"https:\/\/www.tamarindos.net\/fr\/#website"},"primaryImageOfPage":{"@id":"https:\/\/www.tamarindos.net\/fr\/appartements\/zone-b\/#primaryimage"},"image":{"@id":"https:\/\/www.tamarindos.net\/fr\/appartements\/zone-b\/#primaryimage"},"thumbnailUrl":"https:\/\/www.tamarindos.net\/wp-content\/uploads\/2019\/12\/zona-B.jpg","datePublished":"2019-01-30T14:33:12+00:00","dateModified":"2026-02-09T11:59:40+00:00","description":"Il s'agit d'un immeuble de 12 appartements r\u00e9nov\u00e9s situ\u00e9 perpendiculairement \u00e0 la mer, face \u00e0 la grande piscine et au c\u0153ur du jardin.","breadcrumb":{"@id":"https:\/\/www.tamarindos.net\/fr\/appartements\/zone-b\/#breadcrumb"},"inLanguage":"fr-FR","potentialAction":[{"@type":"ReadAction","target":["https:\/\/www.tamarindos.net\/fr\/appartements\/zone-b\/"]}]},{"@type":"ImageObject","inLanguage":"fr-FR","@id":"https:\/\/www.tamarindos.net\/fr\/appartements\/zone-b\/#primaryimage","url":"https:\/\/www.tamarindos.net\/wp-content\/uploads\/2019\/12\/zona-B.jpg","contentUrl":"https:\/\/www.tamarindos.net\/wp-content\/uploads\/2019\/12\/zona-B.jpg","width":2560,"height":1707,"caption":"Palmeras"},{"@type":"BreadcrumbList","@id":"https:\/\/www.tamarindos.net\/fr\/appartements\/zone-b\/#breadcrumb","itemListElement":[{"@type":"ListItem","position":1,"name":"Inicio","item":"https:\/\/www.tamarindos.net\/fr\/accueil\/"},{"@type":"ListItem","position":2,"name":"Appartements","item":"https:\/\/www.tamarindos.net\/fr\/appartements\/"},{"@type":"ListItem","position":3,"name":"Appartements Zone B"}]},{"@type":"WebSite","@id":"https:\/\/www.tamarindos.net\/fr\/#website","url":"https:\/\/www.tamarindos.net\/fr\/","name":"Tamarindos","description":"Apartamentos en Pe\u00f1\u00edscola","publisher":{"@id":"https:\/\/www.tamarindos.net\/fr\/#organization"},"potentialAction":[{"@type":"SearchAction","target":{"@type":"EntryPoint","urlTemplate":"https:\/\/www.tamarindos.net\/fr\/?s={search_term_string}"},"query-input":{"@type":"PropertyValueSpecification","valueRequired":true,"valueName":"search_term_string"}}],"inLanguage":"fr-FR"},{"@type":"Organization","@id":"https:\/\/www.tamarindos.net\/fr\/#organization","name":"TAMARINDOS PE\u00d1\u00cdSCOLA","url":"https:\/\/www.tamarindos.net\/fr\/","logo":{"@type":"ImageObject","inLanguage":"fr-FR","@id":"https:\/\/www.tamarindos.net\/fr\/#\/schema\/logo\/image\/","url":"https:\/\/www.tamarindos.net\/wp-content\/uploads\/2019\/10\/A7B9714-compressor-e1571911709586.jpg","contentUrl":"https:\/\/www.tamarindos.net\/wp-content\/uploads\/2019\/10\/A7B9714-compressor-e1571911709586.jpg","width":1024,"height":705,"caption":"TAMARINDOS PE\u00d1\u00cdSCOLA"},"image":{"@id":"https:\/\/www.tamarindos.net\/fr\/#\/schema\/logo\/image\/"},"sameAs":["https:\/\/www.facebook.com\/tamarindos.net\/","https:\/\/x.com\/tamarindospe","https:\/\/www.instagram.com\/apartamentos_tamarindos\/?hl=es","https:\/\/www.youtube.com\/channel\/UCdzAK3I0CHxOUOFg4IIl76g"]}]}},"_links":{"self":[{"href":"https:\/\/www.tamarindos.net\/fr\/wp-json\/wp\/v2\/pages\/1014","targetHints":{"allow":["GET"]}}],"collection":[{"href":"https:\/\/www.tamarindos.net\/fr\/wp-json\/wp\/v2\/pages"}],"about":[{"href":"https:\/\/www.tamarindos.net\/fr\/wp-json\/wp\/v2\/types\/page"}],"author":[{"embeddable":true,"href":"https:\/\/www.tamarindos.net\/fr\/wp-json\/wp\/v2\/users\/2"}],"replies":[{"embeddable":true,"href":"https:\/\/www.tamarindos.net\/fr\/wp-json\/wp\/v2\/comments?post=1014"}],"version-history":[{"count":8,"href":"https:\/\/www.tamarindos.net\/fr\/wp-json\/wp\/v2\/pages\/1014\/revisions"}],"predecessor-version":[{"id":8630,"href":"https:\/\/www.tamarindos.net\/fr\/wp-json\/wp\/v2\/pages\/1014\/revisions\/8630"}],"up":[{"embeddable":true,"href":"https:\/\/www.tamarindos.net\/fr\/wp-json\/wp\/v2\/pages\/1241"}],"wp:featuredmedia":[{"embeddable":true,"href":"https:\/\/www.tamarindos.net\/fr\/wp-json\/wp\/v2\/media\/3740"}],"wp:attachment":[{"href":"https:\/\/www.tamarindos.net\/fr\/wp-json\/wp\/v2\/media?parent=1014"}],"curies":[{"name":"wp","href":"https:\/\/api.w.org\/{rel}","templated":true}]}}