{"id":1002,"date":"2019-01-30T12:52:59","date_gmt":"2019-01-30T11:52:59","guid":{"rendered":"https:\/\/www.tamarindos.net\/zone-a\/"},"modified":"2026-02-09T12:57:11","modified_gmt":"2026-02-09T11:57:11","slug":"zone-a","status":"publish","type":"page","link":"https:\/\/www.tamarindos.net\/fr\/appartements\/zone-a\/","title":{"rendered":"Appartements Zone A"},"content":{"rendered":"<h3>En bord de mer<\/h3>\n<p>Il s&rsquo;agit de la zone la plus proche de la plage nord de Pe\u00f1\u00edscola, perpendiculaire \u00e0 la mer M\u00e9diterran\u00e9e. Appartements r\u00e9partis sur huit premiers \u00e9tages et sept rez-de-chauss\u00e9e, dans un style ibizien avec des touches minimalistes. Situ\u00e9s en face de l&rsquo;aire de jeux pour enfants et de l&rsquo;une des piscines, id\u00e9aux pour le tourisme familial.<\/p>\n<h3>2 chambres doubles, salon, cuisine, salle de bain et terrasse.<\/h3>\n<p>La d\u00e9coration et le mobilier sont de style m\u00e9diterran\u00e9en. Elles sont \u00e9quip\u00e9es de cl\u00f4tures pour s&rsquo;isoler du bruit et maximiser l&rsquo;efficacit\u00e9 \u00e9nerg\u00e9tique. Les terrasses sont ensoleill\u00e9es et s&rsquo;ouvrent sur notre grand jardin.<\/p>\n","protected":false},"excerpt":{"rendered":"<p>En bord de mer Il s&rsquo;agit de la zone la plus proche de la plage nord de Pe\u00f1\u00edscola, perpendiculaire \u00e0 la mer M\u00e9diterran\u00e9e. Appartements r\u00e9partis sur huit premiers \u00e9tages et sept rez-de-chauss\u00e9e, dans un style ibizien avec des touches minimalistes. Situ\u00e9s en face de l&rsquo;aire de jeux pour enfants et de l&rsquo;une des piscines, id\u00e9aux [&hellip;]<\/p>\n","protected":false},"author":2,"featured_media":2250,"parent":1241,"menu_order":0,"comment_status":"closed","ping_status":"closed","template":"page-apartamentos.php","meta":{"_acf_changed":false,"inline_featured_image":false,"_joinchat":[],"footnotes":""},"class_list":["post-1002","page","type-page","status-publish","has-post-thumbnail","hentry"],"acf":[],"yoast_head":"<!-- This site is optimized with the Yoast SEO plugin v27.2 - https:\/\/yoast.com\/product\/yoast-seo-wordpress\/ -->\n<title>Zone A - Appartements familiaux face \u00e0 la plage de Pe\u00f1\u00edscola<\/title>\n<meta name=\"description\" content=\"Style m\u00e9diterran\u00e9en et minimaliste. Ils sont spacieux, lumineux et d&#039;une capacit\u00e9 de 6 personnes. Appartements familiaux face \u00e0 la plage de Pe\u00f1\u00edscola.\" \/>\n<meta name=\"robots\" content=\"index, follow, max-snippet:-1, max-image-preview:large, max-video-preview:-1\" \/>\n<link rel=\"canonical\" href=\"https:\/\/www.tamarindos.net\/fr\/appartements\/zone-a\/\" \/>\n<meta property=\"og:locale\" content=\"fr_FR\" \/>\n<meta property=\"og:type\" content=\"article\" \/>\n<meta property=\"og:title\" content=\"Zone A - Appartements familiaux face \u00e0 la plage de Pe\u00f1\u00edscola\" \/>\n<meta property=\"og:description\" content=\"Style m\u00e9diterran\u00e9en et minimaliste. Ils sont spacieux, lumineux et d&#039;une capacit\u00e9 de 6 personnes. Appartements familiaux face \u00e0 la plage de Pe\u00f1\u00edscola.\" \/>\n<meta property=\"og:url\" content=\"https:\/\/www.tamarindos.net\/fr\/appartements\/zone-a\/\" \/>\n<meta property=\"og:site_name\" content=\"Tamarindos\" \/>\n<meta property=\"article:publisher\" content=\"https:\/\/www.facebook.com\/tamarindos.net\/\" \/>\n<meta property=\"article:modified_time\" content=\"2026-02-09T11:57:11+00:00\" \/>\n<meta property=\"og:image\" content=\"https:\/\/www.tamarindos.net\/wp-content\/uploads\/2019\/10\/Zona-A-e1571911906137.jpg\" \/>\n\t<meta property=\"og:image:width\" content=\"1024\" \/>\n\t<meta property=\"og:image:height\" content=\"705\" \/>\n\t<meta property=\"og:image:type\" content=\"image\/jpeg\" \/>\n<meta name=\"twitter:card\" content=\"summary_large_image\" \/>\n<meta name=\"twitter:site\" content=\"@tamarindospe\" \/>\n<meta name=\"twitter:label1\" content=\"Dur\u00e9e de lecture estim\u00e9e\" \/>\n\t<meta name=\"twitter:data1\" content=\"9 minutes\" \/>\n<script type=\"application\/ld+json\" class=\"yoast-schema-graph\">{\"@context\":\"https:\/\/schema.org\",\"@graph\":[{\"@type\":\"WebPage\",\"@id\":\"https:\/\/www.tamarindos.net\/fr\/appartements\/zone-a\/\",\"url\":\"https:\/\/www.tamarindos.net\/fr\/appartements\/zone-a\/\",\"name\":\"Zone A - Appartements familiaux face \u00e0 la plage de Pe\u00f1\u00edscola\",\"isPartOf\":{\"@id\":\"https:\/\/www.tamarindos.net\/fr\/#website\"},\"primaryImageOfPage\":{\"@id\":\"https:\/\/www.tamarindos.net\/fr\/appartements\/zone-a\/#primaryimage\"},\"image\":{\"@id\":\"https:\/\/www.tamarindos.net\/fr\/appartements\/zone-a\/#primaryimage\"},\"thumbnailUrl\":\"https:\/\/www.tamarindos.net\/wp-content\/uploads\/2019\/06\/A7B9714.jpg\",\"datePublished\":\"2019-01-30T11:52:59+00:00\",\"dateModified\":\"2026-02-09T11:57:11+00:00\",\"description\":\"Style m\u00e9diterran\u00e9en et minimaliste. Ils sont spacieux, lumineux et d'une capacit\u00e9 de 6 personnes. Appartements familiaux face \u00e0 la plage de Pe\u00f1\u00edscola.\",\"breadcrumb\":{\"@id\":\"https:\/\/www.tamarindos.net\/fr\/appartements\/zone-a\/#breadcrumb\"},\"inLanguage\":\"fr-FR\",\"potentialAction\":[{\"@type\":\"ReadAction\",\"target\":[\"https:\/\/www.tamarindos.net\/fr\/appartements\/zone-a\/\"]}]},{\"@type\":\"ImageObject\",\"inLanguage\":\"fr-FR\",\"@id\":\"https:\/\/www.tamarindos.net\/fr\/appartements\/zone-a\/#primaryimage\",\"url\":\"https:\/\/www.tamarindos.net\/wp-content\/uploads\/2019\/06\/A7B9714.jpg\",\"contentUrl\":\"https:\/\/www.tamarindos.net\/wp-content\/uploads\/2019\/06\/A7B9714.jpg\",\"width\":5224,\"height\":3595,\"caption\":\"Zona A\"},{\"@type\":\"BreadcrumbList\",\"@id\":\"https:\/\/www.tamarindos.net\/fr\/appartements\/zone-a\/#breadcrumb\",\"itemListElement\":[{\"@type\":\"ListItem\",\"position\":1,\"name\":\"Inicio\",\"item\":\"https:\/\/www.tamarindos.net\/fr\/accueil\/\"},{\"@type\":\"ListItem\",\"position\":2,\"name\":\"Appartements\",\"item\":\"https:\/\/www.tamarindos.net\/fr\/appartements\/\"},{\"@type\":\"ListItem\",\"position\":3,\"name\":\"Appartements Zone A\"}]},{\"@type\":\"WebSite\",\"@id\":\"https:\/\/www.tamarindos.net\/fr\/#website\",\"url\":\"https:\/\/www.tamarindos.net\/fr\/\",\"name\":\"Tamarindos\",\"description\":\"Apartamentos en Pe\u00f1\u00edscola\",\"publisher\":{\"@id\":\"https:\/\/www.tamarindos.net\/fr\/#organization\"},\"potentialAction\":[{\"@type\":\"SearchAction\",\"target\":{\"@type\":\"EntryPoint\",\"urlTemplate\":\"https:\/\/www.tamarindos.net\/fr\/?s={search_term_string}\"},\"query-input\":{\"@type\":\"PropertyValueSpecification\",\"valueRequired\":true,\"valueName\":\"search_term_string\"}}],\"inLanguage\":\"fr-FR\"},{\"@type\":\"Organization\",\"@id\":\"https:\/\/www.tamarindos.net\/fr\/#organization\",\"name\":\"TAMARINDOS PE\u00d1\u00cdSCOLA\",\"url\":\"https:\/\/www.tamarindos.net\/fr\/\",\"logo\":{\"@type\":\"ImageObject\",\"inLanguage\":\"fr-FR\",\"@id\":\"https:\/\/www.tamarindos.net\/fr\/#\/schema\/logo\/image\/\",\"url\":\"https:\/\/www.tamarindos.net\/wp-content\/uploads\/2019\/10\/A7B9714-compressor-e1571911709586.jpg\",\"contentUrl\":\"https:\/\/www.tamarindos.net\/wp-content\/uploads\/2019\/10\/A7B9714-compressor-e1571911709586.jpg\",\"width\":1024,\"height\":705,\"caption\":\"TAMARINDOS PE\u00d1\u00cdSCOLA\"},\"image\":{\"@id\":\"https:\/\/www.tamarindos.net\/fr\/#\/schema\/logo\/image\/\"},\"sameAs\":[\"https:\/\/www.facebook.com\/tamarindos.net\/\",\"https:\/\/x.com\/tamarindospe\",\"https:\/\/www.instagram.com\/apartamentos_tamarindos\/?hl=es\",\"https:\/\/www.youtube.com\/channel\/UCdzAK3I0CHxOUOFg4IIl76g\"]}]}<\/script>\n<!-- \/ Yoast SEO plugin. -->","yoast_head_json":{"title":"Zone A - Appartements familiaux face \u00e0 la plage de Pe\u00f1\u00edscola","description":"Style m\u00e9diterran\u00e9en et minimaliste. Ils sont spacieux, lumineux et d'une capacit\u00e9 de 6 personnes. Appartements familiaux face \u00e0 la plage de Pe\u00f1\u00edscola.","robots":{"index":"index","follow":"follow","max-snippet":"max-snippet:-1","max-image-preview":"max-image-preview:large","max-video-preview":"max-video-preview:-1"},"canonical":"https:\/\/www.tamarindos.net\/fr\/appartements\/zone-a\/","og_locale":"fr_FR","og_type":"article","og_title":"Zone A - Appartements familiaux face \u00e0 la plage de Pe\u00f1\u00edscola","og_description":"Style m\u00e9diterran\u00e9en et minimaliste. Ils sont spacieux, lumineux et d'une capacit\u00e9 de 6 personnes. Appartements familiaux face \u00e0 la plage de Pe\u00f1\u00edscola.","og_url":"https:\/\/www.tamarindos.net\/fr\/appartements\/zone-a\/","og_site_name":"Tamarindos","article_publisher":"https:\/\/www.facebook.com\/tamarindos.net\/","article_modified_time":"2026-02-09T11:57:11+00:00","og_image":[{"width":1024,"height":705,"url":"https:\/\/www.tamarindos.net\/wp-content\/uploads\/2019\/10\/Zona-A-e1571911906137.jpg","type":"image\/jpeg"}],"twitter_card":"summary_large_image","twitter_site":"@tamarindospe","twitter_misc":{"Dur\u00e9e de lecture estim\u00e9e":"9 minutes"},"schema":{"@context":"https:\/\/schema.org","@graph":[{"@type":"WebPage","@id":"https:\/\/www.tamarindos.net\/fr\/appartements\/zone-a\/","url":"https:\/\/www.tamarindos.net\/fr\/appartements\/zone-a\/","name":"Zone A - Appartements familiaux face \u00e0 la plage de Pe\u00f1\u00edscola","isPartOf":{"@id":"https:\/\/www.tamarindos.net\/fr\/#website"},"primaryImageOfPage":{"@id":"https:\/\/www.tamarindos.net\/fr\/appartements\/zone-a\/#primaryimage"},"image":{"@id":"https:\/\/www.tamarindos.net\/fr\/appartements\/zone-a\/#primaryimage"},"thumbnailUrl":"https:\/\/www.tamarindos.net\/wp-content\/uploads\/2019\/06\/A7B9714.jpg","datePublished":"2019-01-30T11:52:59+00:00","dateModified":"2026-02-09T11:57:11+00:00","description":"Style m\u00e9diterran\u00e9en et minimaliste. Ils sont spacieux, lumineux et d'une capacit\u00e9 de 6 personnes. Appartements familiaux face \u00e0 la plage de Pe\u00f1\u00edscola.","breadcrumb":{"@id":"https:\/\/www.tamarindos.net\/fr\/appartements\/zone-a\/#breadcrumb"},"inLanguage":"fr-FR","potentialAction":[{"@type":"ReadAction","target":["https:\/\/www.tamarindos.net\/fr\/appartements\/zone-a\/"]}]},{"@type":"ImageObject","inLanguage":"fr-FR","@id":"https:\/\/www.tamarindos.net\/fr\/appartements\/zone-a\/#primaryimage","url":"https:\/\/www.tamarindos.net\/wp-content\/uploads\/2019\/06\/A7B9714.jpg","contentUrl":"https:\/\/www.tamarindos.net\/wp-content\/uploads\/2019\/06\/A7B9714.jpg","width":5224,"height":3595,"caption":"Zona A"},{"@type":"BreadcrumbList","@id":"https:\/\/www.tamarindos.net\/fr\/appartements\/zone-a\/#breadcrumb","itemListElement":[{"@type":"ListItem","position":1,"name":"Inicio","item":"https:\/\/www.tamarindos.net\/fr\/accueil\/"},{"@type":"ListItem","position":2,"name":"Appartements","item":"https:\/\/www.tamarindos.net\/fr\/appartements\/"},{"@type":"ListItem","position":3,"name":"Appartements Zone A"}]},{"@type":"WebSite","@id":"https:\/\/www.tamarindos.net\/fr\/#website","url":"https:\/\/www.tamarindos.net\/fr\/","name":"Tamarindos","description":"Apartamentos en Pe\u00f1\u00edscola","publisher":{"@id":"https:\/\/www.tamarindos.net\/fr\/#organization"},"potentialAction":[{"@type":"SearchAction","target":{"@type":"EntryPoint","urlTemplate":"https:\/\/www.tamarindos.net\/fr\/?s={search_term_string}"},"query-input":{"@type":"PropertyValueSpecification","valueRequired":true,"valueName":"search_term_string"}}],"inLanguage":"fr-FR"},{"@type":"Organization","@id":"https:\/\/www.tamarindos.net\/fr\/#organization","name":"TAMARINDOS PE\u00d1\u00cdSCOLA","url":"https:\/\/www.tamarindos.net\/fr\/","logo":{"@type":"ImageObject","inLanguage":"fr-FR","@id":"https:\/\/www.tamarindos.net\/fr\/#\/schema\/logo\/image\/","url":"https:\/\/www.tamarindos.net\/wp-content\/uploads\/2019\/10\/A7B9714-compressor-e1571911709586.jpg","contentUrl":"https:\/\/www.tamarindos.net\/wp-content\/uploads\/2019\/10\/A7B9714-compressor-e1571911709586.jpg","width":1024,"height":705,"caption":"TAMARINDOS PE\u00d1\u00cdSCOLA"},"image":{"@id":"https:\/\/www.tamarindos.net\/fr\/#\/schema\/logo\/image\/"},"sameAs":["https:\/\/www.facebook.com\/tamarindos.net\/","https:\/\/x.com\/tamarindospe","https:\/\/www.instagram.com\/apartamentos_tamarindos\/?hl=es","https:\/\/www.youtube.com\/channel\/UCdzAK3I0CHxOUOFg4IIl76g"]}]}},"_links":{"self":[{"href":"https:\/\/www.tamarindos.net\/fr\/wp-json\/wp\/v2\/pages\/1002","targetHints":{"allow":["GET"]}}],"collection":[{"href":"https:\/\/www.tamarindos.net\/fr\/wp-json\/wp\/v2\/pages"}],"about":[{"href":"https:\/\/www.tamarindos.net\/fr\/wp-json\/wp\/v2\/types\/page"}],"author":[{"embeddable":true,"href":"https:\/\/www.tamarindos.net\/fr\/wp-json\/wp\/v2\/users\/2"}],"replies":[{"embeddable":true,"href":"https:\/\/www.tamarindos.net\/fr\/wp-json\/wp\/v2\/comments?post=1002"}],"version-history":[{"count":9,"href":"https:\/\/www.tamarindos.net\/fr\/wp-json\/wp\/v2\/pages\/1002\/revisions"}],"predecessor-version":[{"id":8629,"href":"https:\/\/www.tamarindos.net\/fr\/wp-json\/wp\/v2\/pages\/1002\/revisions\/8629"}],"up":[{"embeddable":true,"href":"https:\/\/www.tamarindos.net\/fr\/wp-json\/wp\/v2\/pages\/1241"}],"wp:featuredmedia":[{"embeddable":true,"href":"https:\/\/www.tamarindos.net\/fr\/wp-json\/wp\/v2\/media\/2250"}],"wp:attachment":[{"href":"https:\/\/www.tamarindos.net\/fr\/wp-json\/wp\/v2\/media?parent=1002"}],"curies":[{"name":"wp","href":"https:\/\/api.w.org\/{rel}","templated":true}]}}