{"id":6195,"date":"2024-02-07T15:40:24","date_gmt":"2024-02-07T14:40:24","guid":{"rendered":"https:\/\/www.tamarindos.net\/engagiert-fuer-die-umwelt\/"},"modified":"2025-03-20T17:17:44","modified_gmt":"2025-03-20T16:17:44","slug":"engagiert-fuer-die-umwelt","status":"publish","type":"page","link":"https:\/\/www.tamarindos.net\/de\/engagiert-fuer-die-umwelt\/","title":{"rendered":"Engagiert f\u00fcr die Umwelt!"},"content":{"rendered":"\n<h2 class=\"wp-block-heading\"><strong>In den Apartamentos Tamarindos haben wir uns verpflichtet, die <span>Umwelt f\u00fcr di<\/span>e Zukunft unseres Planeten zu sch\u00fctzen.<\/strong><\/h2>\n\n<p><span style=\"font-weight: 400;\">Wir sind ein <strong>Reiseziel<\/strong>, das sich f\u00fcr <strong>Umwelt<\/strong>, Energieeinsparung und <strong>Nachhaltigkeit<\/strong> <strong>einsetzt<\/strong>. F\u00fcr uns ist es von entscheidender Bedeutung, dass unsere Einrichtungen und Dienstleistungen die Umwelt m\u00f6glichst wenig belasten und ein hohes Ma\u00df an Energieeffizienz aufweisen.<\/span><\/p>\n\n<p><span style=\"font-weight: 400;\">Bei Tamarindos arbeiten wir seit Jahren daran, die Umwelt zu sch\u00fctzen und Ma\u00dfnahmen zu ergreifen, um unsere Auswirkungen schrittweise zu verringern. Wir ermutigen auch unsere Kunden, unsere Einrichtungen und Dienstleistungen <strong>verantwortungsvoll zu nutzen<\/strong>, da wir auf ihre Mitarbeit und ihr Engagement angewiesen sind.<\/span><\/p>\n\n<p><span style=\"font-weight: 400;\">Im Laufe der Zeit haben wir eine Reihe von Ma\u00dfnahmen zusammengestellt, die wir laufend durchf\u00fchren und die wir Jahr f\u00fcr Jahr aktualisieren und erweitern.<\/span><\/p>\n","protected":false},"excerpt":{"rendered":"<p>In den Apartamentos Tamarindos haben wir uns verpflichtet, die Umwelt f\u00fcr die Zukunft unseres Planeten zu sch\u00fctzen. Wir sind ein Reiseziel, das sich f\u00fcr Umwelt, Energieeinsparung und Nachhaltigkeit einsetzt. F\u00fcr uns ist es von entscheidender Bedeutung, dass unsere Einrichtungen und Dienstleistungen die Umwelt m\u00f6glichst wenig belasten und ein hohes Ma\u00df an Energieeffizienz aufweisen. Bei Tamarindos [&hellip;]<\/p>\n","protected":false},"author":3,"featured_media":0,"parent":0,"menu_order":0,"comment_status":"closed","ping_status":"closed","template":"page-comprometidos.php","meta":{"_acf_changed":false,"inline_featured_image":false,"_joinchat":[],"footnotes":""},"class_list":["post-6195","page","type-page","status-publish","hentry"],"acf":[],"yoast_head":"<!-- This site is optimized with the Yoast SEO plugin v27.2 - https:\/\/yoast.com\/product\/yoast-seo-wordpress\/ -->\n<title>Engagiert f\u00fcr die Umwelt! - Tamarindos<\/title>\n<meta name=\"description\" content=\"Wir sind ein Reiseziel, das sich f\u00fcr Umwelt, Energieeinsparung und Nachhaltigkeit einsetzt.\" \/>\n<meta name=\"robots\" content=\"index, follow, max-snippet:-1, max-image-preview:large, max-video-preview:-1\" \/>\n<link rel=\"canonical\" href=\"https:\/\/www.tamarindos.net\/de\/engagiert-fuer-die-umwelt\/\" \/>\n<meta property=\"og:locale\" content=\"de_DE\" \/>\n<meta property=\"og:type\" content=\"article\" \/>\n<meta property=\"og:title\" content=\"Engagiert f\u00fcr die Umwelt! - Tamarindos\" \/>\n<meta property=\"og:description\" content=\"Wir sind ein Reiseziel, das sich f\u00fcr Umwelt, Energieeinsparung und Nachhaltigkeit einsetzt.\" \/>\n<meta property=\"og:url\" content=\"https:\/\/www.tamarindos.net\/de\/engagiert-fuer-die-umwelt\/\" \/>\n<meta property=\"og:site_name\" content=\"Tamarindos\" \/>\n<meta property=\"article:publisher\" content=\"https:\/\/www.facebook.com\/tamarindos.net\/\" \/>\n<meta property=\"article:modified_time\" content=\"2025-03-20T16:17:44+00:00\" \/>\n<meta name=\"twitter:card\" content=\"summary_large_image\" \/>\n<meta name=\"twitter:site\" content=\"@tamarindospe\" \/>\n<meta name=\"twitter:label1\" content=\"Gesch\u00e4tzte Lesezeit\" \/>\n\t<meta name=\"twitter:data1\" content=\"1\u00a0Minute\" \/>\n<script type=\"application\/ld+json\" class=\"yoast-schema-graph\">{\"@context\":\"https:\/\/schema.org\",\"@graph\":[{\"@type\":\"WebPage\",\"@id\":\"https:\/\/www.tamarindos.net\/de\/engagiert-fuer-die-umwelt\/\",\"url\":\"https:\/\/www.tamarindos.net\/de\/engagiert-fuer-die-umwelt\/\",\"name\":\"Engagiert f\u00fcr die Umwelt! - Tamarindos\",\"isPartOf\":{\"@id\":\"https:\/\/www.tamarindos.net\/de\/#website\"},\"datePublished\":\"2024-02-07T14:40:24+00:00\",\"dateModified\":\"2025-03-20T16:17:44+00:00\",\"description\":\"Wir sind ein Reiseziel, das sich f\u00fcr Umwelt, Energieeinsparung und Nachhaltigkeit einsetzt.\",\"breadcrumb\":{\"@id\":\"https:\/\/www.tamarindos.net\/de\/engagiert-fuer-die-umwelt\/#breadcrumb\"},\"inLanguage\":\"de\",\"potentialAction\":[{\"@type\":\"ReadAction\",\"target\":[\"https:\/\/www.tamarindos.net\/de\/engagiert-fuer-die-umwelt\/\"]}]},{\"@type\":\"BreadcrumbList\",\"@id\":\"https:\/\/www.tamarindos.net\/de\/engagiert-fuer-die-umwelt\/#breadcrumb\",\"itemListElement\":[{\"@type\":\"ListItem\",\"position\":1,\"name\":\"Inicio\",\"item\":\"https:\/\/www.tamarindos.net\/de\/homepage\/\"},{\"@type\":\"ListItem\",\"position\":2,\"name\":\"Engagiert f\u00fcr die Umwelt!\"}]},{\"@type\":\"WebSite\",\"@id\":\"https:\/\/www.tamarindos.net\/de\/#website\",\"url\":\"https:\/\/www.tamarindos.net\/de\/\",\"name\":\"Tamarindos\",\"description\":\"Apartamentos en Pe\u00f1\u00edscola\",\"publisher\":{\"@id\":\"https:\/\/www.tamarindos.net\/de\/#organization\"},\"potentialAction\":[{\"@type\":\"SearchAction\",\"target\":{\"@type\":\"EntryPoint\",\"urlTemplate\":\"https:\/\/www.tamarindos.net\/de\/?s={search_term_string}\"},\"query-input\":{\"@type\":\"PropertyValueSpecification\",\"valueRequired\":true,\"valueName\":\"search_term_string\"}}],\"inLanguage\":\"de\"},{\"@type\":\"Organization\",\"@id\":\"https:\/\/www.tamarindos.net\/de\/#organization\",\"name\":\"TAMARINDOS PE\u00d1\u00cdSCOLA\",\"url\":\"https:\/\/www.tamarindos.net\/de\/\",\"logo\":{\"@type\":\"ImageObject\",\"inLanguage\":\"de\",\"@id\":\"https:\/\/www.tamarindos.net\/de\/#\/schema\/logo\/image\/\",\"url\":\"https:\/\/www.tamarindos.net\/wp-content\/uploads\/2019\/10\/A7B9714-compressor-e1571911709586.jpg\",\"contentUrl\":\"https:\/\/www.tamarindos.net\/wp-content\/uploads\/2019\/10\/A7B9714-compressor-e1571911709586.jpg\",\"width\":1024,\"height\":705,\"caption\":\"TAMARINDOS PE\u00d1\u00cdSCOLA\"},\"image\":{\"@id\":\"https:\/\/www.tamarindos.net\/de\/#\/schema\/logo\/image\/\"},\"sameAs\":[\"https:\/\/www.facebook.com\/tamarindos.net\/\",\"https:\/\/x.com\/tamarindospe\",\"https:\/\/www.instagram.com\/apartamentos_tamarindos\/?hl=es\",\"https:\/\/www.youtube.com\/channel\/UCdzAK3I0CHxOUOFg4IIl76g\"]}]}<\/script>\n<!-- \/ Yoast SEO plugin. -->","yoast_head_json":{"title":"Engagiert f\u00fcr die Umwelt! - Tamarindos","description":"Wir sind ein Reiseziel, das sich f\u00fcr Umwelt, Energieeinsparung und Nachhaltigkeit einsetzt.","robots":{"index":"index","follow":"follow","max-snippet":"max-snippet:-1","max-image-preview":"max-image-preview:large","max-video-preview":"max-video-preview:-1"},"canonical":"https:\/\/www.tamarindos.net\/de\/engagiert-fuer-die-umwelt\/","og_locale":"de_DE","og_type":"article","og_title":"Engagiert f\u00fcr die Umwelt! - Tamarindos","og_description":"Wir sind ein Reiseziel, das sich f\u00fcr Umwelt, Energieeinsparung und Nachhaltigkeit einsetzt.","og_url":"https:\/\/www.tamarindos.net\/de\/engagiert-fuer-die-umwelt\/","og_site_name":"Tamarindos","article_publisher":"https:\/\/www.facebook.com\/tamarindos.net\/","article_modified_time":"2025-03-20T16:17:44+00:00","twitter_card":"summary_large_image","twitter_site":"@tamarindospe","twitter_misc":{"Gesch\u00e4tzte Lesezeit":"1\u00a0Minute"},"schema":{"@context":"https:\/\/schema.org","@graph":[{"@type":"WebPage","@id":"https:\/\/www.tamarindos.net\/de\/engagiert-fuer-die-umwelt\/","url":"https:\/\/www.tamarindos.net\/de\/engagiert-fuer-die-umwelt\/","name":"Engagiert f\u00fcr die Umwelt! - Tamarindos","isPartOf":{"@id":"https:\/\/www.tamarindos.net\/de\/#website"},"datePublished":"2024-02-07T14:40:24+00:00","dateModified":"2025-03-20T16:17:44+00:00","description":"Wir sind ein Reiseziel, das sich f\u00fcr Umwelt, Energieeinsparung und Nachhaltigkeit einsetzt.","breadcrumb":{"@id":"https:\/\/www.tamarindos.net\/de\/engagiert-fuer-die-umwelt\/#breadcrumb"},"inLanguage":"de","potentialAction":[{"@type":"ReadAction","target":["https:\/\/www.tamarindos.net\/de\/engagiert-fuer-die-umwelt\/"]}]},{"@type":"BreadcrumbList","@id":"https:\/\/www.tamarindos.net\/de\/engagiert-fuer-die-umwelt\/#breadcrumb","itemListElement":[{"@type":"ListItem","position":1,"name":"Inicio","item":"https:\/\/www.tamarindos.net\/de\/homepage\/"},{"@type":"ListItem","position":2,"name":"Engagiert f\u00fcr die Umwelt!"}]},{"@type":"WebSite","@id":"https:\/\/www.tamarindos.net\/de\/#website","url":"https:\/\/www.tamarindos.net\/de\/","name":"Tamarindos","description":"Apartamentos en Pe\u00f1\u00edscola","publisher":{"@id":"https:\/\/www.tamarindos.net\/de\/#organization"},"potentialAction":[{"@type":"SearchAction","target":{"@type":"EntryPoint","urlTemplate":"https:\/\/www.tamarindos.net\/de\/?s={search_term_string}"},"query-input":{"@type":"PropertyValueSpecification","valueRequired":true,"valueName":"search_term_string"}}],"inLanguage":"de"},{"@type":"Organization","@id":"https:\/\/www.tamarindos.net\/de\/#organization","name":"TAMARINDOS PE\u00d1\u00cdSCOLA","url":"https:\/\/www.tamarindos.net\/de\/","logo":{"@type":"ImageObject","inLanguage":"de","@id":"https:\/\/www.tamarindos.net\/de\/#\/schema\/logo\/image\/","url":"https:\/\/www.tamarindos.net\/wp-content\/uploads\/2019\/10\/A7B9714-compressor-e1571911709586.jpg","contentUrl":"https:\/\/www.tamarindos.net\/wp-content\/uploads\/2019\/10\/A7B9714-compressor-e1571911709586.jpg","width":1024,"height":705,"caption":"TAMARINDOS PE\u00d1\u00cdSCOLA"},"image":{"@id":"https:\/\/www.tamarindos.net\/de\/#\/schema\/logo\/image\/"},"sameAs":["https:\/\/www.facebook.com\/tamarindos.net\/","https:\/\/x.com\/tamarindospe","https:\/\/www.instagram.com\/apartamentos_tamarindos\/?hl=es","https:\/\/www.youtube.com\/channel\/UCdzAK3I0CHxOUOFg4IIl76g"]}]}},"_links":{"self":[{"href":"https:\/\/www.tamarindos.net\/de\/wp-json\/wp\/v2\/pages\/6195","targetHints":{"allow":["GET"]}}],"collection":[{"href":"https:\/\/www.tamarindos.net\/de\/wp-json\/wp\/v2\/pages"}],"about":[{"href":"https:\/\/www.tamarindos.net\/de\/wp-json\/wp\/v2\/types\/page"}],"author":[{"embeddable":true,"href":"https:\/\/www.tamarindos.net\/de\/wp-json\/wp\/v2\/users\/3"}],"replies":[{"embeddable":true,"href":"https:\/\/www.tamarindos.net\/de\/wp-json\/wp\/v2\/comments?post=6195"}],"version-history":[{"count":6,"href":"https:\/\/www.tamarindos.net\/de\/wp-json\/wp\/v2\/pages\/6195\/revisions"}],"predecessor-version":[{"id":6640,"href":"https:\/\/www.tamarindos.net\/de\/wp-json\/wp\/v2\/pages\/6195\/revisions\/6640"}],"wp:attachment":[{"href":"https:\/\/www.tamarindos.net\/de\/wp-json\/wp\/v2\/media?parent=6195"}],"curies":[{"name":"wp","href":"https:\/\/api.w.org\/{rel}","templated":true}]}}