{"id":1437,"date":"2019-02-21T13:39:06","date_gmt":"2019-02-21T12:39:06","guid":{"rendered":"https:\/\/www.tamarindos.net\/familienurlaub\/"},"modified":"2026-03-05T10:31:41","modified_gmt":"2026-03-05T09:31:41","slug":"familienurlaub","status":"publish","type":"page","link":"https:\/\/www.tamarindos.net\/de\/familienurlaub\/","title":{"rendered":"Familienurlaub in Pe\u00f1\u00edscola"},"content":{"rendered":"","protected":false},"excerpt":{"rendered":"","protected":false},"author":2,"featured_media":8684,"parent":0,"menu_order":0,"comment_status":"closed","ping_status":"closed","template":"","meta":{"_acf_changed":false,"inline_featured_image":false,"_joinchat":[],"footnotes":""},"class_list":["post-1437","page","type-page","status-publish","has-post-thumbnail","hentry"],"acf":[],"yoast_head":"<!-- This site is optimized with the Yoast SEO plugin v27.2 - https:\/\/yoast.com\/product\/yoast-seo-wordpress\/ -->\n<title>Familienurlaub in Pe\u00f1\u00edscola - Tamarindos<\/title>\n<meta name=\"description\" content=\"Tamarindos steht f\u00fcr Ruhe und Familientourismus in Pe\u00f1\u00edscola. Ideal f\u00fcr Familien mit Kindern oder Wochenendausfl\u00fcge zu zweit.\" \/>\n<meta name=\"robots\" content=\"index, follow, max-snippet:-1, max-image-preview:large, max-video-preview:-1\" \/>\n<link rel=\"canonical\" href=\"https:\/\/www.tamarindos.net\/de\/familienurlaub\/\" \/>\n<meta property=\"og:locale\" content=\"de_DE\" \/>\n<meta property=\"og:type\" content=\"article\" \/>\n<meta property=\"og:title\" content=\"Familienurlaub in Pe\u00f1\u00edscola - Tamarindos\" \/>\n<meta property=\"og:description\" content=\"Tamarindos steht f\u00fcr Ruhe und Familientourismus in Pe\u00f1\u00edscola. Ideal f\u00fcr Familien mit Kindern oder Wochenendausfl\u00fcge zu zweit.\" \/>\n<meta property=\"og:url\" content=\"https:\/\/www.tamarindos.net\/de\/familienurlaub\/\" \/>\n<meta property=\"og:site_name\" content=\"Tamarindos\" \/>\n<meta property=\"article:publisher\" content=\"https:\/\/www.facebook.com\/tamarindos.net\/\" \/>\n<meta property=\"article:modified_time\" content=\"2026-03-05T09:31:41+00:00\" \/>\n<meta property=\"og:image\" content=\"https:\/\/www.tamarindos.net\/wp-content\/uploads\/2026\/02\/web-DSC02449.jpg\" \/>\n\t<meta property=\"og:image:width\" content=\"1200\" \/>\n\t<meta property=\"og:image:height\" content=\"800\" \/>\n\t<meta property=\"og:image:type\" content=\"image\/jpeg\" \/>\n<meta name=\"twitter:card\" content=\"summary_large_image\" \/>\n<meta name=\"twitter:site\" content=\"@tamarindospe\" \/>\n<script type=\"application\/ld+json\" class=\"yoast-schema-graph\">{\"@context\":\"https:\/\/schema.org\",\"@graph\":[{\"@type\":\"WebPage\",\"@id\":\"https:\/\/www.tamarindos.net\/de\/familienurlaub\/\",\"url\":\"https:\/\/www.tamarindos.net\/de\/familienurlaub\/\",\"name\":\"Familienurlaub in Pe\u00f1\u00edscola - Tamarindos\",\"isPartOf\":{\"@id\":\"https:\/\/www.tamarindos.net\/de\/#website\"},\"primaryImageOfPage\":{\"@id\":\"https:\/\/www.tamarindos.net\/de\/familienurlaub\/#primaryimage\"},\"image\":{\"@id\":\"https:\/\/www.tamarindos.net\/de\/familienurlaub\/#primaryimage\"},\"thumbnailUrl\":\"https:\/\/www.tamarindos.net\/wp-content\/uploads\/2026\/02\/web-DSC02449.jpg\",\"datePublished\":\"2019-02-21T12:39:06+00:00\",\"dateModified\":\"2026-03-05T09:31:41+00:00\",\"description\":\"Tamarindos steht f\u00fcr Ruhe und Familientourismus in Pe\u00f1\u00edscola. Ideal f\u00fcr Familien mit Kindern oder Wochenendausfl\u00fcge zu zweit.\",\"breadcrumb\":{\"@id\":\"https:\/\/www.tamarindos.net\/de\/familienurlaub\/#breadcrumb\"},\"inLanguage\":\"de\",\"potentialAction\":[{\"@type\":\"ReadAction\",\"target\":[\"https:\/\/www.tamarindos.net\/de\/familienurlaub\/\"]}]},{\"@type\":\"ImageObject\",\"inLanguage\":\"de\",\"@id\":\"https:\/\/www.tamarindos.net\/de\/familienurlaub\/#primaryimage\",\"url\":\"https:\/\/www.tamarindos.net\/wp-content\/uploads\/2026\/02\/web-DSC02449.jpg\",\"contentUrl\":\"https:\/\/www.tamarindos.net\/wp-content\/uploads\/2026\/02\/web-DSC02449.jpg\",\"width\":2400,\"height\":1600,\"caption\":\"Parque infantil\"},{\"@type\":\"BreadcrumbList\",\"@id\":\"https:\/\/www.tamarindos.net\/de\/familienurlaub\/#breadcrumb\",\"itemListElement\":[{\"@type\":\"ListItem\",\"position\":1,\"name\":\"Inicio\",\"item\":\"https:\/\/www.tamarindos.net\/de\/homepage\/\"},{\"@type\":\"ListItem\",\"position\":2,\"name\":\"Familienurlaub in Pe\u00f1\u00edscola\"}]},{\"@type\":\"WebSite\",\"@id\":\"https:\/\/www.tamarindos.net\/de\/#website\",\"url\":\"https:\/\/www.tamarindos.net\/de\/\",\"name\":\"Tamarindos\",\"description\":\"Apartamentos en Pe\u00f1\u00edscola\",\"publisher\":{\"@id\":\"https:\/\/www.tamarindos.net\/de\/#organization\"},\"potentialAction\":[{\"@type\":\"SearchAction\",\"target\":{\"@type\":\"EntryPoint\",\"urlTemplate\":\"https:\/\/www.tamarindos.net\/de\/?s={search_term_string}\"},\"query-input\":{\"@type\":\"PropertyValueSpecification\",\"valueRequired\":true,\"valueName\":\"search_term_string\"}}],\"inLanguage\":\"de\"},{\"@type\":\"Organization\",\"@id\":\"https:\/\/www.tamarindos.net\/de\/#organization\",\"name\":\"TAMARINDOS PE\u00d1\u00cdSCOLA\",\"url\":\"https:\/\/www.tamarindos.net\/de\/\",\"logo\":{\"@type\":\"ImageObject\",\"inLanguage\":\"de\",\"@id\":\"https:\/\/www.tamarindos.net\/de\/#\/schema\/logo\/image\/\",\"url\":\"https:\/\/www.tamarindos.net\/wp-content\/uploads\/2019\/10\/A7B9714-compressor-e1571911709586.jpg\",\"contentUrl\":\"https:\/\/www.tamarindos.net\/wp-content\/uploads\/2019\/10\/A7B9714-compressor-e1571911709586.jpg\",\"width\":1024,\"height\":705,\"caption\":\"TAMARINDOS PE\u00d1\u00cdSCOLA\"},\"image\":{\"@id\":\"https:\/\/www.tamarindos.net\/de\/#\/schema\/logo\/image\/\"},\"sameAs\":[\"https:\/\/www.facebook.com\/tamarindos.net\/\",\"https:\/\/x.com\/tamarindospe\",\"https:\/\/www.instagram.com\/apartamentos_tamarindos\/?hl=es\",\"https:\/\/www.youtube.com\/channel\/UCdzAK3I0CHxOUOFg4IIl76g\"]}]}<\/script>\n<!-- \/ Yoast SEO plugin. -->","yoast_head_json":{"title":"Familienurlaub in Pe\u00f1\u00edscola - Tamarindos","description":"Tamarindos steht f\u00fcr Ruhe und Familientourismus in Pe\u00f1\u00edscola. Ideal f\u00fcr Familien mit Kindern oder Wochenendausfl\u00fcge zu zweit.","robots":{"index":"index","follow":"follow","max-snippet":"max-snippet:-1","max-image-preview":"max-image-preview:large","max-video-preview":"max-video-preview:-1"},"canonical":"https:\/\/www.tamarindos.net\/de\/familienurlaub\/","og_locale":"de_DE","og_type":"article","og_title":"Familienurlaub in Pe\u00f1\u00edscola - Tamarindos","og_description":"Tamarindos steht f\u00fcr Ruhe und Familientourismus in Pe\u00f1\u00edscola. Ideal f\u00fcr Familien mit Kindern oder Wochenendausfl\u00fcge zu zweit.","og_url":"https:\/\/www.tamarindos.net\/de\/familienurlaub\/","og_site_name":"Tamarindos","article_publisher":"https:\/\/www.facebook.com\/tamarindos.net\/","article_modified_time":"2026-03-05T09:31:41+00:00","og_image":[{"url":"https:\/\/www.tamarindos.net\/wp-content\/uploads\/2026\/02\/web-DSC02449.jpg","width":1200,"height":800,"type":"image\/jpeg"}],"twitter_card":"summary_large_image","twitter_site":"@tamarindospe","schema":{"@context":"https:\/\/schema.org","@graph":[{"@type":"WebPage","@id":"https:\/\/www.tamarindos.net\/de\/familienurlaub\/","url":"https:\/\/www.tamarindos.net\/de\/familienurlaub\/","name":"Familienurlaub in Pe\u00f1\u00edscola - Tamarindos","isPartOf":{"@id":"https:\/\/www.tamarindos.net\/de\/#website"},"primaryImageOfPage":{"@id":"https:\/\/www.tamarindos.net\/de\/familienurlaub\/#primaryimage"},"image":{"@id":"https:\/\/www.tamarindos.net\/de\/familienurlaub\/#primaryimage"},"thumbnailUrl":"https:\/\/www.tamarindos.net\/wp-content\/uploads\/2026\/02\/web-DSC02449.jpg","datePublished":"2019-02-21T12:39:06+00:00","dateModified":"2026-03-05T09:31:41+00:00","description":"Tamarindos steht f\u00fcr Ruhe und Familientourismus in Pe\u00f1\u00edscola. Ideal f\u00fcr Familien mit Kindern oder Wochenendausfl\u00fcge zu zweit.","breadcrumb":{"@id":"https:\/\/www.tamarindos.net\/de\/familienurlaub\/#breadcrumb"},"inLanguage":"de","potentialAction":[{"@type":"ReadAction","target":["https:\/\/www.tamarindos.net\/de\/familienurlaub\/"]}]},{"@type":"ImageObject","inLanguage":"de","@id":"https:\/\/www.tamarindos.net\/de\/familienurlaub\/#primaryimage","url":"https:\/\/www.tamarindos.net\/wp-content\/uploads\/2026\/02\/web-DSC02449.jpg","contentUrl":"https:\/\/www.tamarindos.net\/wp-content\/uploads\/2026\/02\/web-DSC02449.jpg","width":2400,"height":1600,"caption":"Parque infantil"},{"@type":"BreadcrumbList","@id":"https:\/\/www.tamarindos.net\/de\/familienurlaub\/#breadcrumb","itemListElement":[{"@type":"ListItem","position":1,"name":"Inicio","item":"https:\/\/www.tamarindos.net\/de\/homepage\/"},{"@type":"ListItem","position":2,"name":"Familienurlaub in Pe\u00f1\u00edscola"}]},{"@type":"WebSite","@id":"https:\/\/www.tamarindos.net\/de\/#website","url":"https:\/\/www.tamarindos.net\/de\/","name":"Tamarindos","description":"Apartamentos en Pe\u00f1\u00edscola","publisher":{"@id":"https:\/\/www.tamarindos.net\/de\/#organization"},"potentialAction":[{"@type":"SearchAction","target":{"@type":"EntryPoint","urlTemplate":"https:\/\/www.tamarindos.net\/de\/?s={search_term_string}"},"query-input":{"@type":"PropertyValueSpecification","valueRequired":true,"valueName":"search_term_string"}}],"inLanguage":"de"},{"@type":"Organization","@id":"https:\/\/www.tamarindos.net\/de\/#organization","name":"TAMARINDOS PE\u00d1\u00cdSCOLA","url":"https:\/\/www.tamarindos.net\/de\/","logo":{"@type":"ImageObject","inLanguage":"de","@id":"https:\/\/www.tamarindos.net\/de\/#\/schema\/logo\/image\/","url":"https:\/\/www.tamarindos.net\/wp-content\/uploads\/2019\/10\/A7B9714-compressor-e1571911709586.jpg","contentUrl":"https:\/\/www.tamarindos.net\/wp-content\/uploads\/2019\/10\/A7B9714-compressor-e1571911709586.jpg","width":1024,"height":705,"caption":"TAMARINDOS PE\u00d1\u00cdSCOLA"},"image":{"@id":"https:\/\/www.tamarindos.net\/de\/#\/schema\/logo\/image\/"},"sameAs":["https:\/\/www.facebook.com\/tamarindos.net\/","https:\/\/x.com\/tamarindospe","https:\/\/www.instagram.com\/apartamentos_tamarindos\/?hl=es","https:\/\/www.youtube.com\/channel\/UCdzAK3I0CHxOUOFg4IIl76g"]}]}},"_links":{"self":[{"href":"https:\/\/www.tamarindos.net\/de\/wp-json\/wp\/v2\/pages\/1437","targetHints":{"allow":["GET"]}}],"collection":[{"href":"https:\/\/www.tamarindos.net\/de\/wp-json\/wp\/v2\/pages"}],"about":[{"href":"https:\/\/www.tamarindos.net\/de\/wp-json\/wp\/v2\/types\/page"}],"author":[{"embeddable":true,"href":"https:\/\/www.tamarindos.net\/de\/wp-json\/wp\/v2\/users\/2"}],"replies":[{"embeddable":true,"href":"https:\/\/www.tamarindos.net\/de\/wp-json\/wp\/v2\/comments?post=1437"}],"version-history":[{"count":2,"href":"https:\/\/www.tamarindos.net\/de\/wp-json\/wp\/v2\/pages\/1437\/revisions"}],"predecessor-version":[{"id":8704,"href":"https:\/\/www.tamarindos.net\/de\/wp-json\/wp\/v2\/pages\/1437\/revisions\/8704"}],"wp:featuredmedia":[{"embeddable":true,"href":"https:\/\/www.tamarindos.net\/de\/wp-json\/wp\/v2\/media\/8684"}],"wp:attachment":[{"href":"https:\/\/www.tamarindos.net\/de\/wp-json\/wp\/v2\/media?parent=1437"}],"curies":[{"name":"wp","href":"https:\/\/api.w.org\/{rel}","templated":true}]}}