{"id":1428,"date":"2019-02-21T13:35:58","date_gmt":"2019-02-21T12:35:58","guid":{"rendered":"https:\/\/www.tamarindos.net\/dienstleistungen\/rezeption\/"},"modified":"2026-02-11T13:26:11","modified_gmt":"2026-02-11T12:26:11","slug":"rezeption","status":"publish","type":"page","link":"https:\/\/www.tamarindos.net\/de\/dienstleistungen\/rezeption\/","title":{"rendered":"Rezeption"},"content":{"rendered":"\n<h3 class=\"wp-block-heading\">WINTERZEIT<\/h3>\n\n<ul class=\"wp-block-list\">\n<li>Montag bis Freitag von <strong>8:00 bis 19:00 Uhr<\/strong><\/li>\n\n\n\n<li>Samstags von <strong>9:00 bis 15:00 Uhr<\/strong><\/li>\n\n\n\n<li>Sonntags <strong>geschlossen<\/strong><\/li>\n<\/ul>\n\n<p class=\"has-text-align-left\"><strong>F\u00fcr Anreisen au\u00dferhalb der \u00d6ffnungszeiten ist eine vorherige Benachrichtigung erforderlich. Wir senden Ihnen Anweisungen zur Schl\u00fcssel\u00fcbergabe zu.<\/strong><\/p>\n\n<h3 class=\"wp-block-heading\">SOMMERZEIT<\/h3>\n\n<ul class=\"wp-block-list\">\n<li>Montag bis Samstag: <strong>8:00 bis 20:00 Uhr<\/strong><\/li>\n\n\n\n<li>Sonntags von <strong>9:30 bis 13:30 Uhr<\/strong><\/li>\n<\/ul>\n\n<h3 class=\"wp-block-heading\">ANKUNFTS- UND ABREISEZEIT<\/h3>\n\n<ul class=\"wp-block-list\">\n<li><strong>Ankunftszeit: 17:00 Uhr<\/strong>. Wenn das Apartment fr\u00fcher bezugsfertig ist, h\u00e4ndigen wir Ihnen die Schl\u00fcssel aus. Bei Ihrer Ankunft weisen wir Ihnen Ihren Parkplatz zu.plaza de aparcamiento.<\/li>\n\n\n\n<li><strong>Abfahrtszeit: 10:00 Uhr.<\/strong><\/li>\n<\/ul>\n","protected":false},"excerpt":{"rendered":"<p>WINTERZEIT F\u00fcr Anreisen au\u00dferhalb der \u00d6ffnungszeiten ist eine vorherige Benachrichtigung erforderlich. Wir senden Ihnen Anweisungen zur Schl\u00fcssel\u00fcbergabe zu. SOMMERZEIT ANKUNFTS- UND ABREISEZEIT<\/p>\n","protected":false},"author":2,"featured_media":7773,"parent":1397,"menu_order":0,"comment_status":"closed","ping_status":"closed","template":"page-servicios.php","meta":{"_acf_changed":false,"inline_featured_image":false,"_joinchat":[],"footnotes":""},"class_list":["post-1428","page","type-page","status-publish","has-post-thumbnail","hentry"],"acf":[],"yoast_head":"<!-- This site is optimized with the Yoast SEO plugin v27.2 - https:\/\/yoast.com\/product\/yoast-seo-wordpress\/ -->\n<title>Rezeption - Tamarindos<\/title>\n<meta name=\"description\" content=\"Tamarindos hat einen Empfang f\u00fcr die Durchf\u00fchrung des chek-in und chek-out aber auch, z\u00f6gern Sie nicht, f\u00fcr Zweifel an der Rezeption zu kommen!\" \/>\n<meta name=\"robots\" content=\"index, follow, max-snippet:-1, max-image-preview:large, max-video-preview:-1\" \/>\n<link rel=\"canonical\" href=\"https:\/\/www.tamarindos.net\/de\/dienstleistungen\/rezeption\/\" \/>\n<meta property=\"og:locale\" content=\"de_DE\" \/>\n<meta property=\"og:type\" content=\"article\" \/>\n<meta property=\"og:title\" content=\"Rezeption - Tamarindos\" \/>\n<meta property=\"og:description\" content=\"Tamarindos hat einen Empfang f\u00fcr die Durchf\u00fchrung des chek-in und chek-out aber auch, z\u00f6gern Sie nicht, f\u00fcr Zweifel an der Rezeption zu kommen!\" \/>\n<meta property=\"og:url\" content=\"https:\/\/www.tamarindos.net\/de\/dienstleistungen\/rezeption\/\" \/>\n<meta property=\"og:site_name\" content=\"Tamarindos\" \/>\n<meta property=\"article:publisher\" content=\"https:\/\/www.facebook.com\/tamarindos.net\/\" \/>\n<meta property=\"article:modified_time\" content=\"2026-02-11T12:26:11+00:00\" \/>\n<meta property=\"og:image\" content=\"https:\/\/www.tamarindos.net\/wp-content\/uploads\/2025\/07\/PLU6171-web.jpg\" \/>\n\t<meta property=\"og:image:width\" content=\"2000\" \/>\n\t<meta property=\"og:image:height\" content=\"1333\" \/>\n\t<meta property=\"og:image:type\" content=\"image\/jpeg\" \/>\n<meta name=\"twitter:card\" content=\"summary_large_image\" \/>\n<meta name=\"twitter:site\" content=\"@tamarindospe\" \/>\n<meta name=\"twitter:label1\" content=\"Gesch\u00e4tzte Lesezeit\" \/>\n\t<meta name=\"twitter:data1\" content=\"2\u00a0Minuten\" \/>\n<script type=\"application\/ld+json\" class=\"yoast-schema-graph\">{\"@context\":\"https:\/\/schema.org\",\"@graph\":[{\"@type\":\"WebPage\",\"@id\":\"https:\/\/www.tamarindos.net\/de\/dienstleistungen\/rezeption\/\",\"url\":\"https:\/\/www.tamarindos.net\/de\/dienstleistungen\/rezeption\/\",\"name\":\"Rezeption - Tamarindos\",\"isPartOf\":{\"@id\":\"https:\/\/www.tamarindos.net\/de\/#website\"},\"primaryImageOfPage\":{\"@id\":\"https:\/\/www.tamarindos.net\/de\/dienstleistungen\/rezeption\/#primaryimage\"},\"image\":{\"@id\":\"https:\/\/www.tamarindos.net\/de\/dienstleistungen\/rezeption\/#primaryimage\"},\"thumbnailUrl\":\"https:\/\/www.tamarindos.net\/wp-content\/uploads\/2025\/07\/PLU6171-web.jpg\",\"datePublished\":\"2019-02-21T12:35:58+00:00\",\"dateModified\":\"2026-02-11T12:26:11+00:00\",\"description\":\"Tamarindos hat einen Empfang f\u00fcr die Durchf\u00fchrung des chek-in und chek-out aber auch, z\u00f6gern Sie nicht, f\u00fcr Zweifel an der Rezeption zu kommen!\",\"breadcrumb\":{\"@id\":\"https:\/\/www.tamarindos.net\/de\/dienstleistungen\/rezeption\/#breadcrumb\"},\"inLanguage\":\"de\",\"potentialAction\":[{\"@type\":\"ReadAction\",\"target\":[\"https:\/\/www.tamarindos.net\/de\/dienstleistungen\/rezeption\/\"]}]},{\"@type\":\"ImageObject\",\"inLanguage\":\"de\",\"@id\":\"https:\/\/www.tamarindos.net\/de\/dienstleistungen\/rezeption\/#primaryimage\",\"url\":\"https:\/\/www.tamarindos.net\/wp-content\/uploads\/2025\/07\/PLU6171-web.jpg\",\"contentUrl\":\"https:\/\/www.tamarindos.net\/wp-content\/uploads\/2025\/07\/PLU6171-web.jpg\",\"width\":2000,\"height\":1333,\"caption\":\"Recepci\u00f3n Apartamentos Tamarindos\"},{\"@type\":\"BreadcrumbList\",\"@id\":\"https:\/\/www.tamarindos.net\/de\/dienstleistungen\/rezeption\/#breadcrumb\",\"itemListElement\":[{\"@type\":\"ListItem\",\"position\":1,\"name\":\"Inicio\",\"item\":\"https:\/\/www.tamarindos.net\/de\/homepage\/\"},{\"@type\":\"ListItem\",\"position\":2,\"name\":\"Dienstleistungen\",\"item\":\"https:\/\/www.tamarindos.net\/de\/dienstleistungen\/\"},{\"@type\":\"ListItem\",\"position\":3,\"name\":\"Rezeption\"}]},{\"@type\":\"WebSite\",\"@id\":\"https:\/\/www.tamarindos.net\/de\/#website\",\"url\":\"https:\/\/www.tamarindos.net\/de\/\",\"name\":\"Tamarindos\",\"description\":\"Apartamentos en Pe\u00f1\u00edscola\",\"publisher\":{\"@id\":\"https:\/\/www.tamarindos.net\/de\/#organization\"},\"potentialAction\":[{\"@type\":\"SearchAction\",\"target\":{\"@type\":\"EntryPoint\",\"urlTemplate\":\"https:\/\/www.tamarindos.net\/de\/?s={search_term_string}\"},\"query-input\":{\"@type\":\"PropertyValueSpecification\",\"valueRequired\":true,\"valueName\":\"search_term_string\"}}],\"inLanguage\":\"de\"},{\"@type\":\"Organization\",\"@id\":\"https:\/\/www.tamarindos.net\/de\/#organization\",\"name\":\"TAMARINDOS PE\u00d1\u00cdSCOLA\",\"url\":\"https:\/\/www.tamarindos.net\/de\/\",\"logo\":{\"@type\":\"ImageObject\",\"inLanguage\":\"de\",\"@id\":\"https:\/\/www.tamarindos.net\/de\/#\/schema\/logo\/image\/\",\"url\":\"https:\/\/www.tamarindos.net\/wp-content\/uploads\/2019\/10\/A7B9714-compressor-e1571911709586.jpg\",\"contentUrl\":\"https:\/\/www.tamarindos.net\/wp-content\/uploads\/2019\/10\/A7B9714-compressor-e1571911709586.jpg\",\"width\":1024,\"height\":705,\"caption\":\"TAMARINDOS PE\u00d1\u00cdSCOLA\"},\"image\":{\"@id\":\"https:\/\/www.tamarindos.net\/de\/#\/schema\/logo\/image\/\"},\"sameAs\":[\"https:\/\/www.facebook.com\/tamarindos.net\/\",\"https:\/\/x.com\/tamarindospe\",\"https:\/\/www.instagram.com\/apartamentos_tamarindos\/?hl=es\",\"https:\/\/www.youtube.com\/channel\/UCdzAK3I0CHxOUOFg4IIl76g\"]}]}<\/script>\n<!-- \/ Yoast SEO plugin. -->","yoast_head_json":{"title":"Rezeption - Tamarindos","description":"Tamarindos hat einen Empfang f\u00fcr die Durchf\u00fchrung des chek-in und chek-out aber auch, z\u00f6gern Sie nicht, f\u00fcr Zweifel an der Rezeption zu kommen!","robots":{"index":"index","follow":"follow","max-snippet":"max-snippet:-1","max-image-preview":"max-image-preview:large","max-video-preview":"max-video-preview:-1"},"canonical":"https:\/\/www.tamarindos.net\/de\/dienstleistungen\/rezeption\/","og_locale":"de_DE","og_type":"article","og_title":"Rezeption - Tamarindos","og_description":"Tamarindos hat einen Empfang f\u00fcr die Durchf\u00fchrung des chek-in und chek-out aber auch, z\u00f6gern Sie nicht, f\u00fcr Zweifel an der Rezeption zu kommen!","og_url":"https:\/\/www.tamarindos.net\/de\/dienstleistungen\/rezeption\/","og_site_name":"Tamarindos","article_publisher":"https:\/\/www.facebook.com\/tamarindos.net\/","article_modified_time":"2026-02-11T12:26:11+00:00","og_image":[{"width":2000,"height":1333,"url":"https:\/\/www.tamarindos.net\/wp-content\/uploads\/2025\/07\/PLU6171-web.jpg","type":"image\/jpeg"}],"twitter_card":"summary_large_image","twitter_site":"@tamarindospe","twitter_misc":{"Gesch\u00e4tzte Lesezeit":"2\u00a0Minuten"},"schema":{"@context":"https:\/\/schema.org","@graph":[{"@type":"WebPage","@id":"https:\/\/www.tamarindos.net\/de\/dienstleistungen\/rezeption\/","url":"https:\/\/www.tamarindos.net\/de\/dienstleistungen\/rezeption\/","name":"Rezeption - Tamarindos","isPartOf":{"@id":"https:\/\/www.tamarindos.net\/de\/#website"},"primaryImageOfPage":{"@id":"https:\/\/www.tamarindos.net\/de\/dienstleistungen\/rezeption\/#primaryimage"},"image":{"@id":"https:\/\/www.tamarindos.net\/de\/dienstleistungen\/rezeption\/#primaryimage"},"thumbnailUrl":"https:\/\/www.tamarindos.net\/wp-content\/uploads\/2025\/07\/PLU6171-web.jpg","datePublished":"2019-02-21T12:35:58+00:00","dateModified":"2026-02-11T12:26:11+00:00","description":"Tamarindos hat einen Empfang f\u00fcr die Durchf\u00fchrung des chek-in und chek-out aber auch, z\u00f6gern Sie nicht, f\u00fcr Zweifel an der Rezeption zu kommen!","breadcrumb":{"@id":"https:\/\/www.tamarindos.net\/de\/dienstleistungen\/rezeption\/#breadcrumb"},"inLanguage":"de","potentialAction":[{"@type":"ReadAction","target":["https:\/\/www.tamarindos.net\/de\/dienstleistungen\/rezeption\/"]}]},{"@type":"ImageObject","inLanguage":"de","@id":"https:\/\/www.tamarindos.net\/de\/dienstleistungen\/rezeption\/#primaryimage","url":"https:\/\/www.tamarindos.net\/wp-content\/uploads\/2025\/07\/PLU6171-web.jpg","contentUrl":"https:\/\/www.tamarindos.net\/wp-content\/uploads\/2025\/07\/PLU6171-web.jpg","width":2000,"height":1333,"caption":"Recepci\u00f3n Apartamentos Tamarindos"},{"@type":"BreadcrumbList","@id":"https:\/\/www.tamarindos.net\/de\/dienstleistungen\/rezeption\/#breadcrumb","itemListElement":[{"@type":"ListItem","position":1,"name":"Inicio","item":"https:\/\/www.tamarindos.net\/de\/homepage\/"},{"@type":"ListItem","position":2,"name":"Dienstleistungen","item":"https:\/\/www.tamarindos.net\/de\/dienstleistungen\/"},{"@type":"ListItem","position":3,"name":"Rezeption"}]},{"@type":"WebSite","@id":"https:\/\/www.tamarindos.net\/de\/#website","url":"https:\/\/www.tamarindos.net\/de\/","name":"Tamarindos","description":"Apartamentos en Pe\u00f1\u00edscola","publisher":{"@id":"https:\/\/www.tamarindos.net\/de\/#organization"},"potentialAction":[{"@type":"SearchAction","target":{"@type":"EntryPoint","urlTemplate":"https:\/\/www.tamarindos.net\/de\/?s={search_term_string}"},"query-input":{"@type":"PropertyValueSpecification","valueRequired":true,"valueName":"search_term_string"}}],"inLanguage":"de"},{"@type":"Organization","@id":"https:\/\/www.tamarindos.net\/de\/#organization","name":"TAMARINDOS PE\u00d1\u00cdSCOLA","url":"https:\/\/www.tamarindos.net\/de\/","logo":{"@type":"ImageObject","inLanguage":"de","@id":"https:\/\/www.tamarindos.net\/de\/#\/schema\/logo\/image\/","url":"https:\/\/www.tamarindos.net\/wp-content\/uploads\/2019\/10\/A7B9714-compressor-e1571911709586.jpg","contentUrl":"https:\/\/www.tamarindos.net\/wp-content\/uploads\/2019\/10\/A7B9714-compressor-e1571911709586.jpg","width":1024,"height":705,"caption":"TAMARINDOS PE\u00d1\u00cdSCOLA"},"image":{"@id":"https:\/\/www.tamarindos.net\/de\/#\/schema\/logo\/image\/"},"sameAs":["https:\/\/www.facebook.com\/tamarindos.net\/","https:\/\/x.com\/tamarindospe","https:\/\/www.instagram.com\/apartamentos_tamarindos\/?hl=es","https:\/\/www.youtube.com\/channel\/UCdzAK3I0CHxOUOFg4IIl76g"]}]}},"_links":{"self":[{"href":"https:\/\/www.tamarindos.net\/de\/wp-json\/wp\/v2\/pages\/1428","targetHints":{"allow":["GET"]}}],"collection":[{"href":"https:\/\/www.tamarindos.net\/de\/wp-json\/wp\/v2\/pages"}],"about":[{"href":"https:\/\/www.tamarindos.net\/de\/wp-json\/wp\/v2\/types\/page"}],"author":[{"embeddable":true,"href":"https:\/\/www.tamarindos.net\/de\/wp-json\/wp\/v2\/users\/2"}],"replies":[{"embeddable":true,"href":"https:\/\/www.tamarindos.net\/de\/wp-json\/wp\/v2\/comments?post=1428"}],"version-history":[{"count":7,"href":"https:\/\/www.tamarindos.net\/de\/wp-json\/wp\/v2\/pages\/1428\/revisions"}],"predecessor-version":[{"id":8373,"href":"https:\/\/www.tamarindos.net\/de\/wp-json\/wp\/v2\/pages\/1428\/revisions\/8373"}],"up":[{"embeddable":true,"href":"https:\/\/www.tamarindos.net\/de\/wp-json\/wp\/v2\/pages\/1397"}],"wp:featuredmedia":[{"embeddable":true,"href":"https:\/\/www.tamarindos.net\/de\/wp-json\/wp\/v2\/media\/7773"}],"wp:attachment":[{"href":"https:\/\/www.tamarindos.net\/de\/wp-json\/wp\/v2\/media?parent=1428"}],"curies":[{"name":"wp","href":"https:\/\/api.w.org\/{rel}","templated":true}]}}