{"id":1419,"date":"2019-02-21T13:33:18","date_gmt":"2019-02-21T12:33:18","guid":{"rendered":"https:\/\/www.tamarindos.net\/dienstleistungen\/pools\/"},"modified":"2026-02-11T13:31:14","modified_gmt":"2026-02-11T12:31:14","slug":"pools","status":"publish","type":"page","link":"https:\/\/www.tamarindos.net\/de\/dienstleistungen\/pools\/","title":{"rendered":"Pools"},"content":{"rendered":"\n<p>Im Tamarindos k\u00f6nnen Sie sich in einem unserer beiden Swimmingpools entspannen, die das ganze Jahr \u00fcber ge\u00f6ffnet sind.<\/p>\n\n<p>Die Schwimmb\u00e4der sind das ganze Jahr \u00fcber ge\u00f6ffnet und zum Baden bereit. Die offizielle Saison dauert jedoch vom 21. Juni bis zum 6. September.<\/p>\n\n<p>W\u00e4hrend dieser Zeit wird der gro\u00dfe Pool aufgrund seiner Gr\u00f6\u00dfe und Tiefe von 11:00 bis 15:00 Uhr und von 16:00 bis 19:00 Uhr von einem Rettungsschwimmer beaufsichtigt.<\/p>\n\n<p>Die Badezeiten finden Sie auf der Informationstafel neben dem Pool. Au\u00dferhalb dieser Zeiten und Daten ist das Baden auf eigene Verantwortung gestattet.<\/p>\n\n<h3 class=\"wp-block-heading\">Vor den Bereichen B, C und D befindet sich der gro\u00dfe Pool.<\/h3>\n\n<p>Es handelt sich um einen halbolympischen Pool, der sich mit seinem strahlenden Blau perfekt in die Umgebung einf\u00fcgt und das Gef\u00fchl von Frische und Wohlbefinden verst\u00e4rkt. Au\u00dferdem ist er mit einem weiteren, sehr flachen Pool verbunden, der f\u00fcr die Kleinsten gedacht ist.<\/p>\n\n<h3 class=\"wp-block-heading\">Barrierefreier halbolympischer Pool<\/h3>\n\n<p>Neu in diesem Jahr ist, dass der halbolympische Pool \u00fcber einen Wasserlift verf\u00fcgt, der f\u00fcr Menschen mit eingeschr\u00e4nkter Mobilit\u00e4t geeignet ist.<\/p>\n\n<h3 class=\"wp-block-heading\">Der kleine Pool befindet sich in Bereich A.<\/h3>\n\n<p>Hoch oben, mit Blick auf den Horizont und den breiten Sandstrand. Ideal f\u00fcr alle, die sich lieber bei einer leichten Brise und dem Rauschen des Meeres entspannen m\u00f6chten, ohne sich die F\u00fc\u00dfe mit Sand zu beschmutzen.<\/p>\n\n<p>Die Swimmingpools sind ein wesentlicher Bestandteil der herzlichen Atmosph\u00e4re der Wohnanlage.<\/p>\n\n<ul class=\"wp-block-list\">\n<li>Die Liegest\u00fchle sind ausschlie\u00dflich f\u00fcr Badeg\u00e4ste bestimmt und d\u00fcrfen nicht in die Apartments mitgenommen werden.<\/li>\n\n\n\n<li>Es d\u00fcrfen keine Gegenst\u00e4nde zum Reservieren von Liegest\u00fchlen zur\u00fcckgelassen werden.<\/li>\n\n\n\n<li>Haustiere d\u00fcrfen sich weder im Pool noch auf dem Rasen aufhalten.<\/li>\n<\/ul>\n","protected":false},"excerpt":{"rendered":"<p>Im Tamarindos k\u00f6nnen Sie sich in einem unserer beiden Swimmingpools entspannen, die das ganze Jahr \u00fcber ge\u00f6ffnet sind. Die Schwimmb\u00e4der sind das ganze Jahr \u00fcber ge\u00f6ffnet und zum Baden bereit. Die offizielle Saison dauert jedoch vom 21. Juni bis zum 6. September. W\u00e4hrend dieser Zeit wird der gro\u00dfe Pool aufgrund seiner Gr\u00f6\u00dfe und Tiefe von [&hellip;]<\/p>\n","protected":false},"author":2,"featured_media":3361,"parent":1397,"menu_order":0,"comment_status":"closed","ping_status":"closed","template":"page-servicios.php","meta":{"_acf_changed":false,"inline_featured_image":false,"_joinchat":[],"footnotes":""},"class_list":["post-1419","page","type-page","status-publish","has-post-thumbnail","hentry"],"acf":[],"yoast_head":"<!-- This site is optimized with the Yoast SEO plugin v27.2 - https:\/\/yoast.com\/product\/yoast-seo-wordpress\/ -->\n<title>Pools - Tamarindos<\/title>\n<meta name=\"description\" content=\"In Tamarindos k\u00f6nnen Sie sich in einem unserer beiden Swimmingpools entspannen, die wir das ganze Jahr \u00fcber f\u00fcr Sie bereit halten.\" \/>\n<meta name=\"robots\" content=\"index, follow, max-snippet:-1, max-image-preview:large, max-video-preview:-1\" \/>\n<link rel=\"canonical\" href=\"https:\/\/www.tamarindos.net\/de\/dienstleistungen\/pools\/\" \/>\n<meta property=\"og:locale\" content=\"de_DE\" \/>\n<meta property=\"og:type\" content=\"article\" \/>\n<meta property=\"og:title\" content=\"Pools - Tamarindos\" \/>\n<meta property=\"og:description\" content=\"In Tamarindos k\u00f6nnen Sie sich in einem unserer beiden Swimmingpools entspannen, die wir das ganze Jahr \u00fcber f\u00fcr Sie bereit halten.\" \/>\n<meta property=\"og:url\" content=\"https:\/\/www.tamarindos.net\/de\/dienstleistungen\/pools\/\" \/>\n<meta property=\"og:site_name\" content=\"Tamarindos\" \/>\n<meta property=\"article:publisher\" content=\"https:\/\/www.facebook.com\/tamarindos.net\/\" \/>\n<meta property=\"article:modified_time\" content=\"2026-02-11T12:31:14+00:00\" \/>\n<meta property=\"og:image\" content=\"https:\/\/www.tamarindos.net\/wp-content\/uploads\/2019\/10\/Piscina-semi-ol\u00edmpica.jpg\" \/>\n\t<meta property=\"og:image:width\" content=\"2835\" \/>\n\t<meta property=\"og:image:height\" content=\"1828\" \/>\n\t<meta property=\"og:image:type\" content=\"image\/jpeg\" \/>\n<meta name=\"twitter:card\" content=\"summary_large_image\" \/>\n<meta name=\"twitter:site\" content=\"@tamarindospe\" \/>\n<meta name=\"twitter:label1\" content=\"Gesch\u00e4tzte Lesezeit\" \/>\n\t<meta name=\"twitter:data1\" content=\"5\u00a0Minuten\" \/>\n<script type=\"application\/ld+json\" class=\"yoast-schema-graph\">{\"@context\":\"https:\/\/schema.org\",\"@graph\":[{\"@type\":\"WebPage\",\"@id\":\"https:\/\/www.tamarindos.net\/de\/dienstleistungen\/pools\/\",\"url\":\"https:\/\/www.tamarindos.net\/de\/dienstleistungen\/pools\/\",\"name\":\"Pools - Tamarindos\",\"isPartOf\":{\"@id\":\"https:\/\/www.tamarindos.net\/de\/#website\"},\"primaryImageOfPage\":{\"@id\":\"https:\/\/www.tamarindos.net\/de\/dienstleistungen\/pools\/#primaryimage\"},\"image\":{\"@id\":\"https:\/\/www.tamarindos.net\/de\/dienstleistungen\/pools\/#primaryimage\"},\"thumbnailUrl\":\"https:\/\/www.tamarindos.net\/wp-content\/uploads\/2019\/10\/Piscina-semi-ol\u00edmpica.jpg\",\"datePublished\":\"2019-02-21T12:33:18+00:00\",\"dateModified\":\"2026-02-11T12:31:14+00:00\",\"description\":\"In Tamarindos k\u00f6nnen Sie sich in einem unserer beiden Swimmingpools entspannen, die wir das ganze Jahr \u00fcber f\u00fcr Sie bereit halten.\",\"breadcrumb\":{\"@id\":\"https:\/\/www.tamarindos.net\/de\/dienstleistungen\/pools\/#breadcrumb\"},\"inLanguage\":\"de\",\"potentialAction\":[{\"@type\":\"ReadAction\",\"target\":[\"https:\/\/www.tamarindos.net\/de\/dienstleistungen\/pools\/\"]}]},{\"@type\":\"ImageObject\",\"inLanguage\":\"de\",\"@id\":\"https:\/\/www.tamarindos.net\/de\/dienstleistungen\/pools\/#primaryimage\",\"url\":\"https:\/\/www.tamarindos.net\/wp-content\/uploads\/2019\/10\/Piscina-semi-ol\u00edmpica.jpg\",\"contentUrl\":\"https:\/\/www.tamarindos.net\/wp-content\/uploads\/2019\/10\/Piscina-semi-ol\u00edmpica.jpg\",\"width\":2835,\"height\":1828,\"caption\":\"Zona B\"},{\"@type\":\"BreadcrumbList\",\"@id\":\"https:\/\/www.tamarindos.net\/de\/dienstleistungen\/pools\/#breadcrumb\",\"itemListElement\":[{\"@type\":\"ListItem\",\"position\":1,\"name\":\"Inicio\",\"item\":\"https:\/\/www.tamarindos.net\/de\/homepage\/\"},{\"@type\":\"ListItem\",\"position\":2,\"name\":\"Dienstleistungen\",\"item\":\"https:\/\/www.tamarindos.net\/de\/dienstleistungen\/\"},{\"@type\":\"ListItem\",\"position\":3,\"name\":\"Pools\"}]},{\"@type\":\"WebSite\",\"@id\":\"https:\/\/www.tamarindos.net\/de\/#website\",\"url\":\"https:\/\/www.tamarindos.net\/de\/\",\"name\":\"Tamarindos\",\"description\":\"Apartamentos en Pe\u00f1\u00edscola\",\"publisher\":{\"@id\":\"https:\/\/www.tamarindos.net\/de\/#organization\"},\"potentialAction\":[{\"@type\":\"SearchAction\",\"target\":{\"@type\":\"EntryPoint\",\"urlTemplate\":\"https:\/\/www.tamarindos.net\/de\/?s={search_term_string}\"},\"query-input\":{\"@type\":\"PropertyValueSpecification\",\"valueRequired\":true,\"valueName\":\"search_term_string\"}}],\"inLanguage\":\"de\"},{\"@type\":\"Organization\",\"@id\":\"https:\/\/www.tamarindos.net\/de\/#organization\",\"name\":\"TAMARINDOS PE\u00d1\u00cdSCOLA\",\"url\":\"https:\/\/www.tamarindos.net\/de\/\",\"logo\":{\"@type\":\"ImageObject\",\"inLanguage\":\"de\",\"@id\":\"https:\/\/www.tamarindos.net\/de\/#\/schema\/logo\/image\/\",\"url\":\"https:\/\/www.tamarindos.net\/wp-content\/uploads\/2019\/10\/A7B9714-compressor-e1571911709586.jpg\",\"contentUrl\":\"https:\/\/www.tamarindos.net\/wp-content\/uploads\/2019\/10\/A7B9714-compressor-e1571911709586.jpg\",\"width\":1024,\"height\":705,\"caption\":\"TAMARINDOS PE\u00d1\u00cdSCOLA\"},\"image\":{\"@id\":\"https:\/\/www.tamarindos.net\/de\/#\/schema\/logo\/image\/\"},\"sameAs\":[\"https:\/\/www.facebook.com\/tamarindos.net\/\",\"https:\/\/x.com\/tamarindospe\",\"https:\/\/www.instagram.com\/apartamentos_tamarindos\/?hl=es\",\"https:\/\/www.youtube.com\/channel\/UCdzAK3I0CHxOUOFg4IIl76g\"]}]}<\/script>\n<!-- \/ Yoast SEO plugin. -->","yoast_head_json":{"title":"Pools - Tamarindos","description":"In Tamarindos k\u00f6nnen Sie sich in einem unserer beiden Swimmingpools entspannen, die wir das ganze Jahr \u00fcber f\u00fcr Sie bereit halten.","robots":{"index":"index","follow":"follow","max-snippet":"max-snippet:-1","max-image-preview":"max-image-preview:large","max-video-preview":"max-video-preview:-1"},"canonical":"https:\/\/www.tamarindos.net\/de\/dienstleistungen\/pools\/","og_locale":"de_DE","og_type":"article","og_title":"Pools - Tamarindos","og_description":"In Tamarindos k\u00f6nnen Sie sich in einem unserer beiden Swimmingpools entspannen, die wir das ganze Jahr \u00fcber f\u00fcr Sie bereit halten.","og_url":"https:\/\/www.tamarindos.net\/de\/dienstleistungen\/pools\/","og_site_name":"Tamarindos","article_publisher":"https:\/\/www.facebook.com\/tamarindos.net\/","article_modified_time":"2026-02-11T12:31:14+00:00","og_image":[{"width":2835,"height":1828,"url":"https:\/\/www.tamarindos.net\/wp-content\/uploads\/2019\/10\/Piscina-semi-ol\u00edmpica.jpg","type":"image\/jpeg"}],"twitter_card":"summary_large_image","twitter_site":"@tamarindospe","twitter_misc":{"Gesch\u00e4tzte Lesezeit":"5\u00a0Minuten"},"schema":{"@context":"https:\/\/schema.org","@graph":[{"@type":"WebPage","@id":"https:\/\/www.tamarindos.net\/de\/dienstleistungen\/pools\/","url":"https:\/\/www.tamarindos.net\/de\/dienstleistungen\/pools\/","name":"Pools - Tamarindos","isPartOf":{"@id":"https:\/\/www.tamarindos.net\/de\/#website"},"primaryImageOfPage":{"@id":"https:\/\/www.tamarindos.net\/de\/dienstleistungen\/pools\/#primaryimage"},"image":{"@id":"https:\/\/www.tamarindos.net\/de\/dienstleistungen\/pools\/#primaryimage"},"thumbnailUrl":"https:\/\/www.tamarindos.net\/wp-content\/uploads\/2019\/10\/Piscina-semi-ol\u00edmpica.jpg","datePublished":"2019-02-21T12:33:18+00:00","dateModified":"2026-02-11T12:31:14+00:00","description":"In Tamarindos k\u00f6nnen Sie sich in einem unserer beiden Swimmingpools entspannen, die wir das ganze Jahr \u00fcber f\u00fcr Sie bereit halten.","breadcrumb":{"@id":"https:\/\/www.tamarindos.net\/de\/dienstleistungen\/pools\/#breadcrumb"},"inLanguage":"de","potentialAction":[{"@type":"ReadAction","target":["https:\/\/www.tamarindos.net\/de\/dienstleistungen\/pools\/"]}]},{"@type":"ImageObject","inLanguage":"de","@id":"https:\/\/www.tamarindos.net\/de\/dienstleistungen\/pools\/#primaryimage","url":"https:\/\/www.tamarindos.net\/wp-content\/uploads\/2019\/10\/Piscina-semi-ol\u00edmpica.jpg","contentUrl":"https:\/\/www.tamarindos.net\/wp-content\/uploads\/2019\/10\/Piscina-semi-ol\u00edmpica.jpg","width":2835,"height":1828,"caption":"Zona B"},{"@type":"BreadcrumbList","@id":"https:\/\/www.tamarindos.net\/de\/dienstleistungen\/pools\/#breadcrumb","itemListElement":[{"@type":"ListItem","position":1,"name":"Inicio","item":"https:\/\/www.tamarindos.net\/de\/homepage\/"},{"@type":"ListItem","position":2,"name":"Dienstleistungen","item":"https:\/\/www.tamarindos.net\/de\/dienstleistungen\/"},{"@type":"ListItem","position":3,"name":"Pools"}]},{"@type":"WebSite","@id":"https:\/\/www.tamarindos.net\/de\/#website","url":"https:\/\/www.tamarindos.net\/de\/","name":"Tamarindos","description":"Apartamentos en Pe\u00f1\u00edscola","publisher":{"@id":"https:\/\/www.tamarindos.net\/de\/#organization"},"potentialAction":[{"@type":"SearchAction","target":{"@type":"EntryPoint","urlTemplate":"https:\/\/www.tamarindos.net\/de\/?s={search_term_string}"},"query-input":{"@type":"PropertyValueSpecification","valueRequired":true,"valueName":"search_term_string"}}],"inLanguage":"de"},{"@type":"Organization","@id":"https:\/\/www.tamarindos.net\/de\/#organization","name":"TAMARINDOS PE\u00d1\u00cdSCOLA","url":"https:\/\/www.tamarindos.net\/de\/","logo":{"@type":"ImageObject","inLanguage":"de","@id":"https:\/\/www.tamarindos.net\/de\/#\/schema\/logo\/image\/","url":"https:\/\/www.tamarindos.net\/wp-content\/uploads\/2019\/10\/A7B9714-compressor-e1571911709586.jpg","contentUrl":"https:\/\/www.tamarindos.net\/wp-content\/uploads\/2019\/10\/A7B9714-compressor-e1571911709586.jpg","width":1024,"height":705,"caption":"TAMARINDOS PE\u00d1\u00cdSCOLA"},"image":{"@id":"https:\/\/www.tamarindos.net\/de\/#\/schema\/logo\/image\/"},"sameAs":["https:\/\/www.facebook.com\/tamarindos.net\/","https:\/\/x.com\/tamarindospe","https:\/\/www.instagram.com\/apartamentos_tamarindos\/?hl=es","https:\/\/www.youtube.com\/channel\/UCdzAK3I0CHxOUOFg4IIl76g"]}]}},"_links":{"self":[{"href":"https:\/\/www.tamarindos.net\/de\/wp-json\/wp\/v2\/pages\/1419","targetHints":{"allow":["GET"]}}],"collection":[{"href":"https:\/\/www.tamarindos.net\/de\/wp-json\/wp\/v2\/pages"}],"about":[{"href":"https:\/\/www.tamarindos.net\/de\/wp-json\/wp\/v2\/types\/page"}],"author":[{"embeddable":true,"href":"https:\/\/www.tamarindos.net\/de\/wp-json\/wp\/v2\/users\/2"}],"replies":[{"embeddable":true,"href":"https:\/\/www.tamarindos.net\/de\/wp-json\/wp\/v2\/comments?post=1419"}],"version-history":[{"count":10,"href":"https:\/\/www.tamarindos.net\/de\/wp-json\/wp\/v2\/pages\/1419\/revisions"}],"predecessor-version":[{"id":8387,"href":"https:\/\/www.tamarindos.net\/de\/wp-json\/wp\/v2\/pages\/1419\/revisions\/8387"}],"up":[{"embeddable":true,"href":"https:\/\/www.tamarindos.net\/de\/wp-json\/wp\/v2\/pages\/1397"}],"wp:featuredmedia":[{"embeddable":true,"href":"https:\/\/www.tamarindos.net\/de\/wp-json\/wp\/v2\/media\/3361"}],"wp:attachment":[{"href":"https:\/\/www.tamarindos.net\/de\/wp-json\/wp\/v2\/media?parent=1419"}],"curies":[{"name":"wp","href":"https:\/\/api.w.org\/{rel}","templated":true}]}}