{"id":1413,"date":"2019-02-21T13:32:12","date_gmt":"2019-02-21T12:32:12","guid":{"rendered":"https:\/\/www.tamarindos.net\/dienstleistungen\/parkplatz\/"},"modified":"2025-09-25T17:25:59","modified_gmt":"2025-09-25T15:25:59","slug":"parkplatz","status":"publish","type":"page","link":"https:\/\/www.tamarindos.net\/de\/dienstleistungen\/parkplatz\/","title":{"rendered":"Parkplatz"},"content":{"rendered":"\n<p>Im Tamarindos Pe\u00f1\u00edscola stellen wir Ihnen einen kostenlosen Parkplatz zur Verf\u00fcgung.<\/p>\n\n<p>Es gibt zwei Parkpl\u00e4tze, je nachdem, in welchem Apartment Sie untergebracht sind:<\/p>\n\n<ul class=\"wp-block-list\">\n<li>Parkplatz I, an der Vorderseite, zug\u00e4nglich \u00fcber die Avenida Papa Luna 168. Reserviert f\u00fcr Wohnungen im Erdgeschoss, 1. Stock und einige Penth\u00e4user.<\/li>\n\n\n\n<li>Parkplatz II befindet sich auf der R\u00fcckseite, ist \u00fcber die Carretera Vieja de Pe\u00f1\u00edscola erreichbar und liegt hinter den Bereichen C und D. Er ist f\u00fcr die zweiten Stockwerke und einige Dachgeschosse reserviert.<\/li>\n<\/ul>\n\n<h3 class=\"wp-block-heading\">Neuer Fahrradst\u00e4nder!<\/h3>\n\n<p>Wir bieten einen kostenlosen Fahrradabstellservice im Parkhaus I neben dem Grillplatz.<\/p>\n","protected":false},"excerpt":{"rendered":"<p>Im Tamarindos Pe\u00f1\u00edscola stellen wir Ihnen einen kostenlosen Parkplatz zur Verf\u00fcgung. Es gibt zwei Parkpl\u00e4tze, je nachdem, in welchem Apartment Sie untergebracht sind: Neuer Fahrradst\u00e4nder! Wir bieten einen kostenlosen Fahrradabstellservice im Parkhaus I neben dem Grillplatz.<\/p>\n","protected":false},"author":2,"featured_media":3536,"parent":1397,"menu_order":0,"comment_status":"closed","ping_status":"closed","template":"page-servicios.php","meta":{"_acf_changed":false,"inline_featured_image":false,"_joinchat":[],"footnotes":""},"class_list":["post-1413","page","type-page","status-publish","has-post-thumbnail","hentry"],"acf":[],"yoast_head":"<!-- This site is optimized with the Yoast SEO plugin v27.2 - https:\/\/yoast.com\/product\/yoast-seo-wordpress\/ -->\n<title>Parkplatz - Tamarindos<\/title>\n<meta name=\"description\" content=\"In Tamarindos Pe\u00f1\u00edscola bieten wir Ihnen einen kostenlosen Parkplatz, es gibt zwei Parkpl\u00e4tze, je nachdem, wo Sie wohnen.\" \/>\n<meta name=\"robots\" content=\"index, follow, max-snippet:-1, max-image-preview:large, max-video-preview:-1\" \/>\n<link rel=\"canonical\" href=\"https:\/\/www.tamarindos.net\/de\/dienstleistungen\/parkplatz\/\" \/>\n<meta property=\"og:locale\" content=\"de_DE\" \/>\n<meta property=\"og:type\" content=\"article\" \/>\n<meta property=\"og:title\" content=\"Parkplatz - Tamarindos\" \/>\n<meta property=\"og:description\" content=\"In Tamarindos Pe\u00f1\u00edscola bieten wir Ihnen einen kostenlosen Parkplatz, es gibt zwei Parkpl\u00e4tze, je nachdem, wo Sie wohnen.\" \/>\n<meta property=\"og:url\" content=\"https:\/\/www.tamarindos.net\/de\/dienstleistungen\/parkplatz\/\" \/>\n<meta property=\"og:site_name\" content=\"Tamarindos\" \/>\n<meta property=\"article:publisher\" content=\"https:\/\/www.facebook.com\/tamarindos.net\/\" \/>\n<meta property=\"article:modified_time\" content=\"2025-09-25T15:25:59+00:00\" \/>\n<meta property=\"og:image\" content=\"https:\/\/www.tamarindos.net\/wp-content\/uploads\/2019\/11\/Parking.jpg\" \/>\n\t<meta property=\"og:image:width\" content=\"4032\" \/>\n\t<meta property=\"og:image:height\" content=\"2440\" \/>\n\t<meta property=\"og:image:type\" content=\"image\/jpeg\" \/>\n<meta name=\"twitter:card\" content=\"summary_large_image\" \/>\n<meta name=\"twitter:site\" content=\"@tamarindospe\" \/>\n<script type=\"application\/ld+json\" class=\"yoast-schema-graph\">{\"@context\":\"https:\/\/schema.org\",\"@graph\":[{\"@type\":\"WebPage\",\"@id\":\"https:\/\/www.tamarindos.net\/de\/dienstleistungen\/parkplatz\/\",\"url\":\"https:\/\/www.tamarindos.net\/de\/dienstleistungen\/parkplatz\/\",\"name\":\"Parkplatz - Tamarindos\",\"isPartOf\":{\"@id\":\"https:\/\/www.tamarindos.net\/de\/#website\"},\"primaryImageOfPage\":{\"@id\":\"https:\/\/www.tamarindos.net\/de\/dienstleistungen\/parkplatz\/#primaryimage\"},\"image\":{\"@id\":\"https:\/\/www.tamarindos.net\/de\/dienstleistungen\/parkplatz\/#primaryimage\"},\"thumbnailUrl\":\"https:\/\/www.tamarindos.net\/wp-content\/uploads\/2019\/11\/Parking.jpg\",\"datePublished\":\"2019-02-21T12:32:12+00:00\",\"dateModified\":\"2025-09-25T15:25:59+00:00\",\"description\":\"In Tamarindos Pe\u00f1\u00edscola bieten wir Ihnen einen kostenlosen Parkplatz, es gibt zwei Parkpl\u00e4tze, je nachdem, wo Sie wohnen.\",\"breadcrumb\":{\"@id\":\"https:\/\/www.tamarindos.net\/de\/dienstleistungen\/parkplatz\/#breadcrumb\"},\"inLanguage\":\"de\",\"potentialAction\":[{\"@type\":\"ReadAction\",\"target\":[\"https:\/\/www.tamarindos.net\/de\/dienstleistungen\/parkplatz\/\"]}]},{\"@type\":\"ImageObject\",\"inLanguage\":\"de\",\"@id\":\"https:\/\/www.tamarindos.net\/de\/dienstleistungen\/parkplatz\/#primaryimage\",\"url\":\"https:\/\/www.tamarindos.net\/wp-content\/uploads\/2019\/11\/Parking.jpg\",\"contentUrl\":\"https:\/\/www.tamarindos.net\/wp-content\/uploads\/2019\/11\/Parking.jpg\",\"width\":4032,\"height\":2440,\"caption\":\"Parking I\"},{\"@type\":\"BreadcrumbList\",\"@id\":\"https:\/\/www.tamarindos.net\/de\/dienstleistungen\/parkplatz\/#breadcrumb\",\"itemListElement\":[{\"@type\":\"ListItem\",\"position\":1,\"name\":\"Inicio\",\"item\":\"https:\/\/www.tamarindos.net\/de\/homepage\/\"},{\"@type\":\"ListItem\",\"position\":2,\"name\":\"Dienstleistungen\",\"item\":\"https:\/\/www.tamarindos.net\/de\/dienstleistungen\/\"},{\"@type\":\"ListItem\",\"position\":3,\"name\":\"Parkplatz\"}]},{\"@type\":\"WebSite\",\"@id\":\"https:\/\/www.tamarindos.net\/de\/#website\",\"url\":\"https:\/\/www.tamarindos.net\/de\/\",\"name\":\"Tamarindos\",\"description\":\"Apartamentos en Pe\u00f1\u00edscola\",\"publisher\":{\"@id\":\"https:\/\/www.tamarindos.net\/de\/#organization\"},\"potentialAction\":[{\"@type\":\"SearchAction\",\"target\":{\"@type\":\"EntryPoint\",\"urlTemplate\":\"https:\/\/www.tamarindos.net\/de\/?s={search_term_string}\"},\"query-input\":{\"@type\":\"PropertyValueSpecification\",\"valueRequired\":true,\"valueName\":\"search_term_string\"}}],\"inLanguage\":\"de\"},{\"@type\":\"Organization\",\"@id\":\"https:\/\/www.tamarindos.net\/de\/#organization\",\"name\":\"TAMARINDOS PE\u00d1\u00cdSCOLA\",\"url\":\"https:\/\/www.tamarindos.net\/de\/\",\"logo\":{\"@type\":\"ImageObject\",\"inLanguage\":\"de\",\"@id\":\"https:\/\/www.tamarindos.net\/de\/#\/schema\/logo\/image\/\",\"url\":\"https:\/\/www.tamarindos.net\/wp-content\/uploads\/2019\/10\/A7B9714-compressor-e1571911709586.jpg\",\"contentUrl\":\"https:\/\/www.tamarindos.net\/wp-content\/uploads\/2019\/10\/A7B9714-compressor-e1571911709586.jpg\",\"width\":1024,\"height\":705,\"caption\":\"TAMARINDOS PE\u00d1\u00cdSCOLA\"},\"image\":{\"@id\":\"https:\/\/www.tamarindos.net\/de\/#\/schema\/logo\/image\/\"},\"sameAs\":[\"https:\/\/www.facebook.com\/tamarindos.net\/\",\"https:\/\/x.com\/tamarindospe\",\"https:\/\/www.instagram.com\/apartamentos_tamarindos\/?hl=es\",\"https:\/\/www.youtube.com\/channel\/UCdzAK3I0CHxOUOFg4IIl76g\"]}]}<\/script>\n<!-- \/ Yoast SEO plugin. -->","yoast_head_json":{"title":"Parkplatz - Tamarindos","description":"In Tamarindos Pe\u00f1\u00edscola bieten wir Ihnen einen kostenlosen Parkplatz, es gibt zwei Parkpl\u00e4tze, je nachdem, wo Sie wohnen.","robots":{"index":"index","follow":"follow","max-snippet":"max-snippet:-1","max-image-preview":"max-image-preview:large","max-video-preview":"max-video-preview:-1"},"canonical":"https:\/\/www.tamarindos.net\/de\/dienstleistungen\/parkplatz\/","og_locale":"de_DE","og_type":"article","og_title":"Parkplatz - Tamarindos","og_description":"In Tamarindos Pe\u00f1\u00edscola bieten wir Ihnen einen kostenlosen Parkplatz, es gibt zwei Parkpl\u00e4tze, je nachdem, wo Sie wohnen.","og_url":"https:\/\/www.tamarindos.net\/de\/dienstleistungen\/parkplatz\/","og_site_name":"Tamarindos","article_publisher":"https:\/\/www.facebook.com\/tamarindos.net\/","article_modified_time":"2025-09-25T15:25:59+00:00","og_image":[{"width":4032,"height":2440,"url":"https:\/\/www.tamarindos.net\/wp-content\/uploads\/2019\/11\/Parking.jpg","type":"image\/jpeg"}],"twitter_card":"summary_large_image","twitter_site":"@tamarindospe","schema":{"@context":"https:\/\/schema.org","@graph":[{"@type":"WebPage","@id":"https:\/\/www.tamarindos.net\/de\/dienstleistungen\/parkplatz\/","url":"https:\/\/www.tamarindos.net\/de\/dienstleistungen\/parkplatz\/","name":"Parkplatz - Tamarindos","isPartOf":{"@id":"https:\/\/www.tamarindos.net\/de\/#website"},"primaryImageOfPage":{"@id":"https:\/\/www.tamarindos.net\/de\/dienstleistungen\/parkplatz\/#primaryimage"},"image":{"@id":"https:\/\/www.tamarindos.net\/de\/dienstleistungen\/parkplatz\/#primaryimage"},"thumbnailUrl":"https:\/\/www.tamarindos.net\/wp-content\/uploads\/2019\/11\/Parking.jpg","datePublished":"2019-02-21T12:32:12+00:00","dateModified":"2025-09-25T15:25:59+00:00","description":"In Tamarindos Pe\u00f1\u00edscola bieten wir Ihnen einen kostenlosen Parkplatz, es gibt zwei Parkpl\u00e4tze, je nachdem, wo Sie wohnen.","breadcrumb":{"@id":"https:\/\/www.tamarindos.net\/de\/dienstleistungen\/parkplatz\/#breadcrumb"},"inLanguage":"de","potentialAction":[{"@type":"ReadAction","target":["https:\/\/www.tamarindos.net\/de\/dienstleistungen\/parkplatz\/"]}]},{"@type":"ImageObject","inLanguage":"de","@id":"https:\/\/www.tamarindos.net\/de\/dienstleistungen\/parkplatz\/#primaryimage","url":"https:\/\/www.tamarindos.net\/wp-content\/uploads\/2019\/11\/Parking.jpg","contentUrl":"https:\/\/www.tamarindos.net\/wp-content\/uploads\/2019\/11\/Parking.jpg","width":4032,"height":2440,"caption":"Parking I"},{"@type":"BreadcrumbList","@id":"https:\/\/www.tamarindos.net\/de\/dienstleistungen\/parkplatz\/#breadcrumb","itemListElement":[{"@type":"ListItem","position":1,"name":"Inicio","item":"https:\/\/www.tamarindos.net\/de\/homepage\/"},{"@type":"ListItem","position":2,"name":"Dienstleistungen","item":"https:\/\/www.tamarindos.net\/de\/dienstleistungen\/"},{"@type":"ListItem","position":3,"name":"Parkplatz"}]},{"@type":"WebSite","@id":"https:\/\/www.tamarindos.net\/de\/#website","url":"https:\/\/www.tamarindos.net\/de\/","name":"Tamarindos","description":"Apartamentos en Pe\u00f1\u00edscola","publisher":{"@id":"https:\/\/www.tamarindos.net\/de\/#organization"},"potentialAction":[{"@type":"SearchAction","target":{"@type":"EntryPoint","urlTemplate":"https:\/\/www.tamarindos.net\/de\/?s={search_term_string}"},"query-input":{"@type":"PropertyValueSpecification","valueRequired":true,"valueName":"search_term_string"}}],"inLanguage":"de"},{"@type":"Organization","@id":"https:\/\/www.tamarindos.net\/de\/#organization","name":"TAMARINDOS PE\u00d1\u00cdSCOLA","url":"https:\/\/www.tamarindos.net\/de\/","logo":{"@type":"ImageObject","inLanguage":"de","@id":"https:\/\/www.tamarindos.net\/de\/#\/schema\/logo\/image\/","url":"https:\/\/www.tamarindos.net\/wp-content\/uploads\/2019\/10\/A7B9714-compressor-e1571911709586.jpg","contentUrl":"https:\/\/www.tamarindos.net\/wp-content\/uploads\/2019\/10\/A7B9714-compressor-e1571911709586.jpg","width":1024,"height":705,"caption":"TAMARINDOS PE\u00d1\u00cdSCOLA"},"image":{"@id":"https:\/\/www.tamarindos.net\/de\/#\/schema\/logo\/image\/"},"sameAs":["https:\/\/www.facebook.com\/tamarindos.net\/","https:\/\/x.com\/tamarindospe","https:\/\/www.instagram.com\/apartamentos_tamarindos\/?hl=es","https:\/\/www.youtube.com\/channel\/UCdzAK3I0CHxOUOFg4IIl76g"]}]}},"_links":{"self":[{"href":"https:\/\/www.tamarindos.net\/de\/wp-json\/wp\/v2\/pages\/1413","targetHints":{"allow":["GET"]}}],"collection":[{"href":"https:\/\/www.tamarindos.net\/de\/wp-json\/wp\/v2\/pages"}],"about":[{"href":"https:\/\/www.tamarindos.net\/de\/wp-json\/wp\/v2\/types\/page"}],"author":[{"embeddable":true,"href":"https:\/\/www.tamarindos.net\/de\/wp-json\/wp\/v2\/users\/2"}],"replies":[{"embeddable":true,"href":"https:\/\/www.tamarindos.net\/de\/wp-json\/wp\/v2\/comments?post=1413"}],"version-history":[{"count":10,"href":"https:\/\/www.tamarindos.net\/de\/wp-json\/wp\/v2\/pages\/1413\/revisions"}],"predecessor-version":[{"id":8391,"href":"https:\/\/www.tamarindos.net\/de\/wp-json\/wp\/v2\/pages\/1413\/revisions\/8391"}],"up":[{"embeddable":true,"href":"https:\/\/www.tamarindos.net\/de\/wp-json\/wp\/v2\/pages\/1397"}],"wp:featuredmedia":[{"embeddable":true,"href":"https:\/\/www.tamarindos.net\/de\/wp-json\/wp\/v2\/media\/3536"}],"wp:attachment":[{"href":"https:\/\/www.tamarindos.net\/de\/wp-json\/wp\/v2\/media?parent=1413"}],"curies":[{"name":"wp","href":"https:\/\/api.w.org\/{rel}","templated":true}]}}