{"id":1408,"date":"2019-02-21T13:30:27","date_gmt":"2019-02-21T12:30:27","guid":{"rendered":"https:\/\/www.tamarindos.net\/dienstleistungen\/waschsalon\/"},"modified":"2026-02-11T13:21:02","modified_gmt":"2026-02-11T12:21:02","slug":"waschsalon","status":"publish","type":"page","link":"https:\/\/www.tamarindos.net\/de\/dienstleistungen\/waschsalon\/","title":{"rendered":"Waschsalon"},"content":{"rendered":"\n<p><p><em>Ihre saubere Kleidung, wenn Sie sie brauchen<\/em><\/p><\/p>\n\n<p><p><strong>EXKLUSIVER SERVICE F\u00dcR G\u00c4STE DES TAMARINDOS<\/strong><\/p><\/p>\n\n<p>Apartamentos Tamarindos Pe\u00f1\u00edscola stellt Ihnen W\u00e4schereipersonal zur Verf\u00fcgung, damit Sie Ihre Kleidung und die Ihrer ganzen Familie waschen k\u00f6nnen.<\/p>\n\n<ul class=\"wp-block-list\">\n<li>WASCHEN: 3 \u20ac<\/li>\n\n\n\n<li>WASCHEN UND TROCKNEN: 6 \u20ac<\/li>\n<\/ul>\n\n<p>Kostenloser Wechsel von Bettw\u00e4sche, Handt\u00fcchern und K\u00fcchent\u00fcchern, zweimal pro Woche von Montag bis Freitag.<\/p>\n\n<p><p><strong>\u00d6FFNUNGSZEITEN DER W\u00c4SCHEREI<\/strong><\/p><\/p>\n\n<p>Montag bis Freitag:<\/p>\n\n<ul class=\"wp-block-list\">\n<li>Morgen: 9 &#8211; 13 Uhr<\/li>\n\n\n\n<li>Nachmittags: 15\u201318 Uhr<\/li>\n<\/ul>\n","protected":false},"excerpt":{"rendered":"<p>Ihre saubere Kleidung, wenn Sie sie brauchen EXKLUSIVER SERVICE F\u00dcR G\u00c4STE DES TAMARINDOS Apartamentos Tamarindos Pe\u00f1\u00edscola stellt Ihnen W\u00e4schereipersonal zur Verf\u00fcgung, damit Sie Ihre Kleidung und die Ihrer ganzen Familie waschen k\u00f6nnen. Kostenloser Wechsel von Bettw\u00e4sche, Handt\u00fcchern und K\u00fcchent\u00fcchern, zweimal pro Woche von Montag bis Freitag. \u00d6FFNUNGSZEITEN DER W\u00c4SCHEREI Montag bis Freitag:<\/p>\n","protected":false},"author":2,"featured_media":7579,"parent":1397,"menu_order":0,"comment_status":"closed","ping_status":"closed","template":"page-servicios.php","meta":{"_acf_changed":false,"inline_featured_image":false,"_joinchat":[],"footnotes":""},"class_list":["post-1408","page","type-page","status-publish","has-post-thumbnail","hentry"],"acf":[],"yoast_head":"<!-- This site is optimized with the Yoast SEO plugin v27.2 - https:\/\/yoast.com\/product\/yoast-seo-wordpress\/ -->\n<title>Waschsalon - Tamarindos<\/title>\n<meta name=\"description\" content=\"Das Appartement Tamarindos Pe\u00f1\u00edscola stellt Ihnen das W\u00e4schepersonal zur Verf\u00fcgung, damit Sie Ihre Kleidung und die der ganzen Familie waschen k\u00f6nnen.\" \/>\n<meta name=\"robots\" content=\"index, follow, max-snippet:-1, max-image-preview:large, max-video-preview:-1\" \/>\n<link rel=\"canonical\" href=\"https:\/\/www.tamarindos.net\/de\/dienstleistungen\/waschsalon\/\" \/>\n<meta property=\"og:locale\" content=\"de_DE\" \/>\n<meta property=\"og:type\" content=\"article\" \/>\n<meta property=\"og:title\" content=\"Waschsalon - Tamarindos\" \/>\n<meta property=\"og:description\" content=\"Das Appartement Tamarindos Pe\u00f1\u00edscola stellt Ihnen das W\u00e4schepersonal zur Verf\u00fcgung, damit Sie Ihre Kleidung und die der ganzen Familie waschen k\u00f6nnen.\" \/>\n<meta property=\"og:url\" content=\"https:\/\/www.tamarindos.net\/de\/dienstleistungen\/waschsalon\/\" \/>\n<meta property=\"og:site_name\" content=\"Tamarindos\" \/>\n<meta property=\"article:publisher\" content=\"https:\/\/www.facebook.com\/tamarindos.net\/\" \/>\n<meta property=\"article:modified_time\" content=\"2026-02-11T12:21:02+00:00\" \/>\n<meta property=\"og:image\" content=\"https:\/\/www.tamarindos.net\/wp-content\/uploads\/2025\/05\/DSC07119.jpg\" \/>\n\t<meta property=\"og:image:width\" content=\"1200\" \/>\n\t<meta property=\"og:image:height\" content=\"808\" \/>\n\t<meta property=\"og:image:type\" content=\"image\/jpeg\" \/>\n<meta name=\"twitter:card\" content=\"summary_large_image\" \/>\n<meta name=\"twitter:site\" content=\"@tamarindospe\" \/>\n<meta name=\"twitter:label1\" content=\"Gesch\u00e4tzte Lesezeit\" \/>\n\t<meta name=\"twitter:data1\" content=\"2\u00a0Minuten\" \/>\n<script type=\"application\/ld+json\" class=\"yoast-schema-graph\">{\"@context\":\"https:\/\/schema.org\",\"@graph\":[{\"@type\":\"WebPage\",\"@id\":\"https:\/\/www.tamarindos.net\/de\/dienstleistungen\/waschsalon\/\",\"url\":\"https:\/\/www.tamarindos.net\/de\/dienstleistungen\/waschsalon\/\",\"name\":\"Waschsalon - Tamarindos\",\"isPartOf\":{\"@id\":\"https:\/\/www.tamarindos.net\/de\/#website\"},\"primaryImageOfPage\":{\"@id\":\"https:\/\/www.tamarindos.net\/de\/dienstleistungen\/waschsalon\/#primaryimage\"},\"image\":{\"@id\":\"https:\/\/www.tamarindos.net\/de\/dienstleistungen\/waschsalon\/#primaryimage\"},\"thumbnailUrl\":\"https:\/\/www.tamarindos.net\/wp-content\/uploads\/2025\/05\/DSC07119.jpg\",\"datePublished\":\"2019-02-21T12:30:27+00:00\",\"dateModified\":\"2026-02-11T12:21:02+00:00\",\"description\":\"Das Appartement Tamarindos Pe\u00f1\u00edscola stellt Ihnen das W\u00e4schepersonal zur Verf\u00fcgung, damit Sie Ihre Kleidung und die der ganzen Familie waschen k\u00f6nnen.\",\"breadcrumb\":{\"@id\":\"https:\/\/www.tamarindos.net\/de\/dienstleistungen\/waschsalon\/#breadcrumb\"},\"inLanguage\":\"de\",\"potentialAction\":[{\"@type\":\"ReadAction\",\"target\":[\"https:\/\/www.tamarindos.net\/de\/dienstleistungen\/waschsalon\/\"]}]},{\"@type\":\"ImageObject\",\"inLanguage\":\"de\",\"@id\":\"https:\/\/www.tamarindos.net\/de\/dienstleistungen\/waschsalon\/#primaryimage\",\"url\":\"https:\/\/www.tamarindos.net\/wp-content\/uploads\/2025\/05\/DSC07119.jpg\",\"contentUrl\":\"https:\/\/www.tamarindos.net\/wp-content\/uploads\/2025\/05\/DSC07119.jpg\",\"width\":6886,\"height\":4634,\"caption\":\"Lavander\u00eda Tamarindos\"},{\"@type\":\"BreadcrumbList\",\"@id\":\"https:\/\/www.tamarindos.net\/de\/dienstleistungen\/waschsalon\/#breadcrumb\",\"itemListElement\":[{\"@type\":\"ListItem\",\"position\":1,\"name\":\"Inicio\",\"item\":\"https:\/\/www.tamarindos.net\/de\/homepage\/\"},{\"@type\":\"ListItem\",\"position\":2,\"name\":\"Dienstleistungen\",\"item\":\"https:\/\/www.tamarindos.net\/de\/dienstleistungen\/\"},{\"@type\":\"ListItem\",\"position\":3,\"name\":\"Waschsalon\"}]},{\"@type\":\"WebSite\",\"@id\":\"https:\/\/www.tamarindos.net\/de\/#website\",\"url\":\"https:\/\/www.tamarindos.net\/de\/\",\"name\":\"Tamarindos\",\"description\":\"Apartamentos en Pe\u00f1\u00edscola\",\"publisher\":{\"@id\":\"https:\/\/www.tamarindos.net\/de\/#organization\"},\"potentialAction\":[{\"@type\":\"SearchAction\",\"target\":{\"@type\":\"EntryPoint\",\"urlTemplate\":\"https:\/\/www.tamarindos.net\/de\/?s={search_term_string}\"},\"query-input\":{\"@type\":\"PropertyValueSpecification\",\"valueRequired\":true,\"valueName\":\"search_term_string\"}}],\"inLanguage\":\"de\"},{\"@type\":\"Organization\",\"@id\":\"https:\/\/www.tamarindos.net\/de\/#organization\",\"name\":\"TAMARINDOS PE\u00d1\u00cdSCOLA\",\"url\":\"https:\/\/www.tamarindos.net\/de\/\",\"logo\":{\"@type\":\"ImageObject\",\"inLanguage\":\"de\",\"@id\":\"https:\/\/www.tamarindos.net\/de\/#\/schema\/logo\/image\/\",\"url\":\"https:\/\/www.tamarindos.net\/wp-content\/uploads\/2019\/10\/A7B9714-compressor-e1571911709586.jpg\",\"contentUrl\":\"https:\/\/www.tamarindos.net\/wp-content\/uploads\/2019\/10\/A7B9714-compressor-e1571911709586.jpg\",\"width\":1024,\"height\":705,\"caption\":\"TAMARINDOS PE\u00d1\u00cdSCOLA\"},\"image\":{\"@id\":\"https:\/\/www.tamarindos.net\/de\/#\/schema\/logo\/image\/\"},\"sameAs\":[\"https:\/\/www.facebook.com\/tamarindos.net\/\",\"https:\/\/x.com\/tamarindospe\",\"https:\/\/www.instagram.com\/apartamentos_tamarindos\/?hl=es\",\"https:\/\/www.youtube.com\/channel\/UCdzAK3I0CHxOUOFg4IIl76g\"]}]}<\/script>\n<!-- \/ Yoast SEO plugin. -->","yoast_head_json":{"title":"Waschsalon - Tamarindos","description":"Das Appartement Tamarindos Pe\u00f1\u00edscola stellt Ihnen das W\u00e4schepersonal zur Verf\u00fcgung, damit Sie Ihre Kleidung und die der ganzen Familie waschen k\u00f6nnen.","robots":{"index":"index","follow":"follow","max-snippet":"max-snippet:-1","max-image-preview":"max-image-preview:large","max-video-preview":"max-video-preview:-1"},"canonical":"https:\/\/www.tamarindos.net\/de\/dienstleistungen\/waschsalon\/","og_locale":"de_DE","og_type":"article","og_title":"Waschsalon - Tamarindos","og_description":"Das Appartement Tamarindos Pe\u00f1\u00edscola stellt Ihnen das W\u00e4schepersonal zur Verf\u00fcgung, damit Sie Ihre Kleidung und die der ganzen Familie waschen k\u00f6nnen.","og_url":"https:\/\/www.tamarindos.net\/de\/dienstleistungen\/waschsalon\/","og_site_name":"Tamarindos","article_publisher":"https:\/\/www.facebook.com\/tamarindos.net\/","article_modified_time":"2026-02-11T12:21:02+00:00","og_image":[{"url":"https:\/\/www.tamarindos.net\/wp-content\/uploads\/2025\/05\/DSC07119.jpg","width":1200,"height":808,"type":"image\/jpeg"}],"twitter_card":"summary_large_image","twitter_site":"@tamarindospe","twitter_misc":{"Gesch\u00e4tzte Lesezeit":"2\u00a0Minuten"},"schema":{"@context":"https:\/\/schema.org","@graph":[{"@type":"WebPage","@id":"https:\/\/www.tamarindos.net\/de\/dienstleistungen\/waschsalon\/","url":"https:\/\/www.tamarindos.net\/de\/dienstleistungen\/waschsalon\/","name":"Waschsalon - Tamarindos","isPartOf":{"@id":"https:\/\/www.tamarindos.net\/de\/#website"},"primaryImageOfPage":{"@id":"https:\/\/www.tamarindos.net\/de\/dienstleistungen\/waschsalon\/#primaryimage"},"image":{"@id":"https:\/\/www.tamarindos.net\/de\/dienstleistungen\/waschsalon\/#primaryimage"},"thumbnailUrl":"https:\/\/www.tamarindos.net\/wp-content\/uploads\/2025\/05\/DSC07119.jpg","datePublished":"2019-02-21T12:30:27+00:00","dateModified":"2026-02-11T12:21:02+00:00","description":"Das Appartement Tamarindos Pe\u00f1\u00edscola stellt Ihnen das W\u00e4schepersonal zur Verf\u00fcgung, damit Sie Ihre Kleidung und die der ganzen Familie waschen k\u00f6nnen.","breadcrumb":{"@id":"https:\/\/www.tamarindos.net\/de\/dienstleistungen\/waschsalon\/#breadcrumb"},"inLanguage":"de","potentialAction":[{"@type":"ReadAction","target":["https:\/\/www.tamarindos.net\/de\/dienstleistungen\/waschsalon\/"]}]},{"@type":"ImageObject","inLanguage":"de","@id":"https:\/\/www.tamarindos.net\/de\/dienstleistungen\/waschsalon\/#primaryimage","url":"https:\/\/www.tamarindos.net\/wp-content\/uploads\/2025\/05\/DSC07119.jpg","contentUrl":"https:\/\/www.tamarindos.net\/wp-content\/uploads\/2025\/05\/DSC07119.jpg","width":6886,"height":4634,"caption":"Lavander\u00eda Tamarindos"},{"@type":"BreadcrumbList","@id":"https:\/\/www.tamarindos.net\/de\/dienstleistungen\/waschsalon\/#breadcrumb","itemListElement":[{"@type":"ListItem","position":1,"name":"Inicio","item":"https:\/\/www.tamarindos.net\/de\/homepage\/"},{"@type":"ListItem","position":2,"name":"Dienstleistungen","item":"https:\/\/www.tamarindos.net\/de\/dienstleistungen\/"},{"@type":"ListItem","position":3,"name":"Waschsalon"}]},{"@type":"WebSite","@id":"https:\/\/www.tamarindos.net\/de\/#website","url":"https:\/\/www.tamarindos.net\/de\/","name":"Tamarindos","description":"Apartamentos en Pe\u00f1\u00edscola","publisher":{"@id":"https:\/\/www.tamarindos.net\/de\/#organization"},"potentialAction":[{"@type":"SearchAction","target":{"@type":"EntryPoint","urlTemplate":"https:\/\/www.tamarindos.net\/de\/?s={search_term_string}"},"query-input":{"@type":"PropertyValueSpecification","valueRequired":true,"valueName":"search_term_string"}}],"inLanguage":"de"},{"@type":"Organization","@id":"https:\/\/www.tamarindos.net\/de\/#organization","name":"TAMARINDOS PE\u00d1\u00cdSCOLA","url":"https:\/\/www.tamarindos.net\/de\/","logo":{"@type":"ImageObject","inLanguage":"de","@id":"https:\/\/www.tamarindos.net\/de\/#\/schema\/logo\/image\/","url":"https:\/\/www.tamarindos.net\/wp-content\/uploads\/2019\/10\/A7B9714-compressor-e1571911709586.jpg","contentUrl":"https:\/\/www.tamarindos.net\/wp-content\/uploads\/2019\/10\/A7B9714-compressor-e1571911709586.jpg","width":1024,"height":705,"caption":"TAMARINDOS PE\u00d1\u00cdSCOLA"},"image":{"@id":"https:\/\/www.tamarindos.net\/de\/#\/schema\/logo\/image\/"},"sameAs":["https:\/\/www.facebook.com\/tamarindos.net\/","https:\/\/x.com\/tamarindospe","https:\/\/www.instagram.com\/apartamentos_tamarindos\/?hl=es","https:\/\/www.youtube.com\/channel\/UCdzAK3I0CHxOUOFg4IIl76g"]}]}},"_links":{"self":[{"href":"https:\/\/www.tamarindos.net\/de\/wp-json\/wp\/v2\/pages\/1408","targetHints":{"allow":["GET"]}}],"collection":[{"href":"https:\/\/www.tamarindos.net\/de\/wp-json\/wp\/v2\/pages"}],"about":[{"href":"https:\/\/www.tamarindos.net\/de\/wp-json\/wp\/v2\/types\/page"}],"author":[{"embeddable":true,"href":"https:\/\/www.tamarindos.net\/de\/wp-json\/wp\/v2\/users\/2"}],"replies":[{"embeddable":true,"href":"https:\/\/www.tamarindos.net\/de\/wp-json\/wp\/v2\/comments?post=1408"}],"version-history":[{"count":8,"href":"https:\/\/www.tamarindos.net\/de\/wp-json\/wp\/v2\/pages\/1408\/revisions"}],"predecessor-version":[{"id":8384,"href":"https:\/\/www.tamarindos.net\/de\/wp-json\/wp\/v2\/pages\/1408\/revisions\/8384"}],"up":[{"embeddable":true,"href":"https:\/\/www.tamarindos.net\/de\/wp-json\/wp\/v2\/pages\/1397"}],"wp:featuredmedia":[{"embeddable":true,"href":"https:\/\/www.tamarindos.net\/de\/wp-json\/wp\/v2\/media\/7579"}],"wp:attachment":[{"href":"https:\/\/www.tamarindos.net\/de\/wp-json\/wp\/v2\/media?parent=1408"}],"curies":[{"name":"wp","href":"https:\/\/api.w.org\/{rel}","templated":true}]}}