{"id":1401,"date":"2019-02-21T13:28:52","date_gmt":"2019-02-21T12:28:52","guid":{"rendered":"https:\/\/www.tamarindos.net\/dienstleistungen\/grill\/"},"modified":"2025-09-25T16:54:07","modified_gmt":"2025-09-25T14:54:07","slug":"grill","status":"publish","type":"page","link":"https:\/\/www.tamarindos.net\/de\/dienstleistungen\/grill\/","title":{"rendered":"Grill"},"content":{"rendered":"\n<p>Nicht jeder kann das Kochen auf Holzfeuer genie\u00dfen, aber sicherlich erinnern wir uns alle an einen Familienausflug, bei dem wir den Grill angez\u00fcndet haben.<\/p>\n\n<p>Bei Tamarindos haben wir alles vorbereitet, damit Sie keine W\u00fcnsche offen bleiben und diese Momente wieder erleben k\u00f6nnen. Im Grillbereich finden Sie die Grillroste f\u00fcr Ihre Grillgerichte.<\/p>\n\n<p>Genie\u00dfen Sie ein Familienessen im Picknickbereich unter dem herrlichen Schatten unserer Feigenb\u00e4ume.<\/p>\n","protected":false},"excerpt":{"rendered":"<p>Nicht jeder kann das Kochen auf Holzfeuer genie\u00dfen, aber sicherlich erinnern wir uns alle an einen Familienausflug, bei dem wir den Grill angez\u00fcndet haben. Bei Tamarindos haben wir alles vorbereitet, damit Sie keine W\u00fcnsche offen bleiben und diese Momente wieder erleben k\u00f6nnen. Im Grillbereich finden Sie die Grillroste f\u00fcr Ihre Grillgerichte. Genie\u00dfen Sie ein Familienessen [&hellip;]<\/p>\n","protected":false},"author":2,"featured_media":8033,"parent":1397,"menu_order":0,"comment_status":"closed","ping_status":"closed","template":"page-servicios.php","meta":{"_acf_changed":false,"inline_featured_image":false,"_joinchat":[],"footnotes":""},"class_list":["post-1401","page","type-page","status-publish","has-post-thumbnail","hentry"],"acf":[],"yoast_head":"<!-- This site is optimized with the Yoast SEO plugin v27.2 - https:\/\/yoast.com\/product\/yoast-seo-wordpress\/ -->\n<title>Grill - Tamarindos<\/title>\n<meta name=\"description\" content=\"Genie\u00dfen Sie ein Familien-Grillmen\u00fc auf dem Picknickplatz unter dem herrlichen Schatten unserer Feigenb\u00e4ume.\" \/>\n<meta name=\"robots\" content=\"index, follow, max-snippet:-1, max-image-preview:large, max-video-preview:-1\" \/>\n<link rel=\"canonical\" href=\"https:\/\/www.tamarindos.net\/de\/dienstleistungen\/grill\/\" \/>\n<meta property=\"og:locale\" content=\"de_DE\" \/>\n<meta property=\"og:type\" content=\"article\" \/>\n<meta property=\"og:title\" content=\"Grill - Tamarindos\" \/>\n<meta property=\"og:description\" content=\"Genie\u00dfen Sie ein Familien-Grillmen\u00fc auf dem Picknickplatz unter dem herrlichen Schatten unserer Feigenb\u00e4ume.\" \/>\n<meta property=\"og:url\" content=\"https:\/\/www.tamarindos.net\/de\/dienstleistungen\/grill\/\" \/>\n<meta property=\"og:site_name\" content=\"Tamarindos\" \/>\n<meta property=\"article:publisher\" content=\"https:\/\/www.facebook.com\/tamarindos.net\/\" \/>\n<meta property=\"article:modified_time\" content=\"2025-09-25T14:54:07+00:00\" \/>\n<meta property=\"og:image\" content=\"https:\/\/www.tamarindos.net\/wp-content\/uploads\/2025\/08\/DSC02351-edt.jpg\" \/>\n\t<meta property=\"og:image:width\" content=\"1200\" \/>\n\t<meta property=\"og:image:height\" content=\"800\" \/>\n\t<meta property=\"og:image:type\" content=\"image\/jpeg\" \/>\n<meta name=\"twitter:card\" content=\"summary_large_image\" \/>\n<meta name=\"twitter:site\" content=\"@tamarindospe\" \/>\n<script type=\"application\/ld+json\" class=\"yoast-schema-graph\">{\"@context\":\"https:\/\/schema.org\",\"@graph\":[{\"@type\":\"WebPage\",\"@id\":\"https:\/\/www.tamarindos.net\/de\/dienstleistungen\/grill\/\",\"url\":\"https:\/\/www.tamarindos.net\/de\/dienstleistungen\/grill\/\",\"name\":\"Grill - Tamarindos\",\"isPartOf\":{\"@id\":\"https:\/\/www.tamarindos.net\/de\/#website\"},\"primaryImageOfPage\":{\"@id\":\"https:\/\/www.tamarindos.net\/de\/dienstleistungen\/grill\/#primaryimage\"},\"image\":{\"@id\":\"https:\/\/www.tamarindos.net\/de\/dienstleistungen\/grill\/#primaryimage\"},\"thumbnailUrl\":\"https:\/\/www.tamarindos.net\/wp-content\/uploads\/2025\/08\/DSC02351-edt.jpg\",\"datePublished\":\"2019-02-21T12:28:52+00:00\",\"dateModified\":\"2025-09-25T14:54:07+00:00\",\"description\":\"Genie\u00dfen Sie ein Familien-Grillmen\u00fc auf dem Picknickplatz unter dem herrlichen Schatten unserer Feigenb\u00e4ume.\",\"breadcrumb\":{\"@id\":\"https:\/\/www.tamarindos.net\/de\/dienstleistungen\/grill\/#breadcrumb\"},\"inLanguage\":\"de\",\"potentialAction\":[{\"@type\":\"ReadAction\",\"target\":[\"https:\/\/www.tamarindos.net\/de\/dienstleistungen\/grill\/\"]}]},{\"@type\":\"ImageObject\",\"inLanguage\":\"de\",\"@id\":\"https:\/\/www.tamarindos.net\/de\/dienstleistungen\/grill\/#primaryimage\",\"url\":\"https:\/\/www.tamarindos.net\/wp-content\/uploads\/2025\/08\/DSC02351-edt.jpg\",\"contentUrl\":\"https:\/\/www.tamarindos.net\/wp-content\/uploads\/2025\/08\/DSC02351-edt.jpg\",\"width\":4758,\"height\":3172,\"caption\":\"Zona picnic\"},{\"@type\":\"BreadcrumbList\",\"@id\":\"https:\/\/www.tamarindos.net\/de\/dienstleistungen\/grill\/#breadcrumb\",\"itemListElement\":[{\"@type\":\"ListItem\",\"position\":1,\"name\":\"Inicio\",\"item\":\"https:\/\/www.tamarindos.net\/de\/homepage\/\"},{\"@type\":\"ListItem\",\"position\":2,\"name\":\"Dienstleistungen\",\"item\":\"https:\/\/www.tamarindos.net\/de\/dienstleistungen\/\"},{\"@type\":\"ListItem\",\"position\":3,\"name\":\"Grill\"}]},{\"@type\":\"WebSite\",\"@id\":\"https:\/\/www.tamarindos.net\/de\/#website\",\"url\":\"https:\/\/www.tamarindos.net\/de\/\",\"name\":\"Tamarindos\",\"description\":\"Apartamentos en Pe\u00f1\u00edscola\",\"publisher\":{\"@id\":\"https:\/\/www.tamarindos.net\/de\/#organization\"},\"potentialAction\":[{\"@type\":\"SearchAction\",\"target\":{\"@type\":\"EntryPoint\",\"urlTemplate\":\"https:\/\/www.tamarindos.net\/de\/?s={search_term_string}\"},\"query-input\":{\"@type\":\"PropertyValueSpecification\",\"valueRequired\":true,\"valueName\":\"search_term_string\"}}],\"inLanguage\":\"de\"},{\"@type\":\"Organization\",\"@id\":\"https:\/\/www.tamarindos.net\/de\/#organization\",\"name\":\"TAMARINDOS PE\u00d1\u00cdSCOLA\",\"url\":\"https:\/\/www.tamarindos.net\/de\/\",\"logo\":{\"@type\":\"ImageObject\",\"inLanguage\":\"de\",\"@id\":\"https:\/\/www.tamarindos.net\/de\/#\/schema\/logo\/image\/\",\"url\":\"https:\/\/www.tamarindos.net\/wp-content\/uploads\/2019\/10\/A7B9714-compressor-e1571911709586.jpg\",\"contentUrl\":\"https:\/\/www.tamarindos.net\/wp-content\/uploads\/2019\/10\/A7B9714-compressor-e1571911709586.jpg\",\"width\":1024,\"height\":705,\"caption\":\"TAMARINDOS PE\u00d1\u00cdSCOLA\"},\"image\":{\"@id\":\"https:\/\/www.tamarindos.net\/de\/#\/schema\/logo\/image\/\"},\"sameAs\":[\"https:\/\/www.facebook.com\/tamarindos.net\/\",\"https:\/\/x.com\/tamarindospe\",\"https:\/\/www.instagram.com\/apartamentos_tamarindos\/?hl=es\",\"https:\/\/www.youtube.com\/channel\/UCdzAK3I0CHxOUOFg4IIl76g\"]}]}<\/script>\n<!-- \/ Yoast SEO plugin. -->","yoast_head_json":{"title":"Grill - Tamarindos","description":"Genie\u00dfen Sie ein Familien-Grillmen\u00fc auf dem Picknickplatz unter dem herrlichen Schatten unserer Feigenb\u00e4ume.","robots":{"index":"index","follow":"follow","max-snippet":"max-snippet:-1","max-image-preview":"max-image-preview:large","max-video-preview":"max-video-preview:-1"},"canonical":"https:\/\/www.tamarindos.net\/de\/dienstleistungen\/grill\/","og_locale":"de_DE","og_type":"article","og_title":"Grill - Tamarindos","og_description":"Genie\u00dfen Sie ein Familien-Grillmen\u00fc auf dem Picknickplatz unter dem herrlichen Schatten unserer Feigenb\u00e4ume.","og_url":"https:\/\/www.tamarindos.net\/de\/dienstleistungen\/grill\/","og_site_name":"Tamarindos","article_publisher":"https:\/\/www.facebook.com\/tamarindos.net\/","article_modified_time":"2025-09-25T14:54:07+00:00","og_image":[{"url":"https:\/\/www.tamarindos.net\/wp-content\/uploads\/2025\/08\/DSC02351-edt.jpg","width":1200,"height":800,"type":"image\/jpeg"}],"twitter_card":"summary_large_image","twitter_site":"@tamarindospe","schema":{"@context":"https:\/\/schema.org","@graph":[{"@type":"WebPage","@id":"https:\/\/www.tamarindos.net\/de\/dienstleistungen\/grill\/","url":"https:\/\/www.tamarindos.net\/de\/dienstleistungen\/grill\/","name":"Grill - Tamarindos","isPartOf":{"@id":"https:\/\/www.tamarindos.net\/de\/#website"},"primaryImageOfPage":{"@id":"https:\/\/www.tamarindos.net\/de\/dienstleistungen\/grill\/#primaryimage"},"image":{"@id":"https:\/\/www.tamarindos.net\/de\/dienstleistungen\/grill\/#primaryimage"},"thumbnailUrl":"https:\/\/www.tamarindos.net\/wp-content\/uploads\/2025\/08\/DSC02351-edt.jpg","datePublished":"2019-02-21T12:28:52+00:00","dateModified":"2025-09-25T14:54:07+00:00","description":"Genie\u00dfen Sie ein Familien-Grillmen\u00fc auf dem Picknickplatz unter dem herrlichen Schatten unserer Feigenb\u00e4ume.","breadcrumb":{"@id":"https:\/\/www.tamarindos.net\/de\/dienstleistungen\/grill\/#breadcrumb"},"inLanguage":"de","potentialAction":[{"@type":"ReadAction","target":["https:\/\/www.tamarindos.net\/de\/dienstleistungen\/grill\/"]}]},{"@type":"ImageObject","inLanguage":"de","@id":"https:\/\/www.tamarindos.net\/de\/dienstleistungen\/grill\/#primaryimage","url":"https:\/\/www.tamarindos.net\/wp-content\/uploads\/2025\/08\/DSC02351-edt.jpg","contentUrl":"https:\/\/www.tamarindos.net\/wp-content\/uploads\/2025\/08\/DSC02351-edt.jpg","width":4758,"height":3172,"caption":"Zona picnic"},{"@type":"BreadcrumbList","@id":"https:\/\/www.tamarindos.net\/de\/dienstleistungen\/grill\/#breadcrumb","itemListElement":[{"@type":"ListItem","position":1,"name":"Inicio","item":"https:\/\/www.tamarindos.net\/de\/homepage\/"},{"@type":"ListItem","position":2,"name":"Dienstleistungen","item":"https:\/\/www.tamarindos.net\/de\/dienstleistungen\/"},{"@type":"ListItem","position":3,"name":"Grill"}]},{"@type":"WebSite","@id":"https:\/\/www.tamarindos.net\/de\/#website","url":"https:\/\/www.tamarindos.net\/de\/","name":"Tamarindos","description":"Apartamentos en Pe\u00f1\u00edscola","publisher":{"@id":"https:\/\/www.tamarindos.net\/de\/#organization"},"potentialAction":[{"@type":"SearchAction","target":{"@type":"EntryPoint","urlTemplate":"https:\/\/www.tamarindos.net\/de\/?s={search_term_string}"},"query-input":{"@type":"PropertyValueSpecification","valueRequired":true,"valueName":"search_term_string"}}],"inLanguage":"de"},{"@type":"Organization","@id":"https:\/\/www.tamarindos.net\/de\/#organization","name":"TAMARINDOS PE\u00d1\u00cdSCOLA","url":"https:\/\/www.tamarindos.net\/de\/","logo":{"@type":"ImageObject","inLanguage":"de","@id":"https:\/\/www.tamarindos.net\/de\/#\/schema\/logo\/image\/","url":"https:\/\/www.tamarindos.net\/wp-content\/uploads\/2019\/10\/A7B9714-compressor-e1571911709586.jpg","contentUrl":"https:\/\/www.tamarindos.net\/wp-content\/uploads\/2019\/10\/A7B9714-compressor-e1571911709586.jpg","width":1024,"height":705,"caption":"TAMARINDOS PE\u00d1\u00cdSCOLA"},"image":{"@id":"https:\/\/www.tamarindos.net\/de\/#\/schema\/logo\/image\/"},"sameAs":["https:\/\/www.facebook.com\/tamarindos.net\/","https:\/\/x.com\/tamarindospe","https:\/\/www.instagram.com\/apartamentos_tamarindos\/?hl=es","https:\/\/www.youtube.com\/channel\/UCdzAK3I0CHxOUOFg4IIl76g"]}]}},"_links":{"self":[{"href":"https:\/\/www.tamarindos.net\/de\/wp-json\/wp\/v2\/pages\/1401","targetHints":{"allow":["GET"]}}],"collection":[{"href":"https:\/\/www.tamarindos.net\/de\/wp-json\/wp\/v2\/pages"}],"about":[{"href":"https:\/\/www.tamarindos.net\/de\/wp-json\/wp\/v2\/types\/page"}],"author":[{"embeddable":true,"href":"https:\/\/www.tamarindos.net\/de\/wp-json\/wp\/v2\/users\/2"}],"replies":[{"embeddable":true,"href":"https:\/\/www.tamarindos.net\/de\/wp-json\/wp\/v2\/comments?post=1401"}],"version-history":[{"count":5,"href":"https:\/\/www.tamarindos.net\/de\/wp-json\/wp\/v2\/pages\/1401\/revisions"}],"predecessor-version":[{"id":8377,"href":"https:\/\/www.tamarindos.net\/de\/wp-json\/wp\/v2\/pages\/1401\/revisions\/8377"}],"up":[{"embeddable":true,"href":"https:\/\/www.tamarindos.net\/de\/wp-json\/wp\/v2\/pages\/1397"}],"wp:featuredmedia":[{"embeddable":true,"href":"https:\/\/www.tamarindos.net\/de\/wp-json\/wp\/v2\/media\/8033"}],"wp:attachment":[{"href":"https:\/\/www.tamarindos.net\/de\/wp-json\/wp\/v2\/media?parent=1401"}],"curies":[{"name":"wp","href":"https:\/\/api.w.org\/{rel}","templated":true}]}}