{"id":1338,"date":"2019-02-20T12:37:42","date_gmt":"2019-02-20T11:37:42","guid":{"rendered":"https:\/\/www.tamarindos.net\/aparments\/lage-b\/"},"modified":"2026-02-11T12:58:57","modified_gmt":"2026-02-11T11:58:57","slug":"lage-b","status":"publish","type":"page","link":"https:\/\/www.tamarindos.net\/de\/aparments\/lage-b\/","title":{"rendered":"Appartements Zone B"},"content":{"rendered":"<h3>Im Herzen des Gartenbereichs<\/h3>\n<p>Bereich senkrecht zum Meer, vor dem halbolympischen Pool und im Herzen des Gartenbereichs. Die Wohnungen sind auf sechs Obergeschosse und sechs Erdgeschosse verteilt.<\/p>\n<h3>2 Doppelzimmer, Wohnzimmer, K\u00fcche, Badezimmer und Terrasse<\/h3>\n<p>Die Dekoration und M\u00f6bel sind im mediterranen Stil gehalten. Ausgestattet mit Geh\u00e4usen zur Ger\u00e4uschisolierung und Maximierung der Energieeffizienz.<\/p>\n","protected":false},"excerpt":{"rendered":"<p>Im Herzen des Gartenbereichs Bereich senkrecht zum Meer, vor dem halbolympischen Pool und im Herzen des Gartenbereichs. Die Wohnungen sind auf sechs Obergeschosse und sechs Erdgeschosse verteilt. 2 Doppelzimmer, Wohnzimmer, K\u00fcche, Badezimmer und Terrasse Die Dekoration und M\u00f6bel sind im mediterranen Stil gehalten. Ausgestattet mit Geh\u00e4usen zur Ger\u00e4uschisolierung und Maximierung der Energieeffizienz.<\/p>\n","protected":false},"author":2,"featured_media":3741,"parent":1325,"menu_order":0,"comment_status":"closed","ping_status":"closed","template":"page-apartamentos.php","meta":{"_acf_changed":false,"inline_featured_image":false,"_joinchat":[],"footnotes":""},"class_list":["post-1338","page","type-page","status-publish","has-post-thumbnail","hentry"],"acf":[],"yoast_head":"<!-- This site is optimized with the Yoast SEO plugin v27.2 - https:\/\/yoast.com\/product\/yoast-seo-wordpress\/ -->\n<title>Appartements Zone B - Tamarindos<\/title>\n<meta name=\"description\" content=\"Es handelt sich um einen Komplex von 12 renovierten Wohnungen, die senkrecht zum Meer, vor dem gro\u00dfen Swimmingpool und im Herzen der Gartenanlage liegen.\" \/>\n<meta name=\"robots\" content=\"index, follow, max-snippet:-1, max-image-preview:large, max-video-preview:-1\" \/>\n<link rel=\"canonical\" href=\"https:\/\/www.tamarindos.net\/de\/aparments\/lage-b\/\" \/>\n<meta property=\"og:locale\" content=\"de_DE\" \/>\n<meta property=\"og:type\" content=\"article\" \/>\n<meta property=\"og:title\" content=\"Appartements Zone B - Tamarindos\" \/>\n<meta property=\"og:description\" content=\"Es handelt sich um einen Komplex von 12 renovierten Wohnungen, die senkrecht zum Meer, vor dem gro\u00dfen Swimmingpool und im Herzen der Gartenanlage liegen.\" \/>\n<meta property=\"og:url\" content=\"https:\/\/www.tamarindos.net\/de\/aparments\/lage-b\/\" \/>\n<meta property=\"og:site_name\" content=\"Tamarindos\" \/>\n<meta property=\"article:publisher\" content=\"https:\/\/www.facebook.com\/tamarindos.net\/\" \/>\n<meta property=\"article:modified_time\" content=\"2026-02-11T11:58:57+00:00\" \/>\n<meta name=\"twitter:card\" content=\"summary_large_image\" \/>\n<meta name=\"twitter:image\" content=\"https:\/\/www.tamarindos.net\/wp-content\/uploads\/2019\/12\/zona-B.jpg\" \/>\n<meta name=\"twitter:site\" content=\"@tamarindospe\" \/>\n<meta name=\"twitter:label1\" content=\"Gesch\u00e4tzte Lesezeit\" \/>\n\t<meta name=\"twitter:data1\" content=\"5\u00a0Minuten\" \/>\n<script type=\"application\/ld+json\" class=\"yoast-schema-graph\">{\"@context\":\"https:\/\/schema.org\",\"@graph\":[{\"@type\":\"WebPage\",\"@id\":\"https:\/\/www.tamarindos.net\/de\/aparments\/lage-b\/\",\"url\":\"https:\/\/www.tamarindos.net\/de\/aparments\/lage-b\/\",\"name\":\"Appartements Zone B - Tamarindos\",\"isPartOf\":{\"@id\":\"https:\/\/www.tamarindos.net\/de\/#website\"},\"primaryImageOfPage\":{\"@id\":\"https:\/\/www.tamarindos.net\/de\/aparments\/lage-b\/#primaryimage\"},\"image\":{\"@id\":\"https:\/\/www.tamarindos.net\/de\/aparments\/lage-b\/#primaryimage\"},\"thumbnailUrl\":\"https:\/\/www.tamarindos.net\/wp-content\/uploads\/2019\/12\/zona-B.jpg\",\"datePublished\":\"2019-02-20T11:37:42+00:00\",\"dateModified\":\"2026-02-11T11:58:57+00:00\",\"description\":\"Es handelt sich um einen Komplex von 12 renovierten Wohnungen, die senkrecht zum Meer, vor dem gro\u00dfen Swimmingpool und im Herzen der Gartenanlage liegen.\",\"breadcrumb\":{\"@id\":\"https:\/\/www.tamarindos.net\/de\/aparments\/lage-b\/#breadcrumb\"},\"inLanguage\":\"de\",\"potentialAction\":[{\"@type\":\"ReadAction\",\"target\":[\"https:\/\/www.tamarindos.net\/de\/aparments\/lage-b\/\"]}]},{\"@type\":\"ImageObject\",\"inLanguage\":\"de\",\"@id\":\"https:\/\/www.tamarindos.net\/de\/aparments\/lage-b\/#primaryimage\",\"url\":\"https:\/\/www.tamarindos.net\/wp-content\/uploads\/2019\/12\/zona-B.jpg\",\"contentUrl\":\"https:\/\/www.tamarindos.net\/wp-content\/uploads\/2019\/12\/zona-B.jpg\",\"width\":2560,\"height\":1707,\"caption\":\"Palmeras\"},{\"@type\":\"BreadcrumbList\",\"@id\":\"https:\/\/www.tamarindos.net\/de\/aparments\/lage-b\/#breadcrumb\",\"itemListElement\":[{\"@type\":\"ListItem\",\"position\":1,\"name\":\"Inicio\",\"item\":\"https:\/\/www.tamarindos.net\/de\/homepage\/\"},{\"@type\":\"ListItem\",\"position\":2,\"name\":\"Apartments\",\"item\":\"https:\/\/www.tamarindos.net\/de\/aparments\/\"},{\"@type\":\"ListItem\",\"position\":3,\"name\":\"Appartements Zone B\"}]},{\"@type\":\"WebSite\",\"@id\":\"https:\/\/www.tamarindos.net\/de\/#website\",\"url\":\"https:\/\/www.tamarindos.net\/de\/\",\"name\":\"Tamarindos\",\"description\":\"Apartamentos en Pe\u00f1\u00edscola\",\"publisher\":{\"@id\":\"https:\/\/www.tamarindos.net\/de\/#organization\"},\"potentialAction\":[{\"@type\":\"SearchAction\",\"target\":{\"@type\":\"EntryPoint\",\"urlTemplate\":\"https:\/\/www.tamarindos.net\/de\/?s={search_term_string}\"},\"query-input\":{\"@type\":\"PropertyValueSpecification\",\"valueRequired\":true,\"valueName\":\"search_term_string\"}}],\"inLanguage\":\"de\"},{\"@type\":\"Organization\",\"@id\":\"https:\/\/www.tamarindos.net\/de\/#organization\",\"name\":\"TAMARINDOS PE\u00d1\u00cdSCOLA\",\"url\":\"https:\/\/www.tamarindos.net\/de\/\",\"logo\":{\"@type\":\"ImageObject\",\"inLanguage\":\"de\",\"@id\":\"https:\/\/www.tamarindos.net\/de\/#\/schema\/logo\/image\/\",\"url\":\"https:\/\/www.tamarindos.net\/wp-content\/uploads\/2019\/10\/A7B9714-compressor-e1571911709586.jpg\",\"contentUrl\":\"https:\/\/www.tamarindos.net\/wp-content\/uploads\/2019\/10\/A7B9714-compressor-e1571911709586.jpg\",\"width\":1024,\"height\":705,\"caption\":\"TAMARINDOS PE\u00d1\u00cdSCOLA\"},\"image\":{\"@id\":\"https:\/\/www.tamarindos.net\/de\/#\/schema\/logo\/image\/\"},\"sameAs\":[\"https:\/\/www.facebook.com\/tamarindos.net\/\",\"https:\/\/x.com\/tamarindospe\",\"https:\/\/www.instagram.com\/apartamentos_tamarindos\/?hl=es\",\"https:\/\/www.youtube.com\/channel\/UCdzAK3I0CHxOUOFg4IIl76g\"]}]}<\/script>\n<!-- \/ Yoast SEO plugin. -->","yoast_head_json":{"title":"Appartements Zone B - Tamarindos","description":"Es handelt sich um einen Komplex von 12 renovierten Wohnungen, die senkrecht zum Meer, vor dem gro\u00dfen Swimmingpool und im Herzen der Gartenanlage liegen.","robots":{"index":"index","follow":"follow","max-snippet":"max-snippet:-1","max-image-preview":"max-image-preview:large","max-video-preview":"max-video-preview:-1"},"canonical":"https:\/\/www.tamarindos.net\/de\/aparments\/lage-b\/","og_locale":"de_DE","og_type":"article","og_title":"Appartements Zone B - Tamarindos","og_description":"Es handelt sich um einen Komplex von 12 renovierten Wohnungen, die senkrecht zum Meer, vor dem gro\u00dfen Swimmingpool und im Herzen der Gartenanlage liegen.","og_url":"https:\/\/www.tamarindos.net\/de\/aparments\/lage-b\/","og_site_name":"Tamarindos","article_publisher":"https:\/\/www.facebook.com\/tamarindos.net\/","article_modified_time":"2026-02-11T11:58:57+00:00","twitter_card":"summary_large_image","twitter_image":"https:\/\/www.tamarindos.net\/wp-content\/uploads\/2019\/12\/zona-B.jpg","twitter_site":"@tamarindospe","twitter_misc":{"Gesch\u00e4tzte Lesezeit":"5\u00a0Minuten"},"schema":{"@context":"https:\/\/schema.org","@graph":[{"@type":"WebPage","@id":"https:\/\/www.tamarindos.net\/de\/aparments\/lage-b\/","url":"https:\/\/www.tamarindos.net\/de\/aparments\/lage-b\/","name":"Appartements Zone B - Tamarindos","isPartOf":{"@id":"https:\/\/www.tamarindos.net\/de\/#website"},"primaryImageOfPage":{"@id":"https:\/\/www.tamarindos.net\/de\/aparments\/lage-b\/#primaryimage"},"image":{"@id":"https:\/\/www.tamarindos.net\/de\/aparments\/lage-b\/#primaryimage"},"thumbnailUrl":"https:\/\/www.tamarindos.net\/wp-content\/uploads\/2019\/12\/zona-B.jpg","datePublished":"2019-02-20T11:37:42+00:00","dateModified":"2026-02-11T11:58:57+00:00","description":"Es handelt sich um einen Komplex von 12 renovierten Wohnungen, die senkrecht zum Meer, vor dem gro\u00dfen Swimmingpool und im Herzen der Gartenanlage liegen.","breadcrumb":{"@id":"https:\/\/www.tamarindos.net\/de\/aparments\/lage-b\/#breadcrumb"},"inLanguage":"de","potentialAction":[{"@type":"ReadAction","target":["https:\/\/www.tamarindos.net\/de\/aparments\/lage-b\/"]}]},{"@type":"ImageObject","inLanguage":"de","@id":"https:\/\/www.tamarindos.net\/de\/aparments\/lage-b\/#primaryimage","url":"https:\/\/www.tamarindos.net\/wp-content\/uploads\/2019\/12\/zona-B.jpg","contentUrl":"https:\/\/www.tamarindos.net\/wp-content\/uploads\/2019\/12\/zona-B.jpg","width":2560,"height":1707,"caption":"Palmeras"},{"@type":"BreadcrumbList","@id":"https:\/\/www.tamarindos.net\/de\/aparments\/lage-b\/#breadcrumb","itemListElement":[{"@type":"ListItem","position":1,"name":"Inicio","item":"https:\/\/www.tamarindos.net\/de\/homepage\/"},{"@type":"ListItem","position":2,"name":"Apartments","item":"https:\/\/www.tamarindos.net\/de\/aparments\/"},{"@type":"ListItem","position":3,"name":"Appartements Zone B"}]},{"@type":"WebSite","@id":"https:\/\/www.tamarindos.net\/de\/#website","url":"https:\/\/www.tamarindos.net\/de\/","name":"Tamarindos","description":"Apartamentos en Pe\u00f1\u00edscola","publisher":{"@id":"https:\/\/www.tamarindos.net\/de\/#organization"},"potentialAction":[{"@type":"SearchAction","target":{"@type":"EntryPoint","urlTemplate":"https:\/\/www.tamarindos.net\/de\/?s={search_term_string}"},"query-input":{"@type":"PropertyValueSpecification","valueRequired":true,"valueName":"search_term_string"}}],"inLanguage":"de"},{"@type":"Organization","@id":"https:\/\/www.tamarindos.net\/de\/#organization","name":"TAMARINDOS PE\u00d1\u00cdSCOLA","url":"https:\/\/www.tamarindos.net\/de\/","logo":{"@type":"ImageObject","inLanguage":"de","@id":"https:\/\/www.tamarindos.net\/de\/#\/schema\/logo\/image\/","url":"https:\/\/www.tamarindos.net\/wp-content\/uploads\/2019\/10\/A7B9714-compressor-e1571911709586.jpg","contentUrl":"https:\/\/www.tamarindos.net\/wp-content\/uploads\/2019\/10\/A7B9714-compressor-e1571911709586.jpg","width":1024,"height":705,"caption":"TAMARINDOS PE\u00d1\u00cdSCOLA"},"image":{"@id":"https:\/\/www.tamarindos.net\/de\/#\/schema\/logo\/image\/"},"sameAs":["https:\/\/www.facebook.com\/tamarindos.net\/","https:\/\/x.com\/tamarindospe","https:\/\/www.instagram.com\/apartamentos_tamarindos\/?hl=es","https:\/\/www.youtube.com\/channel\/UCdzAK3I0CHxOUOFg4IIl76g"]}]}},"_links":{"self":[{"href":"https:\/\/www.tamarindos.net\/de\/wp-json\/wp\/v2\/pages\/1338","targetHints":{"allow":["GET"]}}],"collection":[{"href":"https:\/\/www.tamarindos.net\/de\/wp-json\/wp\/v2\/pages"}],"about":[{"href":"https:\/\/www.tamarindos.net\/de\/wp-json\/wp\/v2\/types\/page"}],"author":[{"embeddable":true,"href":"https:\/\/www.tamarindos.net\/de\/wp-json\/wp\/v2\/users\/2"}],"replies":[{"embeddable":true,"href":"https:\/\/www.tamarindos.net\/de\/wp-json\/wp\/v2\/comments?post=1338"}],"version-history":[{"count":7,"href":"https:\/\/www.tamarindos.net\/de\/wp-json\/wp\/v2\/pages\/1338\/revisions"}],"predecessor-version":[{"id":8643,"href":"https:\/\/www.tamarindos.net\/de\/wp-json\/wp\/v2\/pages\/1338\/revisions\/8643"}],"up":[{"embeddable":true,"href":"https:\/\/www.tamarindos.net\/de\/wp-json\/wp\/v2\/pages\/1325"}],"wp:featuredmedia":[{"embeddable":true,"href":"https:\/\/www.tamarindos.net\/de\/wp-json\/wp\/v2\/media\/3741"}],"wp:attachment":[{"href":"https:\/\/www.tamarindos.net\/de\/wp-json\/wp\/v2\/media?parent=1338"}],"curies":[{"name":"wp","href":"https:\/\/api.w.org\/{rel}","templated":true}]}}